{"id":6407,"date":"2020-02-03T09:33:48","date_gmt":"2020-02-03T08:33:48","guid":{"rendered":"http:\/\/www.euchems.eu\/newsletters\/?page_id=6407"},"modified":"2020-02-04T07:52:48","modified_gmt":"2020-02-04T06:52:48","slug":"members-perspectives","status":"publish","type":"page","link":"https:\/\/www.euchems.eu\/newsletters\/chemistry-in-europe-2020-1\/members-perspectives\/","title":{"rendered":"Members\u00b4 Perspectives"},"content":{"rendered":"<p>[vc_row css=&#8221;.vc_custom_1462799152464{margin-top: 0px !important;margin-right: 0px !important;margin-bottom: 40px !important;margin-left: 0px !important;border-top-width: 0px !important;border-right-width: 0px !important;border-bottom-width: 6px !important;border-left-width: 0px !important;padding-top: 0px !important;padding-right: 0px !important;padding-bottom: 10px !important;padding-left: 0px !important;border-left-color: #003399 !important;border-left-style: solid !important;border-right-color: #003399 !important;border-right-style: solid !important;border-top-color: #003399 !important;border-top-style: solid !important;border-bottom-color: #003399 !important;border-bottom-style: solid !important;}&#8221;][vc_column el_class=&#8221;kw-menu-topics&#8221; css=&#8221;.vc_custom_1462791631311{margin-top: 0px !important;margin-right: 0px !important;margin-bottom: 0px !important;margin-left: 0px !important;}&#8221;][vc_column_text]<\/p>\n<ul>\n<li><a href=\"https:\/\/www.euchems.eu\/newsletters\/chemistry-in-europe-2020-1\/\">2020-1<\/a><\/li>\n<li><a href=\"https:\/\/www.euchems.eu\/newsletters\/chemistry-in-europe-2020-1\/policy\/\">Policy<\/a><\/li>\n<li><a href=\"https:\/\/www.euchems.eu\/newsletters\/chemistry-in-europe-2020-1\/research\/\">Research<\/a><\/li>\n<li class=\"topic-current\"><a href=\"https:\/\/www.euchems.eu\/newsletters\/chemistry-in-europe-2020-1\/members-perspectives\/\">Members\u00b4 Perspectives<\/a><\/li>\n<li><a href=\"https:\/\/www.euchems.eu\/newsletters\/chemistry-in-europe-2020-1\/meet\/\">Meet&#8230;<\/a><\/li>\n<li><a href=\"https:\/\/www.euchems.eu\/newsletters\/chemistry-in-europe-2020-1\/notes\/\">Notes<\/a><\/li>\n<li><a href=\"https:\/\/www.euchems.eu\/newsletters\/chemistry-in-europe-2020-1\/calendar\/\">Calendar<\/a><\/li>\n<li><a href=\"https:\/\/www.euchems.eu\/newsletters\/chemistry-in-europe-2020-1\/fun-fact\/\">Fun fact<\/a><\/li>\n<li><a href=\"https:\/\/www.euchems.eu\/newsletters\/chemistry-in-europe-2020-1\/colophon\/\">Colophon<\/a><\/li>\n<\/ul>\n<p>[\/vc_column_text][\/vc_column][\/vc_row][vc_row][vc_column][mnky_heading title=&#8221;Members Perspectives&#8221; color=&#8221;#457ae6&#8243; line_color=&#8221;#e2e2e2&#8243; line_part_color=&#8221;#457ae6&#8243;][\/vc_column][\/vc_row][vc_row css=&#8221;.vc_custom_1462798912371{margin-bottom: 40px !important;}&#8221;][vc_column][vc_column_text]<\/p>\n<h2><span style=\"font-size: 36pt; color: #003399;\"><strong><span style=\"font-size: 24pt;\">The Hungarian Record attempt for the great Periodic Table Performance<br \/>\n<\/span><\/strong><\/span><\/h2>\n<p><img data-attachment-id=\"6440\" data-permalink=\"https:\/\/www.euchems.eu\/newsletters\/chemistry-in-europe-2020-1\/members-perspectives\/picture-2-2\/\" data-orig-file=\"https:\/\/i0.wp.com\/www.euchems.eu\/newsletters\/wp-content\/uploads\/2020\/02\/Picture-2-1.png?fit=300%2C213&amp;ssl=1\" data-orig-size=\"300,213\" data-comments-opened=\"0\" data-image-meta=\"{&quot;aperture&quot;:&quot;0&quot;,&quot;credit&quot;:&quot;&quot;,&quot;camera&quot;:&quot;&quot;,&quot;caption&quot;:&quot;&quot;,&quot;created_timestamp&quot;:&quot;0&quot;,&quot;copyright&quot;:&quot;&quot;,&quot;focal_length&quot;:&quot;0&quot;,&quot;iso&quot;:&quot;0&quot;,&quot;shutter_speed&quot;:&quot;0&quot;,&quot;title&quot;:&quot;&quot;,&quot;orientation&quot;:&quot;0&quot;}\" data-image-title=\"Picture-2\" data-image-description=\"\" data-image-caption=\"\" data-medium-file=\"https:\/\/i0.wp.com\/www.euchems.eu\/newsletters\/wp-content\/uploads\/2020\/02\/Picture-2-1.png?fit=300%2C213&amp;ssl=1\" data-large-file=\"https:\/\/i0.wp.com\/www.euchems.eu\/newsletters\/wp-content\/uploads\/2020\/02\/Picture-2-1.png?fit=300%2C213&amp;ssl=1\" loading=\"lazy\" class=\"alignleft size-full wp-image-6440\" src=\"https:\/\/i0.wp.com\/www.euchems.eu\/newsletters\/wp-content\/uploads\/2020\/02\/Picture-2-1.png?resize=300%2C213\" alt=\"\" width=\"300\" height=\"213\" data-recalc-dims=\"1\" \/>At the end of the 150<sup>th<\/sup> international memorial year of the periodic table, on 13 December 2019, the Hungarian Record attempt for the great Periodic Table Performance was organized jointly by the Eszterh\u00e1zy K\u00e1roly University in Eger and the Chemistry-teachers Division of the Hungarian Chemical Society (HCS). The purpose of the Record attempt was the innovative and creative presentation of the periodic table in the form of a flashmob by teams of 118 members each (as many as the number of elements in the periodic table). The nationwide action took place at the same time (at 11 a.m.) at more than 60 schools and educational establishments, including three universities with the participation of almost 8000 students. The launch signal for the performances was given on Kossuth Radio by Zolt\u00e1n Mur\u00e1nyi, co-organizer of the Record attempt and a lecturer of Eszterh\u00e1zy K\u00e1roly University. The teams chose different ways to visualize the periodic table. At some locations, the performance was based on the idea of the chronological discovery of the chemical elements represented by older and younger students wearing colorful T-shirts. Elsewhere, the elements drawn on colored paper or umbrellas were simultaneously lifted towards the sky and the performance was recorded from above with a drone. The events had to be authentically documented by uploading <img data-attachment-id=\"6439\" data-permalink=\"https:\/\/www.euchems.eu\/newsletters\/chemistry-in-europe-2020-1\/members-perspectives\/picture-1-3\/\" data-orig-file=\"https:\/\/i0.wp.com\/www.euchems.eu\/newsletters\/wp-content\/uploads\/2020\/02\/Picture-1-2.png?fit=300%2C193&amp;ssl=1\" data-orig-size=\"300,193\" data-comments-opened=\"0\" data-image-meta=\"{&quot;aperture&quot;:&quot;0&quot;,&quot;credit&quot;:&quot;&quot;,&quot;camera&quot;:&quot;&quot;,&quot;caption&quot;:&quot;&quot;,&quot;created_timestamp&quot;:&quot;0&quot;,&quot;copyright&quot;:&quot;&quot;,&quot;focal_length&quot;:&quot;0&quot;,&quot;iso&quot;:&quot;0&quot;,&quot;shutter_speed&quot;:&quot;0&quot;,&quot;title&quot;:&quot;&quot;,&quot;orientation&quot;:&quot;0&quot;}\" data-image-title=\"Picture-1\" data-image-description=\"\" data-image-caption=\"\" data-medium-file=\"https:\/\/i0.wp.com\/www.euchems.eu\/newsletters\/wp-content\/uploads\/2020\/02\/Picture-1-2.png?fit=300%2C193&amp;ssl=1\" data-large-file=\"https:\/\/i0.wp.com\/www.euchems.eu\/newsletters\/wp-content\/uploads\/2020\/02\/Picture-1-2.png?fit=300%2C193&amp;ssl=1\" loading=\"lazy\" class=\"size-full wp-image-6439 alignright\" src=\"https:\/\/i0.wp.com\/www.euchems.eu\/newsletters\/wp-content\/uploads\/2020\/02\/Picture-1-2.png?resize=300%2C193\" alt=\"\" width=\"300\" height=\"193\" data-recalc-dims=\"1\" \/>up to 10 photos or up to 1.5 minutes of video proving the exact number of participants, to the dedicated temporary website of HCS. Based on the images, a professional jury selected the top 3 performances, and it was also possible to vote online for an audience prize. The Record attempt was <strong>successful<\/strong>, and it is as secure <strong>as covalent bonding that it was a great fun for all participants<\/strong>. Yet importantly, the national initiative has contributed to the promotion of chemistry among students.<\/p>\n<p style=\"text-align: right;\"><em>\u00c9va Frank<br \/>\nHCS Correspondent<br \/>\n<\/em><\/p>\n<p>[\/vc_column_text][vc_separator][vc_column_text]<\/p>\n<h2><span style=\"font-size: 36pt; color: #003399;\"><strong><span style=\"font-size: 24pt;\">Russian AKKORK is partner agency of ECTN<\/span><\/strong><\/span><\/h2>\n<figure id=\"attachment_6442\" aria-describedby=\"caption-attachment-6442\" style=\"width: 600px\" class=\"wp-caption alignright\"><img data-attachment-id=\"6442\" data-permalink=\"https:\/\/www.euchems.eu\/newsletters\/chemistry-in-europe-2020-1\/members-perspectives\/stpetersburg19\/\" data-orig-file=\"https:\/\/i0.wp.com\/www.euchems.eu\/newsletters\/wp-content\/uploads\/2020\/02\/StPetersburg19.jpg?fit=600%2C450&amp;ssl=1\" data-orig-size=\"600,450\" data-comments-opened=\"0\" data-image-meta=\"{&quot;aperture&quot;:&quot;2.2&quot;,&quot;credit&quot;:&quot;&quot;,&quot;camera&quot;:&quot;iPhone SE&quot;,&quot;caption&quot;:&quot;&quot;,&quot;created_timestamp&quot;:&quot;1568641127&quot;,&quot;copyright&quot;:&quot;&quot;,&quot;focal_length&quot;:&quot;4.15&quot;,&quot;iso&quot;:&quot;200&quot;,&quot;shutter_speed&quot;:&quot;0.05&quot;,&quot;title&quot;:&quot;&quot;,&quot;orientation&quot;:&quot;1&quot;}\" data-image-title=\"StPetersburg19\" data-image-description=\"\" data-image-caption=\"&lt;p&gt;D. I. Mendeleev at his writing desk, accompanied by (from right) Pavel Dra\u0161ar (Chair of the ECTN Label Committee), Erika Soboleva Director of AKKORK), Gergely Toth (Member of the ECTN Label Committee), Reiner Salzer (past-Chair of the ECTN Label Committee).&lt;\/p&gt;\n\" data-medium-file=\"https:\/\/i0.wp.com\/www.euchems.eu\/newsletters\/wp-content\/uploads\/2020\/02\/StPetersburg19.jpg?fit=300%2C225&amp;ssl=1\" data-large-file=\"https:\/\/i0.wp.com\/www.euchems.eu\/newsletters\/wp-content\/uploads\/2020\/02\/StPetersburg19.jpg?fit=600%2C450&amp;ssl=1\" loading=\"lazy\" class=\"size-full wp-image-6442\" src=\"https:\/\/i0.wp.com\/www.euchems.eu\/newsletters\/wp-content\/uploads\/2020\/02\/StPetersburg19.jpg?resize=600%2C450\" alt=\"\" width=\"600\" height=\"450\" data-recalc-dims=\"1\" \/><figcaption id=\"caption-attachment-6442\" class=\"wp-caption-text\">D. I. Mendeleev at his writing desk, accompanied by (from right) Pavel Dra\u0161ar (Chair of the ECTN Label Committee), Erika Soboleva (Director of AKKORK), Gergely Toth (Member of the ECTN Label Committee), Reiner Salzer (past-Chair of the ECTN Label Committee).<\/figcaption><\/figure>\n<p>The Chemistry Eurobachelor<strong><sup>\u00ae<\/sup><\/strong> label was introduced in 2004 as first international recognition of high-quality educational programmes in chemistry. The labels Chemistry Euromaster<strong><sup>\u00ae<\/sup><\/strong> and Chemistry Doctorate Eurolabel<strong><sup>\u00ae<\/sup><\/strong> followed subsequently. Some national accreditation agencies became partners of ECTN for awarding the <a href=\"http:\/\/ectn.eu\/committees\/label\">Chemistry Eurolabel<strong><sup>\u00ae<\/sup><\/strong><\/a>. Contracts with the Russian accreditation agency <a href=\"%5bhttp:\/www.akkork.ru\/e\/%5d\">AKKORK<\/a> and <a href=\"%5bhttps:\/ptchem.pl\/en%5d\">the Polish Chemical Society<\/a> have been signed last year.<\/p>\n<p>AKKORK already assessed applications for Chemistry Eurolabels. The University St. Petersburg, one of the two top Russian State Universities, submitted a set of four applications for Eurolabels at Bachelor\u2019s, Master\u2019s and Ph.D. levels. All four applications have been successful. ECTN provided coaching for new AKKORK Eurolabel<strong><sup>\u00ae<\/sup><\/strong> experts in St. Petersburg. A coaching comprises several online tasks for the trainees and is concluded by an intense seminar. This coaching took place in the Headquarters of St. Petersburg State University, across the Mendeleev Museum. D. I. Mendeleev lived here between 1866 and 1890. His personal archive counts over 16,000 items with manuscripts, letters, and diaries. All participants enjoyed the visit to the recommendable exposition with plenty of authentic exhibits. AKKORK is now expecting more Eurolabel<strong><sup>\u00ae<\/sup><\/strong> applications from Russia.<\/p>\n<p style=\"text-align: right;\"><em>Reiner Salzer<br \/>\npast-Chair of ECTN Label Committee<br \/>\n<\/em><\/p>\n<p>[\/vc_column_text][\/vc_column][\/vc_row][vc_row][vc_column][\/vc_column][\/vc_row]<\/p>\n","protected":false},"excerpt":{"rendered":"<p>[vc_row css=&#8221;.vc_custom_1462799152464{margin-top: 0px !important;margin-right: 0px !important;margin-bottom: 40px !important;margin-left: 0px !important;border-top-width: 0px !important;border-right-width: 0px !important;border-bottom-width: 6px !important;border-left-width: 0px !important;padding-top: 0px !important;padding-right: &hellip; <\/p>\n","protected":false},"author":1,"featured_media":0,"parent":6395,"menu_order":0,"comment_status":"closed","ping_status":"closed","template":"","meta":{"jetpack_post_was_ever_published":false},"yoast_head":"<!-- This site is optimized with the Yoast SEO plugin v20.6 - https:\/\/yoast.com\/wordpress\/plugins\/seo\/ -->\n<title>Members\u00b4 Perspectives - EuChemS Newsletters<\/title>\n<meta name=\"robots\" content=\"index, follow, max-snippet:-1, max-image-preview:large, max-video-preview:-1\" \/>\n<link rel=\"canonical\" href=\"https:\/\/www.euchems.eu\/newsletters\/chemistry-in-europe-2020-1\/members-perspectives\/\" \/>\n<meta property=\"og:locale\" content=\"en_US\" \/>\n<meta property=\"og:type\" content=\"article\" \/>\n<meta property=\"og:title\" content=\"Members\u00b4 Perspectives - EuChemS Newsletters\" \/>\n<meta property=\"og:description\" content=\"[vc_row css=&#8221;.vc_custom_1462799152464{margin-top: 0px !important;margin-right: 0px !important;margin-bottom: 40px !important;margin-left: 0px !important;border-top-width: 0px !important;border-right-width: 0px !important;border-bottom-width: 6px !important;border-left-width: 0px !important;padding-top: 0px !important;padding-right: &hellip;\" \/>\n<meta property=\"og:url\" content=\"https:\/\/www.euchems.eu\/newsletters\/chemistry-in-europe-2020-1\/members-perspectives\/\" \/>\n<meta property=\"og:site_name\" content=\"EuChemS Newsletters\" \/>\n<meta property=\"article:modified_time\" content=\"2020-02-04T06:52:48+00:00\" \/>\n<meta property=\"og:image\" content=\"http:\/\/www.euchems.eu\/newsletters\/wp-content\/uploads\/2020\/02\/Picture-2-1.png\" \/>\n<meta name=\"twitter:card\" content=\"summary_large_image\" \/>\n<meta name=\"twitter:label1\" content=\"Est. reading time\" \/>\n\t<meta name=\"twitter:data1\" content=\"4 minutes\" \/>\n<script type=\"application\/ld+json\" class=\"yoast-schema-graph\">{\"@context\":\"https:\/\/schema.org\",\"@graph\":[{\"@type\":\"WebPage\",\"@id\":\"https:\/\/www.euchems.eu\/newsletters\/chemistry-in-europe-2020-1\/members-perspectives\/\",\"url\":\"https:\/\/www.euchems.eu\/newsletters\/chemistry-in-europe-2020-1\/members-perspectives\/\",\"name\":\"Members\u00b4 Perspectives - EuChemS Newsletters\",\"isPartOf\":{\"@id\":\"https:\/\/www.euchems.eu\/newsletters\/#website\"},\"datePublished\":\"2020-02-03T08:33:48+00:00\",\"dateModified\":\"2020-02-04T06:52:48+00:00\",\"breadcrumb\":{\"@id\":\"https:\/\/www.euchems.eu\/newsletters\/chemistry-in-europe-2020-1\/members-perspectives\/#breadcrumb\"},\"inLanguage\":\"en-US\",\"potentialAction\":[{\"@type\":\"ReadAction\",\"target\":[\"https:\/\/www.euchems.eu\/newsletters\/chemistry-in-europe-2020-1\/members-perspectives\/\"]}]},{\"@type\":\"BreadcrumbList\",\"@id\":\"https:\/\/www.euchems.eu\/newsletters\/chemistry-in-europe-2020-1\/members-perspectives\/#breadcrumb\",\"itemListElement\":[{\"@type\":\"ListItem\",\"position\":1,\"name\":\"Home\",\"item\":\"https:\/\/www.euchems.eu\/newsletters\/\"},{\"@type\":\"ListItem\",\"position\":2,\"name\":\"Chemistry in Europe \u2022 2020-1\",\"item\":\"https:\/\/www.euchems.eu\/newsletters\/chemistry-in-europe-2020-1\/\"},{\"@type\":\"ListItem\",\"position\":3,\"name\":\"Members\u00b4 Perspectives\"}]},{\"@type\":\"WebSite\",\"@id\":\"https:\/\/www.euchems.eu\/newsletters\/#website\",\"url\":\"https:\/\/www.euchems.eu\/newsletters\/\",\"name\":\"EuChemS Newsletters\",\"description\":\"\",\"potentialAction\":[{\"@type\":\"SearchAction\",\"target\":{\"@type\":\"EntryPoint\",\"urlTemplate\":\"https:\/\/www.euchems.eu\/newsletters\/?s={search_term_string}\"},\"query-input\":\"required name=search_term_string\"}],\"inLanguage\":\"en-US\"}]}<\/script>\n<!-- \/ Yoast SEO plugin. -->","yoast_head_json":{"title":"Members\u00b4 Perspectives - EuChemS Newsletters","robots":{"index":"index","follow":"follow","max-snippet":"max-snippet:-1","max-image-preview":"max-image-preview:large","max-video-preview":"max-video-preview:-1"},"canonical":"https:\/\/www.euchems.eu\/newsletters\/chemistry-in-europe-2020-1\/members-perspectives\/","og_locale":"en_US","og_type":"article","og_title":"Members\u00b4 Perspectives - EuChemS Newsletters","og_description":"[vc_row css=&#8221;.vc_custom_1462799152464{margin-top: 0px !important;margin-right: 0px !important;margin-bottom: 40px !important;margin-left: 0px !important;border-top-width: 0px !important;border-right-width: 0px !important;border-bottom-width: 6px !important;border-left-width: 0px !important;padding-top: 0px !important;padding-right: &hellip;","og_url":"https:\/\/www.euchems.eu\/newsletters\/chemistry-in-europe-2020-1\/members-perspectives\/","og_site_name":"EuChemS Newsletters","article_modified_time":"2020-02-04T06:52:48+00:00","og_image":[{"url":"http:\/\/www.euchems.eu\/newsletters\/wp-content\/uploads\/2020\/02\/Picture-2-1.png"}],"twitter_card":"summary_large_image","twitter_misc":{"Est. reading time":"4 minutes"},"schema":{"@context":"https:\/\/schema.org","@graph":[{"@type":"WebPage","@id":"https:\/\/www.euchems.eu\/newsletters\/chemistry-in-europe-2020-1\/members-perspectives\/","url":"https:\/\/www.euchems.eu\/newsletters\/chemistry-in-europe-2020-1\/members-perspectives\/","name":"Members\u00b4 Perspectives - EuChemS Newsletters","isPartOf":{"@id":"https:\/\/www.euchems.eu\/newsletters\/#website"},"datePublished":"2020-02-03T08:33:48+00:00","dateModified":"2020-02-04T06:52:48+00:00","breadcrumb":{"@id":"https:\/\/www.euchems.eu\/newsletters\/chemistry-in-europe-2020-1\/members-perspectives\/#breadcrumb"},"inLanguage":"en-US","potentialAction":[{"@type":"ReadAction","target":["https:\/\/www.euchems.eu\/newsletters\/chemistry-in-europe-2020-1\/members-perspectives\/"]}]},{"@type":"BreadcrumbList","@id":"https:\/\/www.euchems.eu\/newsletters\/chemistry-in-europe-2020-1\/members-perspectives\/#breadcrumb","itemListElement":[{"@type":"ListItem","position":1,"name":"Home","item":"https:\/\/www.euchems.eu\/newsletters\/"},{"@type":"ListItem","position":2,"name":"Chemistry in Europe \u2022 2020-1","item":"https:\/\/www.euchems.eu\/newsletters\/chemistry-in-europe-2020-1\/"},{"@type":"ListItem","position":3,"name":"Members\u00b4 Perspectives"}]},{"@type":"WebSite","@id":"https:\/\/www.euchems.eu\/newsletters\/#website","url":"https:\/\/www.euchems.eu\/newsletters\/","name":"EuChemS Newsletters","description":"","potentialAction":[{"@type":"SearchAction","target":{"@type":"EntryPoint","urlTemplate":"https:\/\/www.euchems.eu\/newsletters\/?s={search_term_string}"},"query-input":"required name=search_term_string"}],"inLanguage":"en-US"}]}},"jetpack_shortlink":"https:\/\/wp.me\/P7iPLy-1Fl","jetpack_sharing_enabled":true,"_links":{"self":[{"href":"https:\/\/www.euchems.eu\/newsletters\/wp-json\/wp\/v2\/pages\/6407"}],"collection":[{"href":"https:\/\/www.euchems.eu\/newsletters\/wp-json\/wp\/v2\/pages"}],"about":[{"href":"https:\/\/www.euchems.eu\/newsletters\/wp-json\/wp\/v2\/types\/page"}],"author":[{"embeddable":true,"href":"https:\/\/www.euchems.eu\/newsletters\/wp-json\/wp\/v2\/users\/1"}],"replies":[{"embeddable":true,"href":"https:\/\/www.euchems.eu\/newsletters\/wp-json\/wp\/v2\/comments?post=6407"}],"version-history":[{"count":7,"href":"https:\/\/www.euchems.eu\/newsletters\/wp-json\/wp\/v2\/pages\/6407\/revisions"}],"predecessor-version":[{"id":6506,"href":"https:\/\/www.euchems.eu\/newsletters\/wp-json\/wp\/v2\/pages\/6407\/revisions\/6506"}],"up":[{"embeddable":true,"href":"https:\/\/www.euchems.eu\/newsletters\/wp-json\/wp\/v2\/pages\/6395"}],"wp:attachment":[{"href":"https:\/\/www.euchems.eu\/newsletters\/wp-json\/wp\/v2\/media?parent=6407"}],"curies":[{"name":"wp","href":"https:\/\/api.w.org\/{rel}","templated":true}]}}