{"id":5822,"date":"2019-07-29T10:34:24","date_gmt":"2019-07-29T09:34:24","guid":{"rendered":"http:\/\/www.euchems.eu\/newsletters\/?page_id=5822"},"modified":"2019-07-29T15:24:07","modified_gmt":"2019-07-29T14:24:07","slug":"members-perspectives","status":"publish","type":"page","link":"https:\/\/www.euchems.eu\/newsletters\/chemistry-in-europe-2019-3\/members-perspectives\/","title":{"rendered":"Members\u00b4 Perspectives"},"content":{"rendered":"<p>[vc_row css=&#8221;.vc_custom_1462799152464{margin-top: 0px !important;margin-right: 0px !important;margin-bottom: 40px !important;margin-left: 0px !important;border-top-width: 0px !important;border-right-width: 0px !important;border-bottom-width: 6px !important;border-left-width: 0px !important;padding-top: 0px !important;padding-right: 0px !important;padding-bottom: 10px !important;padding-left: 0px !important;border-left-color: #003399 !important;border-left-style: solid !important;border-right-color: #003399 !important;border-right-style: solid !important;border-top-color: #003399 !important;border-top-style: solid !important;border-bottom-color: #003399 !important;border-bottom-style: solid !important;}&#8221;][vc_column el_class=&#8221;kw-menu-topics&#8221; css=&#8221;.vc_custom_1462791631311{margin-top: 0px !important;margin-right: 0px !important;margin-bottom: 0px !important;margin-left: 0px !important;}&#8221;][vc_column_text]<\/p>\n<ul>\n<li><a href=\"https:\/\/www.euchems.eu\/newsletters\/chemistry-in-europe-2019-3\/\">2019-3<\/a><\/li>\n<li><a href=\"https:\/\/www.euchems.eu\/newsletters\/chemistry-in-europe-2019-3\/policy\/\">Policy<\/a><\/li>\n<li><a href=\"https:\/\/www.euchems.eu\/newsletters\/chemistry-in-europe-2019-3\/research\/\">Research<\/a><\/li>\n<li class=\"topic-current\"><a href=\"https:\/\/www.euchems.eu\/newsletters\/chemistry-in-europe-2019-3\/members-perspectives\/\">Members\u00b4 Perspectives<\/a><\/li>\n<li><a href=\"https:\/\/www.euchems.eu\/newsletters\/chemistry-in-europe-2019-3\/meet\/\">Meet&#8230;<\/a><\/li>\n<li><a href=\"https:\/\/www.euchems.eu\/newsletters\/chemistry-in-europe-2019-3\/notes-2\/\">Notes<\/a><\/li>\n<li><a href=\"https:\/\/www.euchems.eu\/newsletters\/chemistry-in-europe-2019-3\/calendar\/\">Calendar<\/a><\/li>\n<li><a href=\"https:\/\/www.euchems.eu\/newsletters\/chemistry-in-europe-2019-3\/funny\/\">Funny<\/a><\/li>\n<li><a href=\"https:\/\/www.euchems.eu\/newsletters\/chemistry-in-europe-2019-3\/colophon\/\">Colophon<\/a><\/li>\n<\/ul>\n<p>[\/vc_column_text][\/vc_column][\/vc_row][vc_row][vc_column][mnky_heading title=&#8221;Members Perspectives&#8221; color=&#8221;#457ae6&#8243; line_color=&#8221;#e2e2e2&#8243; line_part_color=&#8221;#457ae6&#8243;][\/vc_column][\/vc_row][vc_row css=&#8221;.vc_custom_1462798912371{margin-bottom: 40px !important;}&#8221;][vc_column][vc_column_text]<\/p>\n<h2><span style=\"font-size: 36pt; color: #003399;\"><strong><span style=\"font-size: 24pt;\">Explore &#8220;Chemistry Between Us&#8221;!<\/span><\/strong><\/span><\/h2>\n<h3>National Chemistry Conference of the Hungarian Chemical Society 2019<\/h3>\n<p>In line with its integrative role in the national chemical community, the Hungarian Chemical Society (HCS) is committed to organising a recurring conference to inform a wide range of professionals about the diverse knowledge and application practices of Hungarian chemists. The National Chemistry Conference with the special motto <em>\u2018Chemistry between us\u2019 <\/em>was held between 24-26 June this year at Eszterh\u00e1zy K\u00e1roly University in Eger (Hungary). On the opening day, P\u00e9ter Szalay (Chairman of the Scientific Organising Committee, Deputy Secretary-General of HCS), Csaba Sz\u00e1ntay (Member of the Scientific Organising Committee, Vice-President of HCS) and Zolt\u00e1n Mur\u00e1nyi (Executive Committee Member of HCS) on behalf of the host Institution welcomed more than 150 participants, one third of which were undergraduate students, PhD students and young scientists. The event provided opportunities for participants from various research fields (synthetic chemistry, environmental analytics\/food chemistry, material sciences, plastic and coating chemistry, chemical sensors, oil industry and drug research) to gain insight into each other&#8217;s disciplines. The thematic sections involving 20-25-min keynote lectures were followed each day by longer panel discussions or educational roundtables, and, as a novelty, the two poster sessions with 68 posters on different topics were introduced by flash presentations. The best poster awards were announced and handed over at the banquet by the Members of the Poster Evaluating Committee on the second day. The conference ended with a closing ceremony where Csaba Sz\u00e1ntay briefly evaluated the 3-day programme and Istv\u00e1n P\u00e1link\u00f3 (Secretary-General of HCS) closed the meeting, which created an excellent platform for young researchers, academics, industrial participants and students to share their research outcomes, to enrich their personal, professional and social relationships and develop new and fruitful collaborations.<\/p>\n<p style=\"text-align: right;\"><em>\u00c9va Frank<\/em><br \/>\n<em>Correspondent, Hungarian Chemical Society<\/em><\/p>\n<p>[\/vc_column_text][vc_separator][vc_column_text]<\/p>\n<h2><span style=\"font-size: 36pt; color: #003399;\"><strong><span style=\"font-size: 24pt;\">100 years of Romanian Chemistry<\/span><\/strong><\/span><\/h2>\n<p><img data-attachment-id=\"5824\" data-permalink=\"https:\/\/www.euchems.eu\/newsletters\/chemistry-in-europe-2019-3\/members-perspectives\/picture-1c\/\" data-orig-file=\"https:\/\/i0.wp.com\/www.euchems.eu\/newsletters\/wp-content\/uploads\/2019\/07\/picture-1c.jpg?fit=3008%2C2000&amp;ssl=1\" data-orig-size=\"3008,2000\" data-comments-opened=\"0\" data-image-meta=\"{&quot;aperture&quot;:&quot;3.5&quot;,&quot;credit&quot;:&quot;&quot;,&quot;camera&quot;:&quot;NIKON D3200&quot;,&quot;caption&quot;:&quot;&quot;,&quot;created_timestamp&quot;:&quot;1519510218&quot;,&quot;copyright&quot;:&quot;&quot;,&quot;focal_length&quot;:&quot;18&quot;,&quot;iso&quot;:&quot;640&quot;,&quot;shutter_speed&quot;:&quot;0.016666666666667&quot;,&quot;title&quot;:&quot;&quot;,&quot;orientation&quot;:&quot;1&quot;}\" data-image-title=\"picture 1c\" data-image-description=\"\" data-image-caption=\"\" data-medium-file=\"https:\/\/i0.wp.com\/www.euchems.eu\/newsletters\/wp-content\/uploads\/2019\/07\/picture-1c.jpg?fit=300%2C199&amp;ssl=1\" data-large-file=\"https:\/\/i0.wp.com\/www.euchems.eu\/newsletters\/wp-content\/uploads\/2019\/07\/picture-1c.jpg?fit=940%2C625&amp;ssl=1\" loading=\"lazy\" class=\"alignleft wp-image-5824 size-medium\" src=\"https:\/\/i0.wp.com\/www.euchems.eu\/newsletters\/wp-content\/uploads\/2019\/07\/picture-1c.jpg?resize=300%2C199\" alt=\"\" width=\"300\" height=\"199\" srcset=\"https:\/\/i0.wp.com\/www.euchems.eu\/newsletters\/wp-content\/uploads\/2019\/07\/picture-1c.jpg?resize=300%2C199&amp;ssl=1 300w, https:\/\/i0.wp.com\/www.euchems.eu\/newsletters\/wp-content\/uploads\/2019\/07\/picture-1c.jpg?resize=768%2C511&amp;ssl=1 768w, https:\/\/i0.wp.com\/www.euchems.eu\/newsletters\/wp-content\/uploads\/2019\/07\/picture-1c.jpg?resize=1024%2C681&amp;ssl=1 1024w, https:\/\/i0.wp.com\/www.euchems.eu\/newsletters\/wp-content\/uploads\/2019\/07\/picture-1c.jpg?w=1880 1880w, https:\/\/i0.wp.com\/www.euchems.eu\/newsletters\/wp-content\/uploads\/2019\/07\/picture-1c.jpg?w=2820 2820w\" sizes=\"(max-width: 300px) 100vw, 300px\" data-recalc-dims=\"1\" \/>As for many other chemical societies around Europe, 2019 is a special year, as we celebrate the 100-years of the Romanian Chemical Society. A century ago a group of Romanian chemists decided to create the Romanian Chemical Society (SChR) starting from an existing active branch of a Romanian Society for Sciences, which dated back to 1890.\u00a0 The decision was mainly based on the IUPAC requirement to have the word \u2018\u2019chemistry\u201d within the name of the society in order to be able to affiliate to the international organism. The newly created Romanian Chemical Society was very active, was affiliated to IUPAC in 1921 and was organising the 6<sup>th<\/sup> IUPAC Congress in Bucharest by 1925. Many of its members (St. Minovici, C.D. Nenitescu, E. Angelescu and many others) played active roles in IUPAC scientific sections and had large international collaboration networks.<\/p>\n<p>The celebration of the Romanian Chemical Society\u2019s Centenary officially started in 2018. Seven chemical conferences were organised by the SChR in various cities of Romanian on this special occasion. Starting with the 10<sup>eme<\/sup> Colloque Franco-Roumain de Chimie Appliqu\u00e9e (COFrRoCA 2018) in Bacau, the 5<sup>th<\/sup> International Congress on Chemistry for Cultural Heritage in Bucharest, the 10<sup>th<\/sup> National Chemical Conference for Teachers in Targoviste, the Analytical Chemistry Conference RO-ICAC in Bucharest, the XXXV<sup>th<\/sup> Romanian Chemistry Conference in Calimanesti Caciulata, the 9<sup>th<\/sup> International Conference of the Chemical Societies of the South-Eastern European Countries (ICOSEC9) in Targoviste and ending with the one that will take place in October this year: the 21<sup>st<\/sup> Romanian International Conference on Chemistry and Chemical Engineering (RICCCE) in Mamaia-Constan\u021ba. Several other meetings, sessions, workshops took place honouring the 100 years of chemistry.<img data-attachment-id=\"5825\" data-permalink=\"https:\/\/www.euchems.eu\/newsletters\/chemistry-in-europe-2019-3\/members-perspectives\/picture-2-for-print-version\/\" data-orig-file=\"https:\/\/i0.wp.com\/www.euchems.eu\/newsletters\/wp-content\/uploads\/2019\/07\/Picture-2-for-print-version.jpg?fit=3008%2C2000&amp;ssl=1\" data-orig-size=\"3008,2000\" data-comments-opened=\"0\" data-image-meta=\"{&quot;aperture&quot;:&quot;5.3&quot;,&quot;credit&quot;:&quot;&quot;,&quot;camera&quot;:&quot;NIKON D3200&quot;,&quot;caption&quot;:&quot;&quot;,&quot;created_timestamp&quot;:&quot;1519514005&quot;,&quot;copyright&quot;:&quot;&quot;,&quot;focal_length&quot;:&quot;40&quot;,&quot;iso&quot;:&quot;1600&quot;,&quot;shutter_speed&quot;:&quot;0.016666666666667&quot;,&quot;title&quot;:&quot;&quot;,&quot;orientation&quot;:&quot;1&quot;}\" data-image-title=\"Picture 2 &#8211; for print version\" data-image-description=\"\" data-image-caption=\"\" data-medium-file=\"https:\/\/i0.wp.com\/www.euchems.eu\/newsletters\/wp-content\/uploads\/2019\/07\/Picture-2-for-print-version.jpg?fit=300%2C199&amp;ssl=1\" data-large-file=\"https:\/\/i0.wp.com\/www.euchems.eu\/newsletters\/wp-content\/uploads\/2019\/07\/Picture-2-for-print-version.jpg?fit=940%2C625&amp;ssl=1\" loading=\"lazy\" class=\"alignright wp-image-5825 size-medium\" src=\"https:\/\/i0.wp.com\/www.euchems.eu\/newsletters\/wp-content\/uploads\/2019\/07\/Picture-2-for-print-version.jpg?resize=300%2C199\" alt=\"\" width=\"300\" height=\"199\" srcset=\"https:\/\/i0.wp.com\/www.euchems.eu\/newsletters\/wp-content\/uploads\/2019\/07\/Picture-2-for-print-version.jpg?resize=300%2C199&amp;ssl=1 300w, https:\/\/i0.wp.com\/www.euchems.eu\/newsletters\/wp-content\/uploads\/2019\/07\/Picture-2-for-print-version.jpg?resize=768%2C511&amp;ssl=1 768w, https:\/\/i0.wp.com\/www.euchems.eu\/newsletters\/wp-content\/uploads\/2019\/07\/Picture-2-for-print-version.jpg?resize=1024%2C681&amp;ssl=1 1024w, https:\/\/i0.wp.com\/www.euchems.eu\/newsletters\/wp-content\/uploads\/2019\/07\/Picture-2-for-print-version.jpg?w=1880 1880w, https:\/\/i0.wp.com\/www.euchems.eu\/newsletters\/wp-content\/uploads\/2019\/07\/Picture-2-for-print-version.jpg?w=2820 2820w\" sizes=\"(max-width: 300px) 100vw, 300px\" data-recalc-dims=\"1\" \/><\/p>\n<p>SChR decided to celebrate its anniversary by honouring its former members. As such, three books containing short bibliographic descriptions were published. One of the books collects the ten important bibliographical presentations of the \u201cRomanian Chemical School Creators\u201d, the second one presents \u201cPortraits of remarkable women from the history of Romanian chemistry\u201d and the third one presents 42 \u201cPersonalities of Romanian chemistry from research and education\u201d.<\/p>\n<p>In the middle of June 2019, members of SChR from all corners of Romania, gathered in Bucharest, for the SChR Centenary Festive Assembly. The emotions spread into the room when Prof. Rosca (president of SChR) guided the audience through the life of the society from its conception until today. The celebration was followed by the Award Ceremony of SChR when many active members were awarded alongside institutional and industrial partners of SChR. On this occasion the Centenary Medal of SChR was awarded for the first time. Depicting five important portraits of Romanian chemists, the medal is a reminder of our roots and a guiding star of our future progress.<\/p>\n<p style=\"text-align: right;\"><em>Cristina Todasca<br \/>\n<\/em><em data-wp-editing=\"1\">Executive Board Member of SChR<\/em><\/p>\n<p>[\/vc_column_text][\/vc_column][\/vc_row][vc_row][vc_column][\/vc_column][\/vc_row]<\/p>\n","protected":false},"excerpt":{"rendered":"<p>[vc_row css=&#8221;.vc_custom_1462799152464{margin-top: 0px !important;margin-right: 0px !important;margin-bottom: 40px !important;margin-left: 0px !important;border-top-width: 0px !important;border-right-width: 0px !important;border-bottom-width: 6px !important;border-left-width: 0px !important;padding-top: 0px !important;padding-right: &hellip; <\/p>\n","protected":false},"author":1,"featured_media":0,"parent":5807,"menu_order":0,"comment_status":"closed","ping_status":"closed","template":"","meta":{"jetpack_post_was_ever_published":false},"yoast_head":"<!-- This site is optimized with the Yoast SEO plugin v20.6 - https:\/\/yoast.com\/wordpress\/plugins\/seo\/ -->\n<title>Members\u00b4 Perspectives - EuChemS Newsletters<\/title>\n<meta name=\"robots\" content=\"index, follow, max-snippet:-1, max-image-preview:large, max-video-preview:-1\" \/>\n<link rel=\"canonical\" href=\"https:\/\/www.euchems.eu\/newsletters\/chemistry-in-europe-2019-3\/members-perspectives\/\" \/>\n<meta property=\"og:locale\" content=\"en_US\" \/>\n<meta property=\"og:type\" content=\"article\" \/>\n<meta property=\"og:title\" content=\"Members\u00b4 Perspectives - EuChemS Newsletters\" \/>\n<meta property=\"og:description\" content=\"[vc_row css=&#8221;.vc_custom_1462799152464{margin-top: 0px !important;margin-right: 0px !important;margin-bottom: 40px !important;margin-left: 0px !important;border-top-width: 0px !important;border-right-width: 0px !important;border-bottom-width: 6px !important;border-left-width: 0px !important;padding-top: 0px !important;padding-right: &hellip;\" \/>\n<meta property=\"og:url\" content=\"https:\/\/www.euchems.eu\/newsletters\/chemistry-in-europe-2019-3\/members-perspectives\/\" \/>\n<meta property=\"og:site_name\" content=\"EuChemS Newsletters\" \/>\n<meta property=\"article:modified_time\" content=\"2019-07-29T14:24:07+00:00\" \/>\n<meta property=\"og:image\" content=\"http:\/\/www.euchems.eu\/newsletters\/wp-content\/uploads\/2019\/07\/picture-1c-300x199.jpg\" \/>\n<meta name=\"twitter:card\" content=\"summary_large_image\" \/>\n<meta name=\"twitter:label1\" content=\"Est. reading time\" \/>\n\t<meta name=\"twitter:data1\" content=\"5 minutes\" \/>\n<script type=\"application\/ld+json\" class=\"yoast-schema-graph\">{\"@context\":\"https:\/\/schema.org\",\"@graph\":[{\"@type\":\"WebPage\",\"@id\":\"https:\/\/www.euchems.eu\/newsletters\/chemistry-in-europe-2019-3\/members-perspectives\/\",\"url\":\"https:\/\/www.euchems.eu\/newsletters\/chemistry-in-europe-2019-3\/members-perspectives\/\",\"name\":\"Members\u00b4 Perspectives - EuChemS Newsletters\",\"isPartOf\":{\"@id\":\"https:\/\/www.euchems.eu\/newsletters\/#website\"},\"datePublished\":\"2019-07-29T09:34:24+00:00\",\"dateModified\":\"2019-07-29T14:24:07+00:00\",\"breadcrumb\":{\"@id\":\"https:\/\/www.euchems.eu\/newsletters\/chemistry-in-europe-2019-3\/members-perspectives\/#breadcrumb\"},\"inLanguage\":\"en-US\",\"potentialAction\":[{\"@type\":\"ReadAction\",\"target\":[\"https:\/\/www.euchems.eu\/newsletters\/chemistry-in-europe-2019-3\/members-perspectives\/\"]}]},{\"@type\":\"BreadcrumbList\",\"@id\":\"https:\/\/www.euchems.eu\/newsletters\/chemistry-in-europe-2019-3\/members-perspectives\/#breadcrumb\",\"itemListElement\":[{\"@type\":\"ListItem\",\"position\":1,\"name\":\"Home\",\"item\":\"https:\/\/www.euchems.eu\/newsletters\/\"},{\"@type\":\"ListItem\",\"position\":2,\"name\":\"Chemistry in Europe \u2022 2019-3\",\"item\":\"https:\/\/www.euchems.eu\/newsletters\/chemistry-in-europe-2019-3\/\"},{\"@type\":\"ListItem\",\"position\":3,\"name\":\"Members\u00b4 Perspectives\"}]},{\"@type\":\"WebSite\",\"@id\":\"https:\/\/www.euchems.eu\/newsletters\/#website\",\"url\":\"https:\/\/www.euchems.eu\/newsletters\/\",\"name\":\"EuChemS Newsletters\",\"description\":\"\",\"potentialAction\":[{\"@type\":\"SearchAction\",\"target\":{\"@type\":\"EntryPoint\",\"urlTemplate\":\"https:\/\/www.euchems.eu\/newsletters\/?s={search_term_string}\"},\"query-input\":\"required name=search_term_string\"}],\"inLanguage\":\"en-US\"}]}<\/script>\n<!-- \/ Yoast SEO plugin. -->","yoast_head_json":{"title":"Members\u00b4 Perspectives - EuChemS Newsletters","robots":{"index":"index","follow":"follow","max-snippet":"max-snippet:-1","max-image-preview":"max-image-preview:large","max-video-preview":"max-video-preview:-1"},"canonical":"https:\/\/www.euchems.eu\/newsletters\/chemistry-in-europe-2019-3\/members-perspectives\/","og_locale":"en_US","og_type":"article","og_title":"Members\u00b4 Perspectives - EuChemS Newsletters","og_description":"[vc_row css=&#8221;.vc_custom_1462799152464{margin-top: 0px !important;margin-right: 0px !important;margin-bottom: 40px !important;margin-left: 0px !important;border-top-width: 0px !important;border-right-width: 0px !important;border-bottom-width: 6px !important;border-left-width: 0px !important;padding-top: 0px !important;padding-right: &hellip;","og_url":"https:\/\/www.euchems.eu\/newsletters\/chemistry-in-europe-2019-3\/members-perspectives\/","og_site_name":"EuChemS Newsletters","article_modified_time":"2019-07-29T14:24:07+00:00","og_image":[{"url":"http:\/\/www.euchems.eu\/newsletters\/wp-content\/uploads\/2019\/07\/picture-1c-300x199.jpg"}],"twitter_card":"summary_large_image","twitter_misc":{"Est. reading time":"5 minutes"},"schema":{"@context":"https:\/\/schema.org","@graph":[{"@type":"WebPage","@id":"https:\/\/www.euchems.eu\/newsletters\/chemistry-in-europe-2019-3\/members-perspectives\/","url":"https:\/\/www.euchems.eu\/newsletters\/chemistry-in-europe-2019-3\/members-perspectives\/","name":"Members\u00b4 Perspectives - EuChemS Newsletters","isPartOf":{"@id":"https:\/\/www.euchems.eu\/newsletters\/#website"},"datePublished":"2019-07-29T09:34:24+00:00","dateModified":"2019-07-29T14:24:07+00:00","breadcrumb":{"@id":"https:\/\/www.euchems.eu\/newsletters\/chemistry-in-europe-2019-3\/members-perspectives\/#breadcrumb"},"inLanguage":"en-US","potentialAction":[{"@type":"ReadAction","target":["https:\/\/www.euchems.eu\/newsletters\/chemistry-in-europe-2019-3\/members-perspectives\/"]}]},{"@type":"BreadcrumbList","@id":"https:\/\/www.euchems.eu\/newsletters\/chemistry-in-europe-2019-3\/members-perspectives\/#breadcrumb","itemListElement":[{"@type":"ListItem","position":1,"name":"Home","item":"https:\/\/www.euchems.eu\/newsletters\/"},{"@type":"ListItem","position":2,"name":"Chemistry in Europe \u2022 2019-3","item":"https:\/\/www.euchems.eu\/newsletters\/chemistry-in-europe-2019-3\/"},{"@type":"ListItem","position":3,"name":"Members\u00b4 Perspectives"}]},{"@type":"WebSite","@id":"https:\/\/www.euchems.eu\/newsletters\/#website","url":"https:\/\/www.euchems.eu\/newsletters\/","name":"EuChemS Newsletters","description":"","potentialAction":[{"@type":"SearchAction","target":{"@type":"EntryPoint","urlTemplate":"https:\/\/www.euchems.eu\/newsletters\/?s={search_term_string}"},"query-input":"required name=search_term_string"}],"inLanguage":"en-US"}]}},"jetpack_shortlink":"https:\/\/wp.me\/P7iPLy-1vU","jetpack_sharing_enabled":true,"_links":{"self":[{"href":"https:\/\/www.euchems.eu\/newsletters\/wp-json\/wp\/v2\/pages\/5822"}],"collection":[{"href":"https:\/\/www.euchems.eu\/newsletters\/wp-json\/wp\/v2\/pages"}],"about":[{"href":"https:\/\/www.euchems.eu\/newsletters\/wp-json\/wp\/v2\/types\/page"}],"author":[{"embeddable":true,"href":"https:\/\/www.euchems.eu\/newsletters\/wp-json\/wp\/v2\/users\/1"}],"replies":[{"embeddable":true,"href":"https:\/\/www.euchems.eu\/newsletters\/wp-json\/wp\/v2\/comments?post=5822"}],"version-history":[{"count":8,"href":"https:\/\/www.euchems.eu\/newsletters\/wp-json\/wp\/v2\/pages\/5822\/revisions"}],"predecessor-version":[{"id":5897,"href":"https:\/\/www.euchems.eu\/newsletters\/wp-json\/wp\/v2\/pages\/5822\/revisions\/5897"}],"up":[{"embeddable":true,"href":"https:\/\/www.euchems.eu\/newsletters\/wp-json\/wp\/v2\/pages\/5807"}],"wp:attachment":[{"href":"https:\/\/www.euchems.eu\/newsletters\/wp-json\/wp\/v2\/media?parent=5822"}],"curies":[{"name":"wp","href":"https:\/\/api.w.org\/{rel}","templated":true}]}}