{"id":3855,"date":"2018-01-15T14:54:08","date_gmt":"2018-01-15T13:54:08","guid":{"rendered":"http:\/\/www.euchems.eu\/newsletters\/?page_id=3855"},"modified":"2018-01-26T09:39:49","modified_gmt":"2018-01-26T08:39:49","slug":"members-perspectives","status":"publish","type":"page","link":"https:\/\/www.euchems.eu\/newsletters\/chemistry-in-europe-2018-1\/members-perspectives\/","title":{"rendered":"Members\u00b4 Perspectives"},"content":{"rendered":"<p>[vc_row css=&#8221;.vc_custom_1462799152464{margin-top: 0px !important;margin-right: 0px !important;margin-bottom: 40px !important;margin-left: 0px !important;border-top-width: 0px !important;border-right-width: 0px !important;border-bottom-width: 6px !important;border-left-width: 0px !important;padding-top: 0px !important;padding-right: 0px !important;padding-bottom: 10px !important;padding-left: 0px !important;border-left-color: #003399 !important;border-left-style: solid !important;border-right-color: #003399 !important;border-right-style: solid !important;border-top-color: #003399 !important;border-top-style: solid !important;border-bottom-color: #003399 !important;border-bottom-style: solid !important;}&#8221;][vc_column el_class=&#8221;kw-menu-topics&#8221; css=&#8221;.vc_custom_1462791631311{margin-top: 0px !important;margin-right: 0px !important;margin-bottom: 0px !important;margin-left: 0px !important;}&#8221;][vc_column_text]<\/p>\n<ul>\n<li><a href=\"http:\/\/www.euchems.eu\/newsletters\/chemistry-in-europe-2018-1\/\">2018-1<\/a><\/li>\n<li><a href=\"http:\/\/www.euchems.eu\/newsletters\/chemistry-in-europe-2018-1\/policy\/\">Policy<\/a><\/li>\n<li><a href=\"http:\/\/www.euchems.eu\/newsletters\/chemistry-in-europe-2018-1\/research\/\">Research<\/a><\/li>\n<li class=\"topic-current\"><a href=\"http:\/\/www.euchems.eu\/newsletters\/chemistry-in-europe-2018-1\/members-perspectives\/\">Members\u00b4 Perspectives<\/a><\/li>\n<li><a href=\"http:\/\/www.euchems.eu\/newsletters\/chemistry-in-europe-2018-1\/who-is-who\/\">Who is Who<\/a><\/li>\n<li><a href=\"http:\/\/www.euchems.eu\/newsletters\/chemistry-in-europe-2018-1\/notes\/\">Notes<\/a><\/li>\n<li><a href=\"http:\/\/www.euchems.eu\/newsletters\/chemistry-in-europe-2018-1\/calendar\/\">Calendar<\/a><\/li>\n<li><a href=\"http:\/\/www.euchems.eu\/newsletters\/chemistry-in-europe-2018-1\/funny\/\">Funny<\/a><\/li>\n<li><a href=\"http:\/\/www.euchems.eu\/newsletters\/chemistry-in-europe-2018-1\/colophon\/\">Colophon<\/a><\/li>\n<\/ul>\n<p>[\/vc_column_text][\/vc_column][\/vc_row][vc_row][vc_column][mnky_heading title=&#8221;Members Perspectives&#8221; color=&#8221;#457ae6&#8243; line_color=&#8221;#e2e2e2&#8243; line_part_color=&#8221;#457ae6&#8243;][\/vc_column][\/vc_row][vc_row css=&#8221;.vc_custom_1462798912371{margin-bottom: 40px !important;}&#8221;][vc_column][vc_column_text]<\/p>\n<h2><span style=\"font-size: 24pt; color: #003399;\"><strong>The future of science in the 21st century<\/strong><\/span><\/h2>\n<h2><img data-attachment-id=\"4019\" data-permalink=\"https:\/\/www.euchems.eu\/newsletters\/chemistry-in-europe-2018-1\/policy\/cie-2018-1-symposium\/\" data-orig-file=\"https:\/\/i0.wp.com\/www.euchems.eu\/newsletters\/wp-content\/uploads\/2018\/01\/CiE-2018-1-symposium-.png?fit=1000%2C532&amp;ssl=1\" data-orig-size=\"1000,532\" data-comments-opened=\"0\" data-image-meta=\"{&quot;aperture&quot;:&quot;0&quot;,&quot;credit&quot;:&quot;&quot;,&quot;camera&quot;:&quot;&quot;,&quot;caption&quot;:&quot;&quot;,&quot;created_timestamp&quot;:&quot;0&quot;,&quot;copyright&quot;:&quot;&quot;,&quot;focal_length&quot;:&quot;0&quot;,&quot;iso&quot;:&quot;0&quot;,&quot;shutter_speed&quot;:&quot;0&quot;,&quot;title&quot;:&quot;&quot;,&quot;orientation&quot;:&quot;0&quot;}\" data-image-title=\"CiE 2018-1 symposium\" data-image-description=\"\" data-image-caption=\"\" data-medium-file=\"https:\/\/i0.wp.com\/www.euchems.eu\/newsletters\/wp-content\/uploads\/2018\/01\/CiE-2018-1-symposium-.png?fit=300%2C160&amp;ssl=1\" data-large-file=\"https:\/\/i0.wp.com\/www.euchems.eu\/newsletters\/wp-content\/uploads\/2018\/01\/CiE-2018-1-symposium-.png?fit=940%2C500&amp;ssl=1\" loading=\"lazy\" class=\"alignleft wp-image-4019 \" src=\"https:\/\/i0.wp.com\/www.euchems.eu\/newsletters\/wp-content\/uploads\/2018\/01\/CiE-2018-1-symposium-.png?resize=554%2C295&#038;ssl=1\" alt=\"\" width=\"554\" height=\"295\" srcset=\"https:\/\/i0.wp.com\/www.euchems.eu\/newsletters\/wp-content\/uploads\/2018\/01\/CiE-2018-1-symposium-.png?w=1000&amp;ssl=1 1000w, https:\/\/i0.wp.com\/www.euchems.eu\/newsletters\/wp-content\/uploads\/2018\/01\/CiE-2018-1-symposium-.png?resize=300%2C160&amp;ssl=1 300w, https:\/\/i0.wp.com\/www.euchems.eu\/newsletters\/wp-content\/uploads\/2018\/01\/CiE-2018-1-symposium-.png?resize=768%2C409&amp;ssl=1 768w\" sizes=\"(max-width: 554px) 100vw, 554px\" data-recalc-dims=\"1\" \/><\/h2>\n<p>The aim of the symposium was to discuss the future of science and technology where citizens will increasingly play a key role, envisaging new roads and scientists who may be keen to follow.<\/p>\n<p>The opening by Alexandre Quintanilha, a Member of the Portuguese Parliament, discussed the role of curiosity-led enquiry and the importance of being open to challenge when providing answers. European Research Council (ERC) awarded researchers presented their ground-breaking work with a debate also on the role of ERC in supporting research careers. Maria da Gra\u00e7a Carvalho, Policy Advisor to the European Commission (pictured), introduced the audience to the \u201csocial digital innovation with related areas of research and technology application as part of the Strategy for a Social Europe\u201d.\u00a0 Two EuCheMS members participated at this future-oriented event: the Presidents of the Portuguese Chemistry Society, Artur Silva, and of the Portuguese Electrochemical Society, Lu\u00edsa Margarida Martins.<\/p>\n<p>Chemical sciences received important recognitions from EURASC this year:<\/p>\n<figure id=\"attachment_4021\" aria-describedby=\"caption-attachment-4021\" style=\"width: 318px\" class=\"wp-caption alignright\"><img data-attachment-id=\"4021\" data-permalink=\"https:\/\/www.euchems.eu\/newsletters\/chemistry-in-europe-2018-1\/policy\/cie-2018-1-m-graca-carvalho\/\" data-orig-file=\"https:\/\/i0.wp.com\/www.euchems.eu\/newsletters\/wp-content\/uploads\/2018\/01\/CiE-2018-1-M-Gra\u00e7a-Carvalho.png?fit=797%2C535&amp;ssl=1\" data-orig-size=\"797,535\" data-comments-opened=\"0\" data-image-meta=\"{&quot;aperture&quot;:&quot;0&quot;,&quot;credit&quot;:&quot;&quot;,&quot;camera&quot;:&quot;&quot;,&quot;caption&quot;:&quot;&quot;,&quot;created_timestamp&quot;:&quot;0&quot;,&quot;copyright&quot;:&quot;&quot;,&quot;focal_length&quot;:&quot;0&quot;,&quot;iso&quot;:&quot;0&quot;,&quot;shutter_speed&quot;:&quot;0&quot;,&quot;title&quot;:&quot;&quot;,&quot;orientation&quot;:&quot;0&quot;}\" data-image-title=\"CiE 2018-1 M Gra\u00e7a Carvalho\" data-image-description=\"\" data-image-caption=\"&lt;p&gt;Maria da Gra\u00e7a Carvalho&lt;\/p&gt;\n\" data-medium-file=\"https:\/\/i0.wp.com\/www.euchems.eu\/newsletters\/wp-content\/uploads\/2018\/01\/CiE-2018-1-M-Gra\u00e7a-Carvalho.png?fit=300%2C201&amp;ssl=1\" data-large-file=\"https:\/\/i0.wp.com\/www.euchems.eu\/newsletters\/wp-content\/uploads\/2018\/01\/CiE-2018-1-M-Gra\u00e7a-Carvalho.png?fit=797%2C535&amp;ssl=1\" loading=\"lazy\" class=\" wp-image-4021\" src=\"https:\/\/i0.wp.com\/www.euchems.eu\/newsletters\/wp-content\/uploads\/2018\/01\/CiE-2018-1-M-Gra\u00e7a-Carvalho.png?resize=318%2C213&#038;ssl=1\" alt=\"\" width=\"318\" height=\"213\" srcset=\"https:\/\/i0.wp.com\/www.euchems.eu\/newsletters\/wp-content\/uploads\/2018\/01\/CiE-2018-1-M-Gra\u00e7a-Carvalho.png?w=797&amp;ssl=1 797w, https:\/\/i0.wp.com\/www.euchems.eu\/newsletters\/wp-content\/uploads\/2018\/01\/CiE-2018-1-M-Gra\u00e7a-Carvalho.png?resize=300%2C201&amp;ssl=1 300w, https:\/\/i0.wp.com\/www.euchems.eu\/newsletters\/wp-content\/uploads\/2018\/01\/CiE-2018-1-M-Gra\u00e7a-Carvalho.png?resize=768%2C516&amp;ssl=1 768w\" sizes=\"(max-width: 318px) 100vw, 318px\" data-recalc-dims=\"1\" \/><figcaption id=\"caption-attachment-4021\" class=\"wp-caption-text\">Maria da Gra\u00e7a Carvalho<\/figcaption><\/figure>\n<ul>\n<li>\u00a0The <a href=\"http:\/\/www.eurasc.org\/davinci\/davinci2017.asp\">Leonardo da Vinci Award<\/a> was awarded to Vincenzo Balzani in recognition for his outstanding contributions to the development of major branches of chemistry including photochemistry, supramolecular chemistry, and molecular nanotechnology;<\/li>\n<li>The <a href=\"http:\/\/www.eurasc.org\/medals\/pb_medals_17.asp\">Blaise Pascal Medal 2017 in Chemistry<\/a> was awarded to Mike Mingos in recognition for his ground-breaking contributions and pioneering role in the areas of inorganic and structural chemistry where he profoundly influenced the development of the field;<\/li>\n<li>The <a href=\"http:\/\/www.eurasc.org\/medals\/pb_medals_17.asp\">Blaise Pascal Medal 2017 in Materials Science<\/a> was given to Luis Liz-Marzan in recognition for his contributions to the understanding of nanocrystal growth and self-assembly, plasmonic properties and sensing applications.<\/li>\n<li>Filippo De Angelis\u00a0of the Department of Chemistry Sciences and Technology of Materials of the National Research Council of Italy was appointed member of EURASC and received the EURASC Diploma for his exceptional contribution to science and technology.<\/li>\n<\/ul>\n<p style=\"text-align: right;\"><em>Lu\u00edsa Margarida Martins<br \/>\n<\/em><em>Portuguese Electrochemical Society<\/em><\/p>\n<p style=\"text-align: right;\"><em>Augusta Maria Paci<br \/>\n<\/em><em>National Research Council of Italy<\/em><\/p>\n<p>[\/vc_column_text][\/vc_column][\/vc_row][vc_row css=&#8221;.vc_custom_1462798912371{margin-bottom: 40px !important;}&#8221;][vc_column][vc_column_text]<\/p>\n<h2><span style=\"font-size: 24pt; color: #003399;\"><strong>Is it my duty to know how chemistry is taught in Lisbon, in Riga or in Shymkent?<\/strong><\/span><\/h2>\n<figure id=\"attachment_4020\" aria-describedby=\"caption-attachment-4020\" style=\"width: 507px\" class=\"wp-caption alignleft\"><img data-attachment-id=\"4020\" data-permalink=\"https:\/\/www.euchems.eu\/newsletters\/chemistry-in-europe-2018-1\/policy\/cie-2018-1-ectn\/\" data-orig-file=\"https:\/\/i0.wp.com\/www.euchems.eu\/newsletters\/wp-content\/uploads\/2018\/01\/CiE-2018-1-ECTN.jpeg?fit=1378%2C786&amp;ssl=1\" data-orig-size=\"1378,786\" data-comments-opened=\"0\" data-image-meta=\"{&quot;aperture&quot;:&quot;0&quot;,&quot;credit&quot;:&quot;&quot;,&quot;camera&quot;:&quot;&quot;,&quot;caption&quot;:&quot;&quot;,&quot;created_timestamp&quot;:&quot;0&quot;,&quot;copyright&quot;:&quot;&quot;,&quot;focal_length&quot;:&quot;0&quot;,&quot;iso&quot;:&quot;0&quot;,&quot;shutter_speed&quot;:&quot;0&quot;,&quot;title&quot;:&quot;&quot;,&quot;orientation&quot;:&quot;0&quot;}\" data-image-title=\"CiE 2018-1 ECTN\" data-image-description=\"\" data-image-caption=\"\" data-medium-file=\"https:\/\/i0.wp.com\/www.euchems.eu\/newsletters\/wp-content\/uploads\/2018\/01\/CiE-2018-1-ECTN.jpeg?fit=300%2C171&amp;ssl=1\" data-large-file=\"https:\/\/i0.wp.com\/www.euchems.eu\/newsletters\/wp-content\/uploads\/2018\/01\/CiE-2018-1-ECTN.jpeg?fit=940%2C536&amp;ssl=1\" loading=\"lazy\" class=\"wp-image-4020\" src=\"https:\/\/i0.wp.com\/www.euchems.eu\/newsletters\/wp-content\/uploads\/2018\/01\/CiE-2018-1-ECTN.jpeg?resize=507%2C289&#038;ssl=1\" alt=\"\" width=\"507\" height=\"289\" srcset=\"https:\/\/i0.wp.com\/www.euchems.eu\/newsletters\/wp-content\/uploads\/2018\/01\/CiE-2018-1-ECTN.jpeg?w=1378&amp;ssl=1 1378w, https:\/\/i0.wp.com\/www.euchems.eu\/newsletters\/wp-content\/uploads\/2018\/01\/CiE-2018-1-ECTN.jpeg?resize=300%2C171&amp;ssl=1 300w, https:\/\/i0.wp.com\/www.euchems.eu\/newsletters\/wp-content\/uploads\/2018\/01\/CiE-2018-1-ECTN.jpeg?resize=768%2C438&amp;ssl=1 768w, https:\/\/i0.wp.com\/www.euchems.eu\/newsletters\/wp-content\/uploads\/2018\/01\/CiE-2018-1-ECTN.jpeg?resize=1024%2C584&amp;ssl=1 1024w\" sizes=\"(max-width: 507px) 100vw, 507px\" data-recalc-dims=\"1\" \/><figcaption id=\"caption-attachment-4020\" class=\"wp-caption-text\">New member of the ECTN Panel of Experts: Dr.-Ing. Cristina Todasca (University Politehnica of Bucharest) receives the certificate from Prof. Reiner Salzer (Chair of ECTN Label Committee) after the coaching held at E\u00f6tv\u00f6s Lor\u00e1nd University, Budapest in October 2017. The other members of the Label Committee are (from left): Prof. Ji\u0159\u00ed Barek (Charles University Prague), Dr. Gergely T\u00f3th (E\u00f6tv\u00f6s Lor\u00e1nd University Budapest) and Prof. Martino Di Serio (University of Naples Federico II).<\/figcaption><\/figure>\n<p>Members of staff in higher education are usually involved in the development of the local teaching program. They get information about how chemistry is taught in other places through meetings, staff exchanges and activities in national accreditations bodies. Becoming a member of the Panel of Experts, is another way to gather information on chemistry programs internationally.<\/p>\n<p>The holder of the Chemistry Quality Eurolabels \u2013 Chemistry Eurobachelor\u00ae, Chemistry Euromaster\u00ae and Chemistry Doctorate Eurolabel\u00ae \u2013 is the European Chemistry Thematic Network Association (ECTN). The two-decade-old organisation has around 150 members, mostly European universities. The labels, endorsed by EuCheMS, can be received through an accreditation process organised by the Label Committee of ECTN. An application is assessed by a three-member team, where the members are chosen from the around 35 names of Panel of Experts. The decision is complex according to differences between national rules and international guidelines. It is often amended with an advisory role, especially if site visit takes place for new applicants. Mostly persons active in former applications became the members of Panel of Expert after taking part on a coaching event.<\/p>\n<p style=\"text-align: right;\"><em>Gergely T\u00f3th<br \/>\nE\u00f6tv\u00f6s Lor\u00e1nd University Budapest, Secretary\u00a0for External\u00a0Matters &#8211; Label Committee of ECTN<\/em><\/p>\n<p>[\/vc_column_text][\/vc_column][\/vc_row]<\/p>\n","protected":false},"excerpt":{"rendered":"<p>[vc_row css=&#8221;.vc_custom_1462799152464{margin-top: 0px !important;margin-right: 0px !important;margin-bottom: 40px !important;margin-left: 0px !important;border-top-width: 0px !important;border-right-width: 0px !important;border-bottom-width: 6px !important;border-left-width: 0px !important;padding-top: 0px !important;padding-right: &hellip; <\/p>\n","protected":false},"author":1,"featured_media":0,"parent":3851,"menu_order":0,"comment_status":"closed","ping_status":"closed","template":"","meta":{"jetpack_post_was_ever_published":false},"yoast_head":"<!-- This site is optimized with the Yoast SEO plugin v20.6 - https:\/\/yoast.com\/wordpress\/plugins\/seo\/ -->\n<title>Members\u00b4 Perspectives - EuChemS Newsletters<\/title>\n<meta name=\"robots\" content=\"index, follow, max-snippet:-1, max-image-preview:large, max-video-preview:-1\" \/>\n<link rel=\"canonical\" href=\"https:\/\/www.euchems.eu\/newsletters\/chemistry-in-europe-2018-1\/members-perspectives\/\" \/>\n<meta property=\"og:locale\" content=\"en_US\" \/>\n<meta property=\"og:type\" content=\"article\" \/>\n<meta property=\"og:title\" content=\"Members\u00b4 Perspectives - EuChemS Newsletters\" \/>\n<meta property=\"og:description\" content=\"[vc_row css=&#8221;.vc_custom_1462799152464{margin-top: 0px !important;margin-right: 0px !important;margin-bottom: 40px !important;margin-left: 0px !important;border-top-width: 0px !important;border-right-width: 0px !important;border-bottom-width: 6px !important;border-left-width: 0px !important;padding-top: 0px !important;padding-right: &hellip;\" \/>\n<meta property=\"og:url\" content=\"https:\/\/www.euchems.eu\/newsletters\/chemistry-in-europe-2018-1\/members-perspectives\/\" \/>\n<meta property=\"og:site_name\" content=\"EuChemS Newsletters\" \/>\n<meta property=\"article:modified_time\" content=\"2018-01-26T08:39:49+00:00\" \/>\n<meta property=\"og:image\" content=\"https:\/\/www.euchems.eu\/newsletters\/wp-content\/uploads\/2018\/01\/CiE-2018-1-symposium-.png\" \/>\n<meta name=\"twitter:card\" content=\"summary_large_image\" \/>\n<meta name=\"twitter:label1\" content=\"Est. reading time\" \/>\n\t<meta name=\"twitter:data1\" content=\"4 minutes\" \/>\n<script type=\"application\/ld+json\" class=\"yoast-schema-graph\">{\"@context\":\"https:\/\/schema.org\",\"@graph\":[{\"@type\":\"WebPage\",\"@id\":\"https:\/\/www.euchems.eu\/newsletters\/chemistry-in-europe-2018-1\/members-perspectives\/\",\"url\":\"https:\/\/www.euchems.eu\/newsletters\/chemistry-in-europe-2018-1\/members-perspectives\/\",\"name\":\"Members\u00b4 Perspectives - EuChemS Newsletters\",\"isPartOf\":{\"@id\":\"https:\/\/www.euchems.eu\/newsletters\/#website\"},\"datePublished\":\"2018-01-15T13:54:08+00:00\",\"dateModified\":\"2018-01-26T08:39:49+00:00\",\"breadcrumb\":{\"@id\":\"https:\/\/www.euchems.eu\/newsletters\/chemistry-in-europe-2018-1\/members-perspectives\/#breadcrumb\"},\"inLanguage\":\"en-US\",\"potentialAction\":[{\"@type\":\"ReadAction\",\"target\":[\"https:\/\/www.euchems.eu\/newsletters\/chemistry-in-europe-2018-1\/members-perspectives\/\"]}]},{\"@type\":\"BreadcrumbList\",\"@id\":\"https:\/\/www.euchems.eu\/newsletters\/chemistry-in-europe-2018-1\/members-perspectives\/#breadcrumb\",\"itemListElement\":[{\"@type\":\"ListItem\",\"position\":1,\"name\":\"Home\",\"item\":\"https:\/\/www.euchems.eu\/newsletters\/\"},{\"@type\":\"ListItem\",\"position\":2,\"name\":\"Chemistry in Europe \u2022 2018-1\",\"item\":\"https:\/\/www.euchems.eu\/newsletters\/chemistry-in-europe-2018-1\/\"},{\"@type\":\"ListItem\",\"position\":3,\"name\":\"Members\u00b4 Perspectives\"}]},{\"@type\":\"WebSite\",\"@id\":\"https:\/\/www.euchems.eu\/newsletters\/#website\",\"url\":\"https:\/\/www.euchems.eu\/newsletters\/\",\"name\":\"EuChemS Newsletters\",\"description\":\"\",\"potentialAction\":[{\"@type\":\"SearchAction\",\"target\":{\"@type\":\"EntryPoint\",\"urlTemplate\":\"https:\/\/www.euchems.eu\/newsletters\/?s={search_term_string}\"},\"query-input\":\"required name=search_term_string\"}],\"inLanguage\":\"en-US\"}]}<\/script>\n<!-- \/ Yoast SEO plugin. -->","yoast_head_json":{"title":"Members\u00b4 Perspectives - EuChemS Newsletters","robots":{"index":"index","follow":"follow","max-snippet":"max-snippet:-1","max-image-preview":"max-image-preview:large","max-video-preview":"max-video-preview:-1"},"canonical":"https:\/\/www.euchems.eu\/newsletters\/chemistry-in-europe-2018-1\/members-perspectives\/","og_locale":"en_US","og_type":"article","og_title":"Members\u00b4 Perspectives - EuChemS Newsletters","og_description":"[vc_row css=&#8221;.vc_custom_1462799152464{margin-top: 0px !important;margin-right: 0px !important;margin-bottom: 40px !important;margin-left: 0px !important;border-top-width: 0px !important;border-right-width: 0px !important;border-bottom-width: 6px !important;border-left-width: 0px !important;padding-top: 0px !important;padding-right: &hellip;","og_url":"https:\/\/www.euchems.eu\/newsletters\/chemistry-in-europe-2018-1\/members-perspectives\/","og_site_name":"EuChemS Newsletters","article_modified_time":"2018-01-26T08:39:49+00:00","og_image":[{"url":"https:\/\/www.euchems.eu\/newsletters\/wp-content\/uploads\/2018\/01\/CiE-2018-1-symposium-.png"}],"twitter_card":"summary_large_image","twitter_misc":{"Est. reading time":"4 minutes"},"schema":{"@context":"https:\/\/schema.org","@graph":[{"@type":"WebPage","@id":"https:\/\/www.euchems.eu\/newsletters\/chemistry-in-europe-2018-1\/members-perspectives\/","url":"https:\/\/www.euchems.eu\/newsletters\/chemistry-in-europe-2018-1\/members-perspectives\/","name":"Members\u00b4 Perspectives - EuChemS Newsletters","isPartOf":{"@id":"https:\/\/www.euchems.eu\/newsletters\/#website"},"datePublished":"2018-01-15T13:54:08+00:00","dateModified":"2018-01-26T08:39:49+00:00","breadcrumb":{"@id":"https:\/\/www.euchems.eu\/newsletters\/chemistry-in-europe-2018-1\/members-perspectives\/#breadcrumb"},"inLanguage":"en-US","potentialAction":[{"@type":"ReadAction","target":["https:\/\/www.euchems.eu\/newsletters\/chemistry-in-europe-2018-1\/members-perspectives\/"]}]},{"@type":"BreadcrumbList","@id":"https:\/\/www.euchems.eu\/newsletters\/chemistry-in-europe-2018-1\/members-perspectives\/#breadcrumb","itemListElement":[{"@type":"ListItem","position":1,"name":"Home","item":"https:\/\/www.euchems.eu\/newsletters\/"},{"@type":"ListItem","position":2,"name":"Chemistry in Europe \u2022 2018-1","item":"https:\/\/www.euchems.eu\/newsletters\/chemistry-in-europe-2018-1\/"},{"@type":"ListItem","position":3,"name":"Members\u00b4 Perspectives"}]},{"@type":"WebSite","@id":"https:\/\/www.euchems.eu\/newsletters\/#website","url":"https:\/\/www.euchems.eu\/newsletters\/","name":"EuChemS Newsletters","description":"","potentialAction":[{"@type":"SearchAction","target":{"@type":"EntryPoint","urlTemplate":"https:\/\/www.euchems.eu\/newsletters\/?s={search_term_string}"},"query-input":"required name=search_term_string"}],"inLanguage":"en-US"}]}},"jetpack_shortlink":"https:\/\/wp.me\/P7iPLy-10b","jetpack_sharing_enabled":true,"_links":{"self":[{"href":"https:\/\/www.euchems.eu\/newsletters\/wp-json\/wp\/v2\/pages\/3855"}],"collection":[{"href":"https:\/\/www.euchems.eu\/newsletters\/wp-json\/wp\/v2\/pages"}],"about":[{"href":"https:\/\/www.euchems.eu\/newsletters\/wp-json\/wp\/v2\/types\/page"}],"author":[{"embeddable":true,"href":"https:\/\/www.euchems.eu\/newsletters\/wp-json\/wp\/v2\/users\/1"}],"replies":[{"embeddable":true,"href":"https:\/\/www.euchems.eu\/newsletters\/wp-json\/wp\/v2\/comments?post=3855"}],"version-history":[{"count":8,"href":"https:\/\/www.euchems.eu\/newsletters\/wp-json\/wp\/v2\/pages\/3855\/revisions"}],"predecessor-version":[{"id":4054,"href":"https:\/\/www.euchems.eu\/newsletters\/wp-json\/wp\/v2\/pages\/3855\/revisions\/4054"}],"up":[{"embeddable":true,"href":"https:\/\/www.euchems.eu\/newsletters\/wp-json\/wp\/v2\/pages\/3851"}],"wp:attachment":[{"href":"https:\/\/www.euchems.eu\/newsletters\/wp-json\/wp\/v2\/media?parent=3855"}],"curies":[{"name":"wp","href":"https:\/\/api.w.org\/{rel}","templated":true}]}}