{"id":3443,"date":"2017-10-24T14:15:03","date_gmt":"2017-10-24T13:15:03","guid":{"rendered":"http:\/\/www.euchems.eu\/newsletters\/?page_id=3443"},"modified":"2017-11-07T10:15:42","modified_gmt":"2017-11-07T09:15:42","slug":"research","status":"publish","type":"page","link":"https:\/\/www.euchems.eu\/newsletters\/chemistry-in-europe-2017-4\/research\/","title":{"rendered":"Research"},"content":{"rendered":"<p>[vc_row css=&#8221;.vc_custom_1462799152464{margin-top: 0px !important;margin-right: 0px !important;margin-bottom: 40px !important;margin-left: 0px !important;border-top-width: 0px !important;border-right-width: 0px !important;border-bottom-width: 6px !important;border-left-width: 0px !important;padding-top: 0px !important;padding-right: 0px !important;padding-bottom: 10px !important;padding-left: 0px !important;border-left-color: #003399 !important;border-left-style: solid !important;border-right-color: #003399 !important;border-right-style: solid !important;border-top-color: #003399 !important;border-top-style: solid !important;border-bottom-color: #003399 !important;border-bottom-style: solid !important;}&#8221;][vc_column el_class=&#8221;kw-menu-topics&#8221; css=&#8221;.vc_custom_1462791631311{margin-top: 0px !important;margin-right: 0px !important;margin-bottom: 0px !important;margin-left: 0px !important;}&#8221;][vc_column_text]<\/p>\n<ul>\n<li><a href=\"http:\/\/www.euchems.eu\/newsletters\/chemistry-in-europe-2017-4\/\">2017-4<\/a><\/li>\n<li><a href=\"http:\/\/www.euchems.eu\/newsletters\/chemistry-in-europe-2017-4\/policy\/\">Policy<\/a><\/li>\n<li class=\"topic-current\"><a href=\"http:\/\/www.euchems.eu\/newsletters\/chemistry-in-europe-2017-4\/research\/\">Research<\/a><\/li>\n<li><a href=\"http:\/\/www.euchems.eu\/newsletters\/chemistry-in-europe-2017-4\/members-perspectives\/\">Members\u00b4 Perspectives<\/a><\/li>\n<li><a href=\"http:\/\/www.euchems.eu\/newsletters\/chemistry-in-europe-2017-4\/who-is-who\/\">Who is Who<\/a><\/li>\n<li><a href=\"http:\/\/www.euchems.eu\/newsletters\/chemistry-in-europe-2017-4\/notes\/\">Notes<\/a><\/li>\n<li><a href=\"http:\/\/www.euchems.eu\/newsletters\/chemistry-in-europe-2017-4\/calendar\/\">Calendar<\/a><\/li>\n<li><a href=\"http:\/\/www.euchems.eu\/newsletters\/chemistry-in-europe-2017-4\/funny\/\">Funny<\/a><\/li>\n<li><a href=\"http:\/\/www.euchems.eu\/newsletters\/chemistry-in-europe-2017-4\/colophon\/\">Colophon<\/a><\/li>\n<\/ul>\n<p>[\/vc_column_text][\/vc_column][\/vc_row][vc_row][vc_column][mnky_heading title=&#8221;Research&#8221; color=&#8221;#457ae6&#8243; line_color=&#8221;#e2e2e2&#8243; line_part_color=&#8221;#457ae6&#8243;][\/vc_column][\/vc_row][vc_row css=&#8221;.vc_custom_1462798912371{margin-bottom: 40px !important;}&#8221;][vc_column][vc_column_text]<\/p>\n<h2><span style=\"font-size: 36pt; color: #003399;\"><strong>Considering IP in exploitation of public research results<\/strong><\/span><\/h2>\n<p><img data-attachment-id=\"3477\" data-permalink=\"https:\/\/www.euchems.eu\/newsletters\/chemistry-in-europe-2017-4\/171024-cie-2017-4-ipr\/\" data-orig-file=\"https:\/\/i0.wp.com\/www.euchems.eu\/newsletters\/wp-content\/uploads\/2017\/10\/171024-CiE-2017-4-IPR.png?fit=598%2C414&amp;ssl=1\" data-orig-size=\"598,414\" data-comments-opened=\"0\" data-image-meta=\"{&quot;aperture&quot;:&quot;0&quot;,&quot;credit&quot;:&quot;&quot;,&quot;camera&quot;:&quot;&quot;,&quot;caption&quot;:&quot;&quot;,&quot;created_timestamp&quot;:&quot;0&quot;,&quot;copyright&quot;:&quot;&quot;,&quot;focal_length&quot;:&quot;0&quot;,&quot;iso&quot;:&quot;0&quot;,&quot;shutter_speed&quot;:&quot;0&quot;,&quot;title&quot;:&quot;&quot;,&quot;orientation&quot;:&quot;0&quot;}\" data-image-title=\"171024 CiE 2017-4 IPR\" data-image-description=\"\" data-image-caption=\"\" data-medium-file=\"https:\/\/i0.wp.com\/www.euchems.eu\/newsletters\/wp-content\/uploads\/2017\/10\/171024-CiE-2017-4-IPR.png?fit=300%2C208&amp;ssl=1\" data-large-file=\"https:\/\/i0.wp.com\/www.euchems.eu\/newsletters\/wp-content\/uploads\/2017\/10\/171024-CiE-2017-4-IPR.png?fit=598%2C414&amp;ssl=1\" loading=\"lazy\" class=\"alignleft wp-image-3477 size-medium\" src=\"https:\/\/i0.wp.com\/www.euchems.eu\/newsletters\/wp-content\/uploads\/2017\/10\/171024-CiE-2017-4-IPR-300x208.png?resize=300%2C208&#038;ssl=1\" alt=\"\" width=\"300\" height=\"208\" srcset=\"https:\/\/i0.wp.com\/www.euchems.eu\/newsletters\/wp-content\/uploads\/2017\/10\/171024-CiE-2017-4-IPR.png?resize=300%2C208&amp;ssl=1 300w, https:\/\/i0.wp.com\/www.euchems.eu\/newsletters\/wp-content\/uploads\/2017\/10\/171024-CiE-2017-4-IPR.png?w=598&amp;ssl=1 598w\" sizes=\"(max-width: 300px) 100vw, 300px\" data-recalc-dims=\"1\" \/><\/p>\n<p>Public research is the activity carried out by publicly-funded research centres. These can be considered institutions, universities or enterprises, whose activity is primarily funded with public resources, hereinafter referred to as public research organisations (PROs).<\/p>\n<p>The flow of knowledge and technology between public research and business can be achieved through the exploitation of research results<a href=\"#_ftn1\" name=\"_ftnref1\">[1]<\/a>, which can, inter alia:<\/p>\n<ul>\n<li>generate additional revenues for PROs;<\/li>\n<li>promote open innovation;<\/li>\n<li>increase access to and sharing of research data and publications;<\/li>\n<li>engender possibilities for collaboration in research and teaching;<\/li>\n<li>raise the PRO profile and get publicity;<\/li>\n<li>broaden the job market for students.<\/li>\n<\/ul>\n<p>An effective exploitation of the research results would entail proper management of intellectual property rights (IPR). In order to do so, PROs should develop an intellectual property (IP) policy, wherein to set principles and clear rules regarding in particular the disclosure of new ideas with potential commercial interest, the ownership of research results, record keeping, and so forth. Likewise, the IP policy should foster the identification and protection of IP (where appropriate), in line with the strategy and mission of the PRO and with a view to maximising socio-economic benefits.<\/p>\n<p>In order to promote commercialisation and transfer of knowledge, PROs should also take into account the following factors:<\/p>\n<ul>\n<li>the monitoring of IP protection and knowledge transfer activities,<\/li>\n<li>student and faculty mobility<a href=\"#_ftn2\" name=\"_ftnref2\">[2]<\/a>,<\/li>\n<li>the development of entrepreneurial culture and associated skills for students and PROs staff, and<\/li>\n<li>a strengthened interaction with the private sector, i.e. public-private partnerships (PPPs).<\/li>\n<\/ul>\n<p>Besides the commercialisation channels, which undoubtedly are forms of knowledge spill-over, other knowledge transfer channels that are recognised as crucial in stimulating innovation are:<\/p>\n<ul>\n<li>publishing<\/li>\n<li>conferencing and networking<\/li>\n<li>consortium agreements<\/li>\n<li>personnel mobility<\/li>\n<li>standards<\/li>\n<\/ul>\n<p>Therefore, through direct commercialisation channels and via public\/private partnership, the dissemination and transfer to the market of the generated knowledge can be ensured, with the objective of creating products and services to enhance social welfare.<\/p>\n<p>As an EU-funded project of the European Commission, the <a href=\"https:\/\/www.iprhelpdesk.eu\/\">European IPR Helpdesk<\/a> provides free-of-charge, qualified support on your possible questions regarding IP specificities in research projects as well as all other IP matters, which can be to your interest<a href=\"#_ftn3\" name=\"_ftnref3\">[3]<\/a>.<\/p>\n<p><span style=\"font-size: 8pt;\"><a href=\"#_ftnref1\" name=\"_ftn1\">[1]<\/a> A fundamental role in the exploitation of research results is certainly played by Technology Transfer Offices (TTOs) within research centres and the IP departments in companies.<br \/>\n<\/span><span style=\"font-size: 8pt;\"><a href=\"#_ftnref2\" name=\"_ftn2\">[2]<\/a> Industry hiring, secondments, student placement, and the like.<\/span><span style=\"font-size: 8pt;\"><br \/>\n<a href=\"#_ftnref3\" name=\"_ftn3\">[3]<\/a> For further information on the topic, please see the dedicated materials of the European IPR Helpdesk, available in our <a href=\"https:\/\/www.iprhelpdesk.eu\/library\">library<\/a>, and register to our webinars, such as the webinar on <a href=\"https:\/\/www.iprhelpdesk.eu\/event\/4069-webinar-ip-eu-funded-projectshorizon-2020\">IP in EU-funded Projects\/Horizon 2020<\/a>.<\/span><\/p>\n<p style=\"text-align: right;\"><em>European IPR Helpdesk<\/em><\/p>\n<p>[\/vc_column_text][\/vc_column][\/vc_row][vc_row css=&#8221;.vc_custom_1462798912371{margin-bottom: 40px !important;}&#8221;][vc_column][vc_column_text]<\/p>\n<h2 id=\"inkjet\"><span style=\"font-size: 36pt; color: #003399;\"><strong>Formulation of reactive inks: reactive inkjet printing of polyurethane foams<\/strong><\/span><\/h2>\n<p><img data-attachment-id=\"3476\" data-permalink=\"https:\/\/www.euchems.eu\/newsletters\/chemistry-in-europe-2017-4\/171024-cie-2017-4-igb\/\" data-orig-file=\"https:\/\/i0.wp.com\/www.euchems.eu\/newsletters\/wp-content\/uploads\/2017\/10\/171024-CiE-2017-4-IGB.png?fit=522%2C344&amp;ssl=1\" data-orig-size=\"522,344\" data-comments-opened=\"0\" data-image-meta=\"{&quot;aperture&quot;:&quot;0&quot;,&quot;credit&quot;:&quot;&quot;,&quot;camera&quot;:&quot;&quot;,&quot;caption&quot;:&quot;&quot;,&quot;created_timestamp&quot;:&quot;0&quot;,&quot;copyright&quot;:&quot;&quot;,&quot;focal_length&quot;:&quot;0&quot;,&quot;iso&quot;:&quot;0&quot;,&quot;shutter_speed&quot;:&quot;0&quot;,&quot;title&quot;:&quot;&quot;,&quot;orientation&quot;:&quot;0&quot;}\" data-image-title=\"171024 CiE 2017-4 IGB\" data-image-description=\"\" data-image-caption=\"\" data-medium-file=\"https:\/\/i0.wp.com\/www.euchems.eu\/newsletters\/wp-content\/uploads\/2017\/10\/171024-CiE-2017-4-IGB.png?fit=300%2C198&amp;ssl=1\" data-large-file=\"https:\/\/i0.wp.com\/www.euchems.eu\/newsletters\/wp-content\/uploads\/2017\/10\/171024-CiE-2017-4-IGB.png?fit=522%2C344&amp;ssl=1\" loading=\"lazy\" class=\"alignleft wp-image-3476 size-medium\" src=\"https:\/\/i0.wp.com\/www.euchems.eu\/newsletters\/wp-content\/uploads\/2017\/10\/171024-CiE-2017-4-IGB-300x198.png?resize=300%2C198&#038;ssl=1\" alt=\"\" width=\"300\" height=\"198\" srcset=\"https:\/\/i0.wp.com\/www.euchems.eu\/newsletters\/wp-content\/uploads\/2017\/10\/171024-CiE-2017-4-IGB.png?resize=300%2C198&amp;ssl=1 300w, https:\/\/i0.wp.com\/www.euchems.eu\/newsletters\/wp-content\/uploads\/2017\/10\/171024-CiE-2017-4-IGB.png?w=522&amp;ssl=1 522w\" sizes=\"(max-width: 300px) 100vw, 300px\" data-recalc-dims=\"1\" \/><\/p>\n<p>Novel fabrication processes are currently subject to a variety of research fields. Digital printing can be used to produce well-known materials in an innovative fashion. Therefore, the Fraunhofer IGB focuses its research on inkjet printing as a manufacturing tool to individualize production processes.<\/p>\n<p>Combining printing and commonly known polyurethane chemistry has a high potential for future manufacturing. Currently, we are focusing on the production of polyurethane foams using two-component reactive inkjet printing. Here, two separate inks containing the reactive components are separately printed in a layer-by-layer procedure. The \u201cpolyol\u201d ink contains a polyethylene glycol (PEG) as the main carrier combined with a glycerol ethoxylate \u201cstar-PEG\u201d as the crosslinker. Furthermore, a foam stabilizing surfactant, catalysts, and water as the chemical blowing agent are present in the \u201cpolyol\u201d ink. The second ink contains the pure isocyanate compound. Here, a hexamethylene diisocyanate-based ink is used to obtain porous polyurethane structures. We found that our ink formulations were jettable using a 10 pL Fujifilm Dimatix printhead. Furthermore, microliter droplets that were placed on top of each other showed exothermic heat evolution as well as the corresponding polyurethane and polyurea band in FT-IR spectra. This confirms that the PU-reaction takes place even without mechanical mixing prior to the application.<a href=\"#_ftn1\" name=\"_ftnref1\">[1]<\/a><\/p>\n<p><a href=\"#_ftnref1\" name=\"_ftn1\"><span style=\"font-size: 8pt;\">[1]<\/span><\/a><span style=\"font-size: 8pt;\"> Further information on the topic of reactive inkjet printing can be found in: <em>. <\/em><em>Mater. Chem. C<\/em>, 2017,5, 6738-6744<\/span><\/p>\n<p style=\"text-align: right;\"><em>Achim Weber<br \/>\n<\/em><em>Fraunhofer Institute for Interfacial Engineering and Biotechnology IGB<\/em><\/p>\n<p>[\/vc_column_text][\/vc_column][\/vc_row][vc_row css=&#8221;.vc_custom_1462798912371{margin-bottom: 40px !important;}&#8221;][vc_column][vc_column_text]<\/p>\n<h2 id=\"eycn\"><span style=\"font-size: 36pt; color: #003399;\"><strong>Mobility and mentoring: increasing employment of young people in the European chemical industry<\/strong><\/span><\/h2>\n<figure id=\"attachment_3473\" aria-describedby=\"caption-attachment-3473\" style=\"width: 300px\" class=\"wp-caption alignleft\"><img data-attachment-id=\"3473\" data-permalink=\"https:\/\/www.euchems.eu\/newsletters\/chemistry-in-europe-2017-4\/171024-cie-2017-4-eycn\/\" data-orig-file=\"https:\/\/i0.wp.com\/www.euchems.eu\/newsletters\/wp-content\/uploads\/2017\/10\/171024-CiE-2017-4-eycn.png?fit=578%2C468&amp;ssl=1\" data-orig-size=\"578,468\" data-comments-opened=\"0\" data-image-meta=\"{&quot;aperture&quot;:&quot;0&quot;,&quot;credit&quot;:&quot;&quot;,&quot;camera&quot;:&quot;&quot;,&quot;caption&quot;:&quot;&quot;,&quot;created_timestamp&quot;:&quot;0&quot;,&quot;copyright&quot;:&quot;&quot;,&quot;focal_length&quot;:&quot;0&quot;,&quot;iso&quot;:&quot;0&quot;,&quot;shutter_speed&quot;:&quot;0&quot;,&quot;title&quot;:&quot;&quot;,&quot;orientation&quot;:&quot;0&quot;}\" data-image-title=\"171024 CiE 2017-4 eycn\" data-image-description=\"\" data-image-caption=\"\" data-medium-file=\"https:\/\/i0.wp.com\/www.euchems.eu\/newsletters\/wp-content\/uploads\/2017\/10\/171024-CiE-2017-4-eycn.png?fit=300%2C243&amp;ssl=1\" data-large-file=\"https:\/\/i0.wp.com\/www.euchems.eu\/newsletters\/wp-content\/uploads\/2017\/10\/171024-CiE-2017-4-eycn.png?fit=578%2C468&amp;ssl=1\" loading=\"lazy\" class=\"wp-image-3473 size-medium\" src=\"https:\/\/i0.wp.com\/www.euchems.eu\/newsletters\/wp-content\/uploads\/2017\/10\/171024-CiE-2017-4-eycn-300x243.png?resize=300%2C243&#038;ssl=1\" alt=\"\" width=\"300\" height=\"243\" srcset=\"https:\/\/i0.wp.com\/www.euchems.eu\/newsletters\/wp-content\/uploads\/2017\/10\/171024-CiE-2017-4-eycn.png?resize=300%2C243&amp;ssl=1 300w, https:\/\/i0.wp.com\/www.euchems.eu\/newsletters\/wp-content\/uploads\/2017\/10\/171024-CiE-2017-4-eycn.png?w=578&amp;ssl=1 578w\" sizes=\"(max-width: 300px) 100vw, 300px\" data-recalc-dims=\"1\" \/><figcaption id=\"caption-attachment-3473\" class=\"wp-caption-text\">EYCN representatives (Fernando Gomoll\u00f3n-Bel, Diana Ferreira, Alice Sold\u00e1, Jelena Lazi\u0107 and David Concei\u00e7\u00e3o) at the \u201cMobility and Mentoring\u201d project conference in Lisbon in September 2017<\/figcaption><\/figure>\n<p>\u201cMobility is a key value for young chemists who want to find a job in the European chemical industry and might be indispensable for increasing the global economy.\u201d With these words, Dr. Roland Leroux, President of <a href=\"http:\/\/www.feccia.org\/en\/\">FECCIA<\/a>, opened the \u2018Mobility and Mentoring\u2019 conference in Lisbon. The \u2018Mobility and Mentoring\u2019 platform aims to increase and support the mobility of young workers in the EU through mentoring. Yves Verschueren, President of the <a href=\"http:\/\/www.eceg.org\/\">ECEG<\/a> believes that this project is the perfect example of the importance of European cooperation as a tool to improve international competitiveness.<\/p>\n<p>According to Eurostat Statistics (2014), young workers have been severely hit since the start of the economic crisis in 2008. In the first quarter of 2013, youth unemployment reached an all-time peak of 23.6% across the EU-28. The situation was even worse in southern countries like Greece, Spain, Italy, and Portugal, where young unemployment reached 57.3%, 54.9%, 41.8%, and 34.8%, respectively. In parallel, labour mobility of young workers across the EU-28 is particularly low; the European Commission found that in 2015, only 3.7% of employees work in an EU country different from their own. Aside from language, a hypothesised factor impacting on mobility of youngsters across the EU-28 is the lack of knowledge of the respective working, social, and cultural conditions in other countries.<\/p>\n<p>Project partners (ECEG, FECCIA and <a href=\"http:\/\/www.industriall-union.org\/\">industriAll<\/a>) have embarked on this challenging \u2018Mobility and Mentoring\u2019 project funded by the European Commission and led by Dr. Andreas B\u00fccker. The European Young Chemists\u2019 Network (EYCN), with more than 35,000 members in 22 countries, aligned itself with the project, which aims to encourage young workers mobility in the search for job opportunities across Europe. This is achieved through an online platform that offers users qualified support through a dedicated mentor network, supported by both employees and employers. The <a href=\"http:\/\/www.mobilitymentoringportal.eu\/\">Mobility Mentoring Portal (MMP)<\/a> will be available from December 1<sup>st<\/sup> 2017. MMP will allow young chemists looking for opportunities to connect with a mentor in the destination country. All mentors across Europe received training through a series of workshops, where they were trained to support mentees throughout the process of moving to a different country.<\/p>\n<p>The EYCN has engaged in collaboration with this project since its creation in 2016. We are grateful to the coordinators for inviting us to Lisbon, and we will also help to promote the MMP to help young chemists in their professional journeys.<\/p>\n<p style=\"text-align: right;\"><em>Alice Sold\u00e1, Chair of the EYCN<br \/>\n<\/em><em>Fernando Gomoll\u00f3n-Bel, Advisor of the EYCN<\/em><\/p>\n<p>[\/vc_column_text][\/vc_column][\/vc_row]<\/p>\n","protected":false},"excerpt":{"rendered":"<p>[vc_row css=&#8221;.vc_custom_1462799152464{margin-top: 0px !important;margin-right: 0px !important;margin-bottom: 40px !important;margin-left: 0px !important;border-top-width: 0px !important;border-right-width: 0px !important;border-bottom-width: 6px !important;border-left-width: 0px !important;padding-top: 0px !important;padding-right: &hellip; <\/p>\n","protected":false},"author":1,"featured_media":0,"parent":3435,"menu_order":0,"comment_status":"closed","ping_status":"closed","template":"","meta":{"jetpack_post_was_ever_published":false},"yoast_head":"<!-- This site is optimized with the Yoast SEO plugin v20.6 - https:\/\/yoast.com\/wordpress\/plugins\/seo\/ -->\n<title>Research - EuChemS Newsletters<\/title>\n<meta name=\"robots\" content=\"index, follow, max-snippet:-1, max-image-preview:large, max-video-preview:-1\" \/>\n<link rel=\"canonical\" href=\"https:\/\/www.euchems.eu\/newsletters\/chemistry-in-europe-2017-4\/research\/\" \/>\n<meta property=\"og:locale\" content=\"en_US\" \/>\n<meta property=\"og:type\" content=\"article\" \/>\n<meta property=\"og:title\" content=\"Research - EuChemS Newsletters\" \/>\n<meta property=\"og:description\" content=\"[vc_row css=&#8221;.vc_custom_1462799152464{margin-top: 0px !important;margin-right: 0px !important;margin-bottom: 40px !important;margin-left: 0px !important;border-top-width: 0px !important;border-right-width: 0px !important;border-bottom-width: 6px !important;border-left-width: 0px !important;padding-top: 0px !important;padding-right: &hellip;\" \/>\n<meta property=\"og:url\" content=\"https:\/\/www.euchems.eu\/newsletters\/chemistry-in-europe-2017-4\/research\/\" \/>\n<meta property=\"og:site_name\" content=\"EuChemS Newsletters\" \/>\n<meta property=\"article:modified_time\" content=\"2017-11-07T09:15:42+00:00\" \/>\n<meta property=\"og:image\" content=\"https:\/\/www.euchems.eu\/newsletters\/wp-content\/uploads\/2017\/10\/171024-CiE-2017-4-IPR-300x208.png\" \/>\n<meta name=\"twitter:card\" content=\"summary_large_image\" \/>\n<meta name=\"twitter:label1\" content=\"Est. reading time\" \/>\n\t<meta name=\"twitter:data1\" content=\"7 minutes\" \/>\n<script type=\"application\/ld+json\" class=\"yoast-schema-graph\">{\"@context\":\"https:\/\/schema.org\",\"@graph\":[{\"@type\":\"WebPage\",\"@id\":\"https:\/\/www.euchems.eu\/newsletters\/chemistry-in-europe-2017-4\/research\/\",\"url\":\"https:\/\/www.euchems.eu\/newsletters\/chemistry-in-europe-2017-4\/research\/\",\"name\":\"Research - EuChemS Newsletters\",\"isPartOf\":{\"@id\":\"https:\/\/www.euchems.eu\/newsletters\/#website\"},\"datePublished\":\"2017-10-24T13:15:03+00:00\",\"dateModified\":\"2017-11-07T09:15:42+00:00\",\"breadcrumb\":{\"@id\":\"https:\/\/www.euchems.eu\/newsletters\/chemistry-in-europe-2017-4\/research\/#breadcrumb\"},\"inLanguage\":\"en-US\",\"potentialAction\":[{\"@type\":\"ReadAction\",\"target\":[\"https:\/\/www.euchems.eu\/newsletters\/chemistry-in-europe-2017-4\/research\/\"]}]},{\"@type\":\"BreadcrumbList\",\"@id\":\"https:\/\/www.euchems.eu\/newsletters\/chemistry-in-europe-2017-4\/research\/#breadcrumb\",\"itemListElement\":[{\"@type\":\"ListItem\",\"position\":1,\"name\":\"Home\",\"item\":\"https:\/\/www.euchems.eu\/newsletters\/\"},{\"@type\":\"ListItem\",\"position\":2,\"name\":\"Chemistry in Europe \u2022 2017-4\",\"item\":\"https:\/\/www.euchems.eu\/newsletters\/chemistry-in-europe-2017-4\/\"},{\"@type\":\"ListItem\",\"position\":3,\"name\":\"Research\"}]},{\"@type\":\"WebSite\",\"@id\":\"https:\/\/www.euchems.eu\/newsletters\/#website\",\"url\":\"https:\/\/www.euchems.eu\/newsletters\/\",\"name\":\"EuChemS Newsletters\",\"description\":\"\",\"potentialAction\":[{\"@type\":\"SearchAction\",\"target\":{\"@type\":\"EntryPoint\",\"urlTemplate\":\"https:\/\/www.euchems.eu\/newsletters\/?s={search_term_string}\"},\"query-input\":\"required name=search_term_string\"}],\"inLanguage\":\"en-US\"}]}<\/script>\n<!-- \/ Yoast SEO plugin. -->","yoast_head_json":{"title":"Research - EuChemS Newsletters","robots":{"index":"index","follow":"follow","max-snippet":"max-snippet:-1","max-image-preview":"max-image-preview:large","max-video-preview":"max-video-preview:-1"},"canonical":"https:\/\/www.euchems.eu\/newsletters\/chemistry-in-europe-2017-4\/research\/","og_locale":"en_US","og_type":"article","og_title":"Research - EuChemS Newsletters","og_description":"[vc_row css=&#8221;.vc_custom_1462799152464{margin-top: 0px !important;margin-right: 0px !important;margin-bottom: 40px !important;margin-left: 0px !important;border-top-width: 0px !important;border-right-width: 0px !important;border-bottom-width: 6px !important;border-left-width: 0px !important;padding-top: 0px !important;padding-right: &hellip;","og_url":"https:\/\/www.euchems.eu\/newsletters\/chemistry-in-europe-2017-4\/research\/","og_site_name":"EuChemS Newsletters","article_modified_time":"2017-11-07T09:15:42+00:00","og_image":[{"url":"https:\/\/www.euchems.eu\/newsletters\/wp-content\/uploads\/2017\/10\/171024-CiE-2017-4-IPR-300x208.png"}],"twitter_card":"summary_large_image","twitter_misc":{"Est. reading time":"7 minutes"},"schema":{"@context":"https:\/\/schema.org","@graph":[{"@type":"WebPage","@id":"https:\/\/www.euchems.eu\/newsletters\/chemistry-in-europe-2017-4\/research\/","url":"https:\/\/www.euchems.eu\/newsletters\/chemistry-in-europe-2017-4\/research\/","name":"Research - EuChemS Newsletters","isPartOf":{"@id":"https:\/\/www.euchems.eu\/newsletters\/#website"},"datePublished":"2017-10-24T13:15:03+00:00","dateModified":"2017-11-07T09:15:42+00:00","breadcrumb":{"@id":"https:\/\/www.euchems.eu\/newsletters\/chemistry-in-europe-2017-4\/research\/#breadcrumb"},"inLanguage":"en-US","potentialAction":[{"@type":"ReadAction","target":["https:\/\/www.euchems.eu\/newsletters\/chemistry-in-europe-2017-4\/research\/"]}]},{"@type":"BreadcrumbList","@id":"https:\/\/www.euchems.eu\/newsletters\/chemistry-in-europe-2017-4\/research\/#breadcrumb","itemListElement":[{"@type":"ListItem","position":1,"name":"Home","item":"https:\/\/www.euchems.eu\/newsletters\/"},{"@type":"ListItem","position":2,"name":"Chemistry in Europe \u2022 2017-4","item":"https:\/\/www.euchems.eu\/newsletters\/chemistry-in-europe-2017-4\/"},{"@type":"ListItem","position":3,"name":"Research"}]},{"@type":"WebSite","@id":"https:\/\/www.euchems.eu\/newsletters\/#website","url":"https:\/\/www.euchems.eu\/newsletters\/","name":"EuChemS Newsletters","description":"","potentialAction":[{"@type":"SearchAction","target":{"@type":"EntryPoint","urlTemplate":"https:\/\/www.euchems.eu\/newsletters\/?s={search_term_string}"},"query-input":"required name=search_term_string"}],"inLanguage":"en-US"}]}},"jetpack_shortlink":"https:\/\/wp.me\/P7iPLy-Tx","jetpack_sharing_enabled":true,"_links":{"self":[{"href":"https:\/\/www.euchems.eu\/newsletters\/wp-json\/wp\/v2\/pages\/3443"}],"collection":[{"href":"https:\/\/www.euchems.eu\/newsletters\/wp-json\/wp\/v2\/pages"}],"about":[{"href":"https:\/\/www.euchems.eu\/newsletters\/wp-json\/wp\/v2\/types\/page"}],"author":[{"embeddable":true,"href":"https:\/\/www.euchems.eu\/newsletters\/wp-json\/wp\/v2\/users\/1"}],"replies":[{"embeddable":true,"href":"https:\/\/www.euchems.eu\/newsletters\/wp-json\/wp\/v2\/comments?post=3443"}],"version-history":[{"count":11,"href":"https:\/\/www.euchems.eu\/newsletters\/wp-json\/wp\/v2\/pages\/3443\/revisions"}],"predecessor-version":[{"id":3546,"href":"https:\/\/www.euchems.eu\/newsletters\/wp-json\/wp\/v2\/pages\/3443\/revisions\/3546"}],"up":[{"embeddable":true,"href":"https:\/\/www.euchems.eu\/newsletters\/wp-json\/wp\/v2\/pages\/3435"}],"wp:attachment":[{"href":"https:\/\/www.euchems.eu\/newsletters\/wp-json\/wp\/v2\/media?parent=3443"}],"curies":[{"name":"wp","href":"https:\/\/api.w.org\/{rel}","templated":true}]}}