{"id":2952,"date":"2017-07-24T09:27:55","date_gmt":"2017-07-24T08:27:55","guid":{"rendered":"http:\/\/www.euchems.eu\/newsletters\/?page_id=2952"},"modified":"2017-07-24T17:44:28","modified_gmt":"2017-07-24T16:44:28","slug":"who-is-who","status":"publish","type":"page","link":"https:\/\/www.euchems.eu\/newsletters\/chemistry-in-europe-2017-3\/who-is-who\/","title":{"rendered":"Who is Who"},"content":{"rendered":"<p>[vc_row css=&#8221;.vc_custom_1462799152464{margin-top: 0px !important;margin-right: 0px !important;margin-bottom: 40px !important;margin-left: 0px !important;border-top-width: 0px !important;border-right-width: 0px !important;border-bottom-width: 6px !important;border-left-width: 0px !important;padding-top: 0px !important;padding-right: 0px !important;padding-bottom: 10px !important;padding-left: 0px !important;border-left-color: #003399 !important;border-left-style: solid !important;border-right-color: #003399 !important;border-right-style: solid !important;border-top-color: #003399 !important;border-top-style: solid !important;border-bottom-color: #003399 !important;border-bottom-style: solid !important;}&#8221;][vc_column el_class=&#8221;kw-menu-topics&#8221; css=&#8221;.vc_custom_1462791631311{margin-top: 0px !important;margin-right: 0px !important;margin-bottom: 0px !important;margin-left: 0px !important;}&#8221;][vc_column_text]<\/p>\n<ul>\n<li><a href=\"http:\/\/www.euchems.eu\/newsletters\/chemistry-in-europe-2017-3\/\">2017-3<\/a><\/li>\n<li><a href=\"http:\/\/www.euchems.eu\/newsletters\/chemistry-in-europe-2017-3\/policy\/\">Policy<\/a><\/li>\n<li><a href=\"http:\/\/www.euchems.eu\/newsletters\/chemistry-in-europe-2017-3\/research\/\">Research<\/a><\/li>\n<li><a href=\"http:\/\/www.euchems.eu\/newsletters\/chemistry-in-europe-2017-3\/members-perspectives\/\">Members\u00b4 Perspectives<\/a><\/li>\n<li class=\"topic-current\"><a href=\"http:\/\/www.euchems.eu\/newsletters\/chemistry-in-europe-2017-3\/who-is-who\/\">Who is Who<\/a><\/li>\n<li><a href=\"http:\/\/www.euchems.eu\/newsletters\/chemistry-in-europe-2017-3\/notes\/\">Notes<\/a><\/li>\n<li><a href=\"http:\/\/www.euchems.eu\/newsletters\/chemistry-in-europe-2017-3\/calendar\/\">Calendar<\/a><\/li>\n<li><a href=\"http:\/\/www.euchems.eu\/newsletters\/chemistry-in-europe-2017-3\/funny\/\">Funny<\/a><\/li>\n<li><a href=\"http:\/\/www.euchems.eu\/newsletters\/chemistry-in-europe-2017-3\/colophon\/\">Colophon<\/a><\/li>\n<\/ul>\n<p>[\/vc_column_text][\/vc_column][\/vc_row][vc_row][vc_column][mnky_heading title=&#8221;Who is Who&#8221; color=&#8221;#457ae6&#8243; line_color=&#8221;#e2e2e2&#8243; line_part_color=&#8221;#457ae6&#8243;][\/vc_column][\/vc_row][vc_row css=&#8221;.vc_custom_1462798912371{margin-bottom: 40px !important;}&#8221;][vc_column width=&#8221;1\/2&#8243;][vc_column_text]<img data-attachment-id=\"3000\" data-permalink=\"https:\/\/www.euchems.eu\/newsletters\/chemistry-in-europe-2017-3\/who-is-who\/170724-cie-2017-3-alice-solda\/\" data-orig-file=\"https:\/\/i0.wp.com\/www.euchems.eu\/newsletters\/wp-content\/uploads\/2017\/07\/170724-CiE-2017-3-Alice-Solda.png?fit=300%2C300&amp;ssl=1\" data-orig-size=\"300,300\" data-comments-opened=\"0\" data-image-meta=\"{&quot;aperture&quot;:&quot;0&quot;,&quot;credit&quot;:&quot;&quot;,&quot;camera&quot;:&quot;&quot;,&quot;caption&quot;:&quot;&quot;,&quot;created_timestamp&quot;:&quot;0&quot;,&quot;copyright&quot;:&quot;&quot;,&quot;focal_length&quot;:&quot;0&quot;,&quot;iso&quot;:&quot;0&quot;,&quot;shutter_speed&quot;:&quot;0&quot;,&quot;title&quot;:&quot;&quot;,&quot;orientation&quot;:&quot;0&quot;}\" data-image-title=\"170724 CiE 2017-3 Alice Solda\" data-image-description=\"\" data-image-caption=\"\" data-medium-file=\"https:\/\/i0.wp.com\/www.euchems.eu\/newsletters\/wp-content\/uploads\/2017\/07\/170724-CiE-2017-3-Alice-Solda.png?fit=300%2C300&amp;ssl=1\" data-large-file=\"https:\/\/i0.wp.com\/www.euchems.eu\/newsletters\/wp-content\/uploads\/2017\/07\/170724-CiE-2017-3-Alice-Solda.png?fit=300%2C300&amp;ssl=1\" loading=\"lazy\" class=\"alignleft wp-image-3000 size-thumbnail\" src=\"https:\/\/i0.wp.com\/www.euchems.eu\/newsletters\/wp-content\/uploads\/2017\/07\/170724-CiE-2017-3-Alice-Solda-150x150.png?resize=150%2C150&#038;ssl=1\" alt=\"\" width=\"150\" height=\"150\" srcset=\"https:\/\/i0.wp.com\/www.euchems.eu\/newsletters\/wp-content\/uploads\/2017\/07\/170724-CiE-2017-3-Alice-Solda.png?resize=150%2C150&amp;ssl=1 150w, https:\/\/i0.wp.com\/www.euchems.eu\/newsletters\/wp-content\/uploads\/2017\/07\/170724-CiE-2017-3-Alice-Solda.png?w=300&amp;ssl=1 300w\" sizes=\"(max-width: 150px) 100vw, 150px\" data-recalc-dims=\"1\" \/><\/p>\n<p>Alice Sold\u00e0, Chair of the European Young Chemists\u00b4 Network.<br \/>\nAlice Sold\u00e0 is a Postdoctoral Research Fellow at University of Bologna, Italy.<\/p>\n<p>&nbsp;<\/p>\n<p><img data-attachment-id=\"2998\" data-permalink=\"https:\/\/www.euchems.eu\/newsletters\/chemistry-in-europe-2017-3\/who-is-who\/170724-cie-2017-3-torsten-john\/\" data-orig-file=\"https:\/\/i0.wp.com\/www.euchems.eu\/newsletters\/wp-content\/uploads\/2017\/07\/170724-CiE-2017-3-Torsten-John.png?fit=300%2C300&amp;ssl=1\" data-orig-size=\"300,300\" data-comments-opened=\"0\" data-image-meta=\"{&quot;aperture&quot;:&quot;0&quot;,&quot;credit&quot;:&quot;&quot;,&quot;camera&quot;:&quot;&quot;,&quot;caption&quot;:&quot;&quot;,&quot;created_timestamp&quot;:&quot;0&quot;,&quot;copyright&quot;:&quot;&quot;,&quot;focal_length&quot;:&quot;0&quot;,&quot;iso&quot;:&quot;0&quot;,&quot;shutter_speed&quot;:&quot;0&quot;,&quot;title&quot;:&quot;&quot;,&quot;orientation&quot;:&quot;0&quot;}\" data-image-title=\"170724 CiE 2017-3 Torsten John\" data-image-description=\"\" data-image-caption=\"\" data-medium-file=\"https:\/\/i0.wp.com\/www.euchems.eu\/newsletters\/wp-content\/uploads\/2017\/07\/170724-CiE-2017-3-Torsten-John.png?fit=300%2C300&amp;ssl=1\" data-large-file=\"https:\/\/i0.wp.com\/www.euchems.eu\/newsletters\/wp-content\/uploads\/2017\/07\/170724-CiE-2017-3-Torsten-John.png?fit=300%2C300&amp;ssl=1\" loading=\"lazy\" class=\"alignleft wp-image-2998 size-thumbnail\" src=\"https:\/\/i0.wp.com\/www.euchems.eu\/newsletters\/wp-content\/uploads\/2017\/07\/170724-CiE-2017-3-Torsten-John-150x150.png?resize=150%2C150&#038;ssl=1\" alt=\"\" width=\"150\" height=\"150\" srcset=\"https:\/\/i0.wp.com\/www.euchems.eu\/newsletters\/wp-content\/uploads\/2017\/07\/170724-CiE-2017-3-Torsten-John.png?resize=150%2C150&amp;ssl=1 150w, https:\/\/i0.wp.com\/www.euchems.eu\/newsletters\/wp-content\/uploads\/2017\/07\/170724-CiE-2017-3-Torsten-John.png?w=300&amp;ssl=1 300w\" sizes=\"(max-width: 150px) 100vw, 150px\" data-recalc-dims=\"1\" \/><\/p>\n<p>Torsten John, Secretary of the European Young Chemists\u00b4 Network.<br \/>\nTorsten John is a PhD Student at Leipzig University, Germany, and Monash University, Australia.<\/p>\n<p>&nbsp;<\/p>\n<p><img data-attachment-id=\"2997\" data-permalink=\"https:\/\/www.euchems.eu\/newsletters\/chemistry-in-europe-2017-3\/who-is-who\/170724-cie-2017-3-kseniia-otvagina\/\" data-orig-file=\"https:\/\/i0.wp.com\/www.euchems.eu\/newsletters\/wp-content\/uploads\/2017\/07\/170724-CiE-2017-3-Kseniia-Otvagina.png?fit=300%2C300&amp;ssl=1\" data-orig-size=\"300,300\" data-comments-opened=\"0\" data-image-meta=\"{&quot;aperture&quot;:&quot;0&quot;,&quot;credit&quot;:&quot;&quot;,&quot;camera&quot;:&quot;&quot;,&quot;caption&quot;:&quot;&quot;,&quot;created_timestamp&quot;:&quot;0&quot;,&quot;copyright&quot;:&quot;&quot;,&quot;focal_length&quot;:&quot;0&quot;,&quot;iso&quot;:&quot;0&quot;,&quot;shutter_speed&quot;:&quot;0&quot;,&quot;title&quot;:&quot;&quot;,&quot;orientation&quot;:&quot;0&quot;}\" data-image-title=\"170724 CiE 2017-3 Kseniia Otvagina\" data-image-description=\"\" data-image-caption=\"\" data-medium-file=\"https:\/\/i0.wp.com\/www.euchems.eu\/newsletters\/wp-content\/uploads\/2017\/07\/170724-CiE-2017-3-Kseniia-Otvagina.png?fit=300%2C300&amp;ssl=1\" data-large-file=\"https:\/\/i0.wp.com\/www.euchems.eu\/newsletters\/wp-content\/uploads\/2017\/07\/170724-CiE-2017-3-Kseniia-Otvagina.png?fit=300%2C300&amp;ssl=1\" loading=\"lazy\" class=\"wp-image-2997 size-thumbnail alignleft\" src=\"https:\/\/i0.wp.com\/www.euchems.eu\/newsletters\/wp-content\/uploads\/2017\/07\/170724-CiE-2017-3-Kseniia-Otvagina-150x150.png?resize=150%2C150&#038;ssl=1\" alt=\"\" width=\"150\" height=\"150\" srcset=\"https:\/\/i0.wp.com\/www.euchems.eu\/newsletters\/wp-content\/uploads\/2017\/07\/170724-CiE-2017-3-Kseniia-Otvagina.png?resize=150%2C150&amp;ssl=1 150w, https:\/\/i0.wp.com\/www.euchems.eu\/newsletters\/wp-content\/uploads\/2017\/07\/170724-CiE-2017-3-Kseniia-Otvagina.png?w=300&amp;ssl=1 300w\" sizes=\"(max-width: 150px) 100vw, 150px\" data-recalc-dims=\"1\" \/><\/p>\n<p>Kseniia Otvagina, Communications Team Leader of the European Young Chemists\u00b4 Network.<br \/>\nKseniia Otvagina is a PhD Student at Nizhny Novgorod State Technical University, Russia.<\/p>\n<p>&nbsp;<\/p>\n<p><img data-attachment-id=\"2996\" data-permalink=\"https:\/\/www.euchems.eu\/newsletters\/chemistry-in-europe-2017-3\/who-is-who\/170724-cie-2017-3-jelena-lazic\/\" data-orig-file=\"https:\/\/i0.wp.com\/www.euchems.eu\/newsletters\/wp-content\/uploads\/2017\/07\/170724-CiE-2017-3-Jelena-Lazic.png?fit=300%2C300&amp;ssl=1\" data-orig-size=\"300,300\" data-comments-opened=\"0\" data-image-meta=\"{&quot;aperture&quot;:&quot;0&quot;,&quot;credit&quot;:&quot;&quot;,&quot;camera&quot;:&quot;&quot;,&quot;caption&quot;:&quot;&quot;,&quot;created_timestamp&quot;:&quot;0&quot;,&quot;copyright&quot;:&quot;&quot;,&quot;focal_length&quot;:&quot;0&quot;,&quot;iso&quot;:&quot;0&quot;,&quot;shutter_speed&quot;:&quot;0&quot;,&quot;title&quot;:&quot;&quot;,&quot;orientation&quot;:&quot;0&quot;}\" data-image-title=\"170724 CiE 2017-3 Jelena Lazic\" data-image-description=\"\" data-image-caption=\"\" data-medium-file=\"https:\/\/i0.wp.com\/www.euchems.eu\/newsletters\/wp-content\/uploads\/2017\/07\/170724-CiE-2017-3-Jelena-Lazic.png?fit=300%2C300&amp;ssl=1\" data-large-file=\"https:\/\/i0.wp.com\/www.euchems.eu\/newsletters\/wp-content\/uploads\/2017\/07\/170724-CiE-2017-3-Jelena-Lazic.png?fit=300%2C300&amp;ssl=1\" loading=\"lazy\" class=\"alignleft wp-image-2996 size-thumbnail\" src=\"https:\/\/i0.wp.com\/www.euchems.eu\/newsletters\/wp-content\/uploads\/2017\/07\/170724-CiE-2017-3-Jelena-Lazic-150x150.png?resize=150%2C150&#038;ssl=1\" alt=\"\" width=\"150\" height=\"150\" srcset=\"https:\/\/i0.wp.com\/www.euchems.eu\/newsletters\/wp-content\/uploads\/2017\/07\/170724-CiE-2017-3-Jelena-Lazic.png?resize=150%2C150&amp;ssl=1 150w, https:\/\/i0.wp.com\/www.euchems.eu\/newsletters\/wp-content\/uploads\/2017\/07\/170724-CiE-2017-3-Jelena-Lazic.png?w=300&amp;ssl=1 300w\" sizes=\"(max-width: 150px) 100vw, 150px\" data-recalc-dims=\"1\" \/><\/p>\n<p>Jelena Lazi\u0107, Membership Team Leader of the European Young Chemists\u00b4 Network.<br \/>\nJelena Lazi\u0107 is a PhD student at the University of Belgrade, Serbia.[\/vc_column_text][\/vc_column][vc_column width=&#8221;1\/2&#8243;][vc_column_text]<img data-attachment-id=\"2999\" data-permalink=\"https:\/\/www.euchems.eu\/newsletters\/chemistry-in-europe-2017-3\/who-is-who\/170724-cie-2017-3-victor-mougel\/\" data-orig-file=\"https:\/\/i0.wp.com\/www.euchems.eu\/newsletters\/wp-content\/uploads\/2017\/07\/170724-CiE-2017-3-Victor-Mougel.png?fit=300%2C300&amp;ssl=1\" data-orig-size=\"300,300\" data-comments-opened=\"0\" data-image-meta=\"{&quot;aperture&quot;:&quot;0&quot;,&quot;credit&quot;:&quot;&quot;,&quot;camera&quot;:&quot;&quot;,&quot;caption&quot;:&quot;&quot;,&quot;created_timestamp&quot;:&quot;0&quot;,&quot;copyright&quot;:&quot;&quot;,&quot;focal_length&quot;:&quot;0&quot;,&quot;iso&quot;:&quot;0&quot;,&quot;shutter_speed&quot;:&quot;0&quot;,&quot;title&quot;:&quot;&quot;,&quot;orientation&quot;:&quot;0&quot;}\" data-image-title=\"170724 CiE 2017-3 Victor Mougel\" data-image-description=\"\" data-image-caption=\"\" data-medium-file=\"https:\/\/i0.wp.com\/www.euchems.eu\/newsletters\/wp-content\/uploads\/2017\/07\/170724-CiE-2017-3-Victor-Mougel.png?fit=300%2C300&amp;ssl=1\" data-large-file=\"https:\/\/i0.wp.com\/www.euchems.eu\/newsletters\/wp-content\/uploads\/2017\/07\/170724-CiE-2017-3-Victor-Mougel.png?fit=300%2C300&amp;ssl=1\" loading=\"lazy\" class=\"alignleft wp-image-2999 size-thumbnail\" src=\"https:\/\/i0.wp.com\/www.euchems.eu\/newsletters\/wp-content\/uploads\/2017\/07\/170724-CiE-2017-3-Victor-Mougel-150x150.png?resize=150%2C150&#038;ssl=1\" alt=\"\" width=\"150\" height=\"150\" srcset=\"https:\/\/i0.wp.com\/www.euchems.eu\/newsletters\/wp-content\/uploads\/2017\/07\/170724-CiE-2017-3-Victor-Mougel.png?resize=150%2C150&amp;ssl=1 150w, https:\/\/i0.wp.com\/www.euchems.eu\/newsletters\/wp-content\/uploads\/2017\/07\/170724-CiE-2017-3-Victor-Mougel.png?w=300&amp;ssl=1 300w\" sizes=\"(max-width: 150px) 100vw, 150px\" data-recalc-dims=\"1\" \/>Victor Mougel, Networks Team Leader of the European Young Chemists\u00b4 Network.<br \/>\nVictor Mougel is a CNRS Researcher at the College de France, Paris, France.<\/p>\n<p>&nbsp;<\/p>\n<p><img data-attachment-id=\"3002\" data-permalink=\"https:\/\/www.euchems.eu\/newsletters\/chemistry-in-europe-2017-3\/who-is-who\/170724-cie-2017-3-hanna-makowska\/\" data-orig-file=\"https:\/\/i0.wp.com\/www.euchems.eu\/newsletters\/wp-content\/uploads\/2017\/07\/170724-CiE-2017-3-Hanna-Makowska.png?fit=300%2C300&amp;ssl=1\" data-orig-size=\"300,300\" data-comments-opened=\"0\" data-image-meta=\"{&quot;aperture&quot;:&quot;0&quot;,&quot;credit&quot;:&quot;&quot;,&quot;camera&quot;:&quot;&quot;,&quot;caption&quot;:&quot;&quot;,&quot;created_timestamp&quot;:&quot;0&quot;,&quot;copyright&quot;:&quot;&quot;,&quot;focal_length&quot;:&quot;0&quot;,&quot;iso&quot;:&quot;0&quot;,&quot;shutter_speed&quot;:&quot;0&quot;,&quot;title&quot;:&quot;&quot;,&quot;orientation&quot;:&quot;0&quot;}\" data-image-title=\"170724 CiE 2017-3 Hanna Makowska\" data-image-description=\"\" data-image-caption=\"\" data-medium-file=\"https:\/\/i0.wp.com\/www.euchems.eu\/newsletters\/wp-content\/uploads\/2017\/07\/170724-CiE-2017-3-Hanna-Makowska.png?fit=300%2C300&amp;ssl=1\" data-large-file=\"https:\/\/i0.wp.com\/www.euchems.eu\/newsletters\/wp-content\/uploads\/2017\/07\/170724-CiE-2017-3-Hanna-Makowska.png?fit=300%2C300&amp;ssl=1\" loading=\"lazy\" class=\"alignleft wp-image-3002 size-thumbnail\" src=\"https:\/\/i0.wp.com\/www.euchems.eu\/newsletters\/wp-content\/uploads\/2017\/07\/170724-CiE-2017-3-Hanna-Makowska-150x150.png?resize=150%2C150&#038;ssl=1\" alt=\"\" width=\"150\" height=\"150\" srcset=\"https:\/\/i0.wp.com\/www.euchems.eu\/newsletters\/wp-content\/uploads\/2017\/07\/170724-CiE-2017-3-Hanna-Makowska.png?resize=150%2C150&amp;ssl=1 150w, https:\/\/i0.wp.com\/www.euchems.eu\/newsletters\/wp-content\/uploads\/2017\/07\/170724-CiE-2017-3-Hanna-Makowska.png?w=300&amp;ssl=1 300w\" sizes=\"(max-width: 150px) 100vw, 150px\" data-recalc-dims=\"1\" \/>Hanna Makowska, Science Team Leader of the European Young Chemists\u00b4 Network.<br \/>\nHanna Makowska is a Master student at the \u0141\u00f3d\u017a University of Technology, Poland.<\/p>\n<p>&nbsp;<\/p>\n<p><img data-attachment-id=\"3001\" data-permalink=\"https:\/\/www.euchems.eu\/newsletters\/chemistry-in-europe-2017-3\/who-is-who\/170724-cie-2017-3-fernando-gomollon-bel\/\" data-orig-file=\"https:\/\/i0.wp.com\/www.euchems.eu\/newsletters\/wp-content\/uploads\/2017\/07\/170724-CiE-2017-3-Fernando-Gomollon-Bel.png?fit=300%2C300&amp;ssl=1\" data-orig-size=\"300,300\" data-comments-opened=\"0\" data-image-meta=\"{&quot;aperture&quot;:&quot;0&quot;,&quot;credit&quot;:&quot;&quot;,&quot;camera&quot;:&quot;&quot;,&quot;caption&quot;:&quot;&quot;,&quot;created_timestamp&quot;:&quot;0&quot;,&quot;copyright&quot;:&quot;&quot;,&quot;focal_length&quot;:&quot;0&quot;,&quot;iso&quot;:&quot;0&quot;,&quot;shutter_speed&quot;:&quot;0&quot;,&quot;title&quot;:&quot;&quot;,&quot;orientation&quot;:&quot;0&quot;}\" data-image-title=\"170724 CiE 2017-3 Fernando Gomollon-Bel\" data-image-description=\"\" data-image-caption=\"\" data-medium-file=\"https:\/\/i0.wp.com\/www.euchems.eu\/newsletters\/wp-content\/uploads\/2017\/07\/170724-CiE-2017-3-Fernando-Gomollon-Bel.png?fit=300%2C300&amp;ssl=1\" data-large-file=\"https:\/\/i0.wp.com\/www.euchems.eu\/newsletters\/wp-content\/uploads\/2017\/07\/170724-CiE-2017-3-Fernando-Gomollon-Bel.png?fit=300%2C300&amp;ssl=1\" loading=\"lazy\" class=\"alignleft wp-image-3001 size-thumbnail\" src=\"https:\/\/i0.wp.com\/www.euchems.eu\/newsletters\/wp-content\/uploads\/2017\/07\/170724-CiE-2017-3-Fernando-Gomollon-Bel-150x150.png?resize=150%2C150&#038;ssl=1\" alt=\"\" width=\"150\" height=\"150\" srcset=\"https:\/\/i0.wp.com\/www.euchems.eu\/newsletters\/wp-content\/uploads\/2017\/07\/170724-CiE-2017-3-Fernando-Gomollon-Bel.png?resize=150%2C150&amp;ssl=1 150w, https:\/\/i0.wp.com\/www.euchems.eu\/newsletters\/wp-content\/uploads\/2017\/07\/170724-CiE-2017-3-Fernando-Gomollon-Bel.png?w=300&amp;ssl=1 300w\" sizes=\"(max-width: 150px) 100vw, 150px\" data-recalc-dims=\"1\" \/>Fernando Gomoll\u00f3n-Bel, adviser of the European Young Chemists\u00b4 Network.<br \/>\nFernando Gomoll\u00f3n-Bel is Science Communicator at the Institute of Chemical Research of Catalonia, Spain.[\/vc_column_text][\/vc_column][\/vc_row]<\/p>\n","protected":false},"excerpt":{"rendered":"<p>[vc_row css=&#8221;.vc_custom_1462799152464{margin-top: 0px !important;margin-right: 0px !important;margin-bottom: 40px !important;margin-left: 0px !important;border-top-width: 0px !important;border-right-width: 0px !important;border-bottom-width: 6px !important;border-left-width: 0px !important;padding-top: 0px !important;padding-right: &hellip; <\/p>\n","protected":false},"author":1,"featured_media":0,"parent":2943,"menu_order":0,"comment_status":"closed","ping_status":"closed","template":"","meta":{"jetpack_post_was_ever_published":false},"yoast_head":"<!-- This site is optimized with the Yoast SEO plugin v20.6 - https:\/\/yoast.com\/wordpress\/plugins\/seo\/ -->\n<title>Who is Who - EuChemS Newsletters<\/title>\n<meta name=\"robots\" content=\"index, follow, max-snippet:-1, max-image-preview:large, max-video-preview:-1\" \/>\n<link rel=\"canonical\" href=\"https:\/\/www.euchems.eu\/newsletters\/chemistry-in-europe-2017-3\/who-is-who\/\" \/>\n<meta property=\"og:locale\" content=\"en_US\" \/>\n<meta property=\"og:type\" content=\"article\" \/>\n<meta property=\"og:title\" content=\"Who is Who - EuChemS Newsletters\" \/>\n<meta property=\"og:description\" content=\"[vc_row css=&#8221;.vc_custom_1462799152464{margin-top: 0px !important;margin-right: 0px !important;margin-bottom: 40px !important;margin-left: 0px !important;border-top-width: 0px !important;border-right-width: 0px !important;border-bottom-width: 6px !important;border-left-width: 0px !important;padding-top: 0px !important;padding-right: &hellip;\" \/>\n<meta property=\"og:url\" content=\"https:\/\/www.euchems.eu\/newsletters\/chemistry-in-europe-2017-3\/who-is-who\/\" \/>\n<meta property=\"og:site_name\" content=\"EuChemS Newsletters\" \/>\n<meta property=\"article:modified_time\" content=\"2017-07-24T16:44:28+00:00\" \/>\n<meta property=\"og:image\" content=\"https:\/\/www.euchems.eu\/newsletters\/wp-content\/uploads\/2017\/07\/170724-CiE-2017-3-Alice-Solda-150x150.png\" \/>\n<meta name=\"twitter:card\" content=\"summary_large_image\" \/>\n<meta name=\"twitter:label1\" content=\"Est. reading time\" \/>\n\t<meta name=\"twitter:data1\" content=\"2 minutes\" \/>\n<script type=\"application\/ld+json\" class=\"yoast-schema-graph\">{\"@context\":\"https:\/\/schema.org\",\"@graph\":[{\"@type\":\"WebPage\",\"@id\":\"https:\/\/www.euchems.eu\/newsletters\/chemistry-in-europe-2017-3\/who-is-who\/\",\"url\":\"https:\/\/www.euchems.eu\/newsletters\/chemistry-in-europe-2017-3\/who-is-who\/\",\"name\":\"Who is Who - EuChemS Newsletters\",\"isPartOf\":{\"@id\":\"https:\/\/www.euchems.eu\/newsletters\/#website\"},\"datePublished\":\"2017-07-24T08:27:55+00:00\",\"dateModified\":\"2017-07-24T16:44:28+00:00\",\"breadcrumb\":{\"@id\":\"https:\/\/www.euchems.eu\/newsletters\/chemistry-in-europe-2017-3\/who-is-who\/#breadcrumb\"},\"inLanguage\":\"en-US\",\"potentialAction\":[{\"@type\":\"ReadAction\",\"target\":[\"https:\/\/www.euchems.eu\/newsletters\/chemistry-in-europe-2017-3\/who-is-who\/\"]}]},{\"@type\":\"BreadcrumbList\",\"@id\":\"https:\/\/www.euchems.eu\/newsletters\/chemistry-in-europe-2017-3\/who-is-who\/#breadcrumb\",\"itemListElement\":[{\"@type\":\"ListItem\",\"position\":1,\"name\":\"Home\",\"item\":\"https:\/\/www.euchems.eu\/newsletters\/\"},{\"@type\":\"ListItem\",\"position\":2,\"name\":\"Chemistry in Europe \u2022 2017-3\",\"item\":\"https:\/\/www.euchems.eu\/newsletters\/chemistry-in-europe-2017-3\/\"},{\"@type\":\"ListItem\",\"position\":3,\"name\":\"Who is Who\"}]},{\"@type\":\"WebSite\",\"@id\":\"https:\/\/www.euchems.eu\/newsletters\/#website\",\"url\":\"https:\/\/www.euchems.eu\/newsletters\/\",\"name\":\"EuChemS Newsletters\",\"description\":\"\",\"potentialAction\":[{\"@type\":\"SearchAction\",\"target\":{\"@type\":\"EntryPoint\",\"urlTemplate\":\"https:\/\/www.euchems.eu\/newsletters\/?s={search_term_string}\"},\"query-input\":\"required name=search_term_string\"}],\"inLanguage\":\"en-US\"}]}<\/script>\n<!-- \/ Yoast SEO plugin. -->","yoast_head_json":{"title":"Who is Who - EuChemS Newsletters","robots":{"index":"index","follow":"follow","max-snippet":"max-snippet:-1","max-image-preview":"max-image-preview:large","max-video-preview":"max-video-preview:-1"},"canonical":"https:\/\/www.euchems.eu\/newsletters\/chemistry-in-europe-2017-3\/who-is-who\/","og_locale":"en_US","og_type":"article","og_title":"Who is Who - EuChemS Newsletters","og_description":"[vc_row css=&#8221;.vc_custom_1462799152464{margin-top: 0px !important;margin-right: 0px !important;margin-bottom: 40px !important;margin-left: 0px !important;border-top-width: 0px !important;border-right-width: 0px !important;border-bottom-width: 6px !important;border-left-width: 0px !important;padding-top: 0px !important;padding-right: &hellip;","og_url":"https:\/\/www.euchems.eu\/newsletters\/chemistry-in-europe-2017-3\/who-is-who\/","og_site_name":"EuChemS Newsletters","article_modified_time":"2017-07-24T16:44:28+00:00","og_image":[{"url":"https:\/\/www.euchems.eu\/newsletters\/wp-content\/uploads\/2017\/07\/170724-CiE-2017-3-Alice-Solda-150x150.png"}],"twitter_card":"summary_large_image","twitter_misc":{"Est. reading time":"2 minutes"},"schema":{"@context":"https:\/\/schema.org","@graph":[{"@type":"WebPage","@id":"https:\/\/www.euchems.eu\/newsletters\/chemistry-in-europe-2017-3\/who-is-who\/","url":"https:\/\/www.euchems.eu\/newsletters\/chemistry-in-europe-2017-3\/who-is-who\/","name":"Who is Who - EuChemS Newsletters","isPartOf":{"@id":"https:\/\/www.euchems.eu\/newsletters\/#website"},"datePublished":"2017-07-24T08:27:55+00:00","dateModified":"2017-07-24T16:44:28+00:00","breadcrumb":{"@id":"https:\/\/www.euchems.eu\/newsletters\/chemistry-in-europe-2017-3\/who-is-who\/#breadcrumb"},"inLanguage":"en-US","potentialAction":[{"@type":"ReadAction","target":["https:\/\/www.euchems.eu\/newsletters\/chemistry-in-europe-2017-3\/who-is-who\/"]}]},{"@type":"BreadcrumbList","@id":"https:\/\/www.euchems.eu\/newsletters\/chemistry-in-europe-2017-3\/who-is-who\/#breadcrumb","itemListElement":[{"@type":"ListItem","position":1,"name":"Home","item":"https:\/\/www.euchems.eu\/newsletters\/"},{"@type":"ListItem","position":2,"name":"Chemistry in Europe \u2022 2017-3","item":"https:\/\/www.euchems.eu\/newsletters\/chemistry-in-europe-2017-3\/"},{"@type":"ListItem","position":3,"name":"Who is Who"}]},{"@type":"WebSite","@id":"https:\/\/www.euchems.eu\/newsletters\/#website","url":"https:\/\/www.euchems.eu\/newsletters\/","name":"EuChemS Newsletters","description":"","potentialAction":[{"@type":"SearchAction","target":{"@type":"EntryPoint","urlTemplate":"https:\/\/www.euchems.eu\/newsletters\/?s={search_term_string}"},"query-input":"required name=search_term_string"}],"inLanguage":"en-US"}]}},"jetpack_shortlink":"https:\/\/wp.me\/P7iPLy-LC","jetpack_sharing_enabled":true,"_links":{"self":[{"href":"https:\/\/www.euchems.eu\/newsletters\/wp-json\/wp\/v2\/pages\/2952"}],"collection":[{"href":"https:\/\/www.euchems.eu\/newsletters\/wp-json\/wp\/v2\/pages"}],"about":[{"href":"https:\/\/www.euchems.eu\/newsletters\/wp-json\/wp\/v2\/types\/page"}],"author":[{"embeddable":true,"href":"https:\/\/www.euchems.eu\/newsletters\/wp-json\/wp\/v2\/users\/1"}],"replies":[{"embeddable":true,"href":"https:\/\/www.euchems.eu\/newsletters\/wp-json\/wp\/v2\/comments?post=2952"}],"version-history":[{"count":13,"href":"https:\/\/www.euchems.eu\/newsletters\/wp-json\/wp\/v2\/pages\/2952\/revisions"}],"predecessor-version":[{"id":3053,"href":"https:\/\/www.euchems.eu\/newsletters\/wp-json\/wp\/v2\/pages\/2952\/revisions\/3053"}],"up":[{"embeddable":true,"href":"https:\/\/www.euchems.eu\/newsletters\/wp-json\/wp\/v2\/pages\/2943"}],"wp:attachment":[{"href":"https:\/\/www.euchems.eu\/newsletters\/wp-json\/wp\/v2\/media?parent=2952"}],"curies":[{"name":"wp","href":"https:\/\/api.w.org\/{rel}","templated":true}]}}