{"id":2399,"date":"2017-05-02T10:14:26","date_gmt":"2017-05-02T09:14:26","guid":{"rendered":"http:\/\/www.euchems.eu\/newsletters\/?page_id=2399"},"modified":"2017-05-03T08:00:56","modified_gmt":"2017-05-03T07:00:56","slug":"who-is-who","status":"publish","type":"page","link":"https:\/\/www.euchems.eu\/newsletters\/chemistry-in-europe-2017-2\/who-is-who\/","title":{"rendered":"Who is Who"},"content":{"rendered":"<p>[vc_row css=&#8221;.vc_custom_1462799152464{margin-top: 0px !important;margin-right: 0px !important;margin-bottom: 40px !important;margin-left: 0px !important;border-top-width: 0px !important;border-right-width: 0px !important;border-bottom-width: 6px !important;border-left-width: 0px !important;padding-top: 0px !important;padding-right: 0px !important;padding-bottom: 10px !important;padding-left: 0px !important;border-left-color: #003399 !important;border-left-style: solid !important;border-right-color: #003399 !important;border-right-style: solid !important;border-top-color: #003399 !important;border-top-style: solid !important;border-bottom-color: #003399 !important;border-bottom-style: solid !important;}&#8221;][vc_column el_class=&#8221;kw-menu-topics&#8221; css=&#8221;.vc_custom_1462791631311{margin-top: 0px !important;margin-right: 0px !important;margin-bottom: 0px !important;margin-left: 0px !important;}&#8221;][vc_column_text]<\/p>\n<ul>\n<li><a href=\"http:\/\/www.euchems.eu\/newsletters\/chemistry-in-europe-2017-2\/\">2017-2<\/a><\/li>\n<li><a href=\"http:\/\/www.euchems.eu\/newsletters\/chemistry-in-europe-2017-2\/policy\/\">Policy<\/a><\/li>\n<li><a href=\"http:\/\/www.euchems.eu\/newsletters\/chemistry-in-europe-2017-2\/research\/\">Research<\/a><\/li>\n<li><a href=\"http:\/\/www.euchems.eu\/newsletters\/chemistry-in-europe-2017-2\/members-perspectives\/\">Members\u00b4 Perspectives<\/a><\/li>\n<li class=\"topic-current\"><a href=\"http:\/\/www.euchems.eu\/newsletters\/chemistry-in-europe-2017-2\/who-is-who\/\">Who is Who<\/a><\/li>\n<li><a href=\"http:\/\/www.euchems.eu\/newsletters\/chemistry-in-europe-2017-2\/notes\/\">Notes<\/a><\/li>\n<li><a href=\"http:\/\/www.euchems.eu\/newsletters\/chemistry-in-europe-2017-2\/calendar\/\">Calendar<\/a><\/li>\n<li><a href=\"http:\/\/www.euchems.eu\/newsletters\/chemistry-in-europe-2017-2\/funny\/\">Funny<\/a><\/li>\n<li><a href=\"http:\/\/www.euchems.eu\/newsletters\/chemistry-in-europe-2017-2\/colophon\/\">Colophon<\/a><\/li>\n<\/ul>\n<p>[\/vc_column_text][\/vc_column][\/vc_row][vc_row][vc_column][mnky_heading title=&#8221;Who is Who&#8221; color=&#8221;#457ae6&#8243; line_color=&#8221;#e2e2e2&#8243; line_part_color=&#8221;#457ae6&#8243;][\/vc_column][\/vc_row][vc_row css=&#8221;.vc_custom_1462798912371{margin-bottom: 40px !important;}&#8221;][vc_column width=&#8221;1\/2&#8243;][vc_column_text]<img data-attachment-id=\"2432\" data-permalink=\"https:\/\/www.euchems.eu\/newsletters\/chemistry-in-europe-2017-2\/who-is-who\/170502-cie2017-2-ernst-gruber\/\" data-orig-file=\"https:\/\/i0.wp.com\/www.euchems.eu\/newsletters\/wp-content\/uploads\/2017\/05\/170502-CiE2017-2-Ernst-Gruber.jpg?fit=2988%2C5312&amp;ssl=1\" data-orig-size=\"2988,5312\" data-comments-opened=\"1\" data-image-meta=\"{&quot;aperture&quot;:&quot;1.9&quot;,&quot;credit&quot;:&quot;&quot;,&quot;camera&quot;:&quot;SM-G920F&quot;,&quot;caption&quot;:&quot;&quot;,&quot;created_timestamp&quot;:&quot;1468948245&quot;,&quot;copyright&quot;:&quot;&quot;,&quot;focal_length&quot;:&quot;4.3&quot;,&quot;iso&quot;:&quot;160&quot;,&quot;shutter_speed&quot;:&quot;0.02&quot;,&quot;title&quot;:&quot;&quot;,&quot;orientation&quot;:&quot;1&quot;}\" data-image-title=\"170502 CiE2017-2 Ernst Gruber\" data-image-description=\"\" data-image-caption=\"\" data-medium-file=\"https:\/\/i0.wp.com\/www.euchems.eu\/newsletters\/wp-content\/uploads\/2017\/05\/170502-CiE2017-2-Ernst-Gruber.jpg?fit=169%2C300&amp;ssl=1\" data-large-file=\"https:\/\/i0.wp.com\/www.euchems.eu\/newsletters\/wp-content\/uploads\/2017\/05\/170502-CiE2017-2-Ernst-Gruber.jpg?fit=576%2C1024&amp;ssl=1\" loading=\"lazy\" class=\"alignleft wp-image-2432 size-thumbnail\" src=\"https:\/\/i0.wp.com\/www.euchems.eu\/newsletters\/wp-content\/uploads\/2017\/05\/170502-CiE2017-2-Ernst-Gruber-150x150.jpg?resize=150%2C150&#038;ssl=1\" alt=\"\" width=\"150\" height=\"150\" srcset=\"https:\/\/i0.wp.com\/www.euchems.eu\/newsletters\/wp-content\/uploads\/2017\/05\/170502-CiE2017-2-Ernst-Gruber.jpg?resize=150%2C150&amp;ssl=1 150w, https:\/\/i0.wp.com\/www.euchems.eu\/newsletters\/wp-content\/uploads\/2017\/05\/170502-CiE2017-2-Ernst-Gruber.jpg?zoom=2&amp;resize=150%2C150 300w, https:\/\/i0.wp.com\/www.euchems.eu\/newsletters\/wp-content\/uploads\/2017\/05\/170502-CiE2017-2-Ernst-Gruber.jpg?zoom=3&amp;resize=150%2C150 450w\" sizes=\"(max-width: 150px) 100vw, 150px\" data-recalc-dims=\"1\" \/>Ernst Gruber, President of the Austrian Chemical Society.<br \/>\nErnst Gruber is the Managing Director, Site and Operations Manager of Axalta Coating Systems Austria in Guntramsdorf.<\/p>\n<p>&nbsp;<\/p>\n<p><img data-attachment-id=\"2433\" data-permalink=\"https:\/\/www.euchems.eu\/newsletters\/chemistry-in-europe-2017-2\/who-is-who\/170502-cie2017-2-peter-simon\/\" data-orig-file=\"https:\/\/i0.wp.com\/www.euchems.eu\/newsletters\/wp-content\/uploads\/2017\/05\/170502-CiE2017-2-peter-\u0160imon.jpeg?fit=960%2C1280&amp;ssl=1\" data-orig-size=\"960,1280\" data-comments-opened=\"1\" data-image-meta=\"{&quot;aperture&quot;:&quot;2.8&quot;,&quot;credit&quot;:&quot;&quot;,&quot;camera&quot;:&quot;FinePix6900ZOOM&quot;,&quot;caption&quot;:&quot;&quot;,&quot;created_timestamp&quot;:&quot;1038996589&quot;,&quot;copyright&quot;:&quot;&quot;,&quot;focal_length&quot;:&quot;16.7&quot;,&quot;iso&quot;:&quot;100&quot;,&quot;shutter_speed&quot;:&quot;0&quot;,&quot;title&quot;:&quot;&quot;,&quot;orientation&quot;:&quot;1&quot;}\" data-image-title=\"170502 CiE2017-2 peter \u0160imon\" data-image-description=\"\" data-image-caption=\"\" data-medium-file=\"https:\/\/i0.wp.com\/www.euchems.eu\/newsletters\/wp-content\/uploads\/2017\/05\/170502-CiE2017-2-peter-\u0160imon.jpeg?fit=225%2C300&amp;ssl=1\" data-large-file=\"https:\/\/i0.wp.com\/www.euchems.eu\/newsletters\/wp-content\/uploads\/2017\/05\/170502-CiE2017-2-peter-\u0160imon.jpeg?fit=768%2C1024&amp;ssl=1\" loading=\"lazy\" class=\"alignleft wp-image-2433 size-thumbnail\" src=\"https:\/\/i0.wp.com\/www.euchems.eu\/newsletters\/wp-content\/uploads\/2017\/05\/170502-CiE2017-2-peter-\u0160imon-150x150.jpeg?resize=150%2C150&#038;ssl=1\" alt=\"\" width=\"150\" height=\"150\" srcset=\"https:\/\/i0.wp.com\/www.euchems.eu\/newsletters\/wp-content\/uploads\/2017\/05\/170502-CiE2017-2-peter-\u0160imon.jpeg?resize=150%2C150&amp;ssl=1 150w, https:\/\/i0.wp.com\/www.euchems.eu\/newsletters\/wp-content\/uploads\/2017\/05\/170502-CiE2017-2-peter-\u0160imon.jpeg?zoom=2&amp;resize=150%2C150 300w, https:\/\/i0.wp.com\/www.euchems.eu\/newsletters\/wp-content\/uploads\/2017\/05\/170502-CiE2017-2-peter-\u0160imon.jpeg?zoom=3&amp;resize=150%2C150 450w\" sizes=\"(max-width: 150px) 100vw, 150px\" data-recalc-dims=\"1\" \/>Peter \u0160imon, President of the Slovak Chemical Society.<br \/>\nPeter\u00a0\u0160imon is a professor at the Slovak University of Technology, Faculty of Chemical and Food Technology.[\/vc_column_text][\/vc_column][vc_column width=&#8221;1\/2&#8243;][vc_column_text]<img data-attachment-id=\"2440\" data-permalink=\"https:\/\/www.euchems.eu\/newsletters\/chemistry-in-europe-2017-2\/who-is-who\/170502-cie2017-2-slavica-razic\/\" data-orig-file=\"https:\/\/i0.wp.com\/www.euchems.eu\/newsletters\/wp-content\/uploads\/2017\/05\/170502-CiE2017-2-Slavica-Ra\u017ei\u0107.jpg?fit=3264%2C2907&amp;ssl=1\" data-orig-size=\"3264,2907\" data-comments-opened=\"1\" data-image-meta=\"{&quot;aperture&quot;:&quot;9&quot;,&quot;credit&quot;:&quot;&quot;,&quot;camera&quot;:&quot;NIKON D7000&quot;,&quot;caption&quot;:&quot;&quot;,&quot;created_timestamp&quot;:&quot;1492021215&quot;,&quot;copyright&quot;:&quot;&quot;,&quot;focal_length&quot;:&quot;62&quot;,&quot;iso&quot;:&quot;250&quot;,&quot;shutter_speed&quot;:&quot;0.005&quot;,&quot;title&quot;:&quot;&quot;,&quot;orientation&quot;:&quot;1&quot;}\" data-image-title=\"170502 CiE2017-2 Slavica Ra\u017ei\u0107\" data-image-description=\"\" data-image-caption=\"\" data-medium-file=\"https:\/\/i0.wp.com\/www.euchems.eu\/newsletters\/wp-content\/uploads\/2017\/05\/170502-CiE2017-2-Slavica-Ra\u017ei\u0107.jpg?fit=300%2C267&amp;ssl=1\" data-large-file=\"https:\/\/i0.wp.com\/www.euchems.eu\/newsletters\/wp-content\/uploads\/2017\/05\/170502-CiE2017-2-Slavica-Ra\u017ei\u0107.jpg?fit=940%2C837&amp;ssl=1\" loading=\"lazy\" class=\"alignleft wp-image-2440 size-thumbnail\" src=\"https:\/\/i0.wp.com\/www.euchems.eu\/newsletters\/wp-content\/uploads\/2017\/05\/170502-CiE2017-2-Slavica-Ra\u017ei\u0107-150x150.jpg?resize=150%2C150&#038;ssl=1\" alt=\"\" width=\"150\" height=\"150\" srcset=\"https:\/\/i0.wp.com\/www.euchems.eu\/newsletters\/wp-content\/uploads\/2017\/05\/170502-CiE2017-2-Slavica-Ra\u017ei\u0107.jpg?resize=150%2C150&amp;ssl=1 150w, https:\/\/i0.wp.com\/www.euchems.eu\/newsletters\/wp-content\/uploads\/2017\/05\/170502-CiE2017-2-Slavica-Ra\u017ei\u0107.jpg?zoom=2&amp;resize=150%2C150 300w, https:\/\/i0.wp.com\/www.euchems.eu\/newsletters\/wp-content\/uploads\/2017\/05\/170502-CiE2017-2-Slavica-Ra\u017ei\u0107.jpg?zoom=3&amp;resize=150%2C150 450w\" sizes=\"(max-width: 150px) 100vw, 150px\" data-recalc-dims=\"1\" \/>Slavica Ra\u017ei\u0107, Chair of the Division of Analytical Chemistry.<br \/>\nSlavica Ra\u017ei\u0107 is a professor at the University of Belgrade, Faculty of Pharmacy.<\/p>\n<p>&nbsp;<\/p>\n<p>&nbsp;<\/p>\n<p><img data-attachment-id=\"2441\" data-permalink=\"https:\/\/www.euchems.eu\/newsletters\/chemistry-in-europe-2017-2\/who-is-who\/170502-cie2017-2-sonsoles-martin-santamaria\/\" data-orig-file=\"https:\/\/i0.wp.com\/www.euchems.eu\/newsletters\/wp-content\/uploads\/2017\/05\/170502-CiE2017-2-Sonsoles-Mart\u00edn-Santamaria-e1493736782691.jpg?fit=294%2C345&amp;ssl=1\" data-orig-size=\"294,345\" data-comments-opened=\"1\" data-image-meta=\"{&quot;aperture&quot;:&quot;0&quot;,&quot;credit&quot;:&quot;&quot;,&quot;camera&quot;:&quot;&quot;,&quot;caption&quot;:&quot;&quot;,&quot;created_timestamp&quot;:&quot;0&quot;,&quot;copyright&quot;:&quot;&quot;,&quot;focal_length&quot;:&quot;0&quot;,&quot;iso&quot;:&quot;0&quot;,&quot;shutter_speed&quot;:&quot;0&quot;,&quot;title&quot;:&quot;&quot;,&quot;orientation&quot;:&quot;0&quot;}\" data-image-title=\"170502 CiE2017-2 Sonsoles Mart\u00edn-Santamaria\" data-image-description=\"\" data-image-caption=\"\" data-medium-file=\"https:\/\/i0.wp.com\/www.euchems.eu\/newsletters\/wp-content\/uploads\/2017\/05\/170502-CiE2017-2-Sonsoles-Mart\u00edn-Santamaria-e1493736782691.jpg?fit=256%2C300&amp;ssl=1\" data-large-file=\"https:\/\/i0.wp.com\/www.euchems.eu\/newsletters\/wp-content\/uploads\/2017\/05\/170502-CiE2017-2-Sonsoles-Mart\u00edn-Santamaria-e1493736782691.jpg?fit=294%2C345&amp;ssl=1\" loading=\"lazy\" class=\"alignleft wp-image-2441 size-thumbnail\" src=\"https:\/\/i0.wp.com\/www.euchems.eu\/newsletters\/wp-content\/uploads\/2017\/05\/170502-CiE2017-2-Sonsoles-Mart\u00edn-Santamaria-e1493736782691-150x150.jpg?resize=150%2C150&#038;ssl=1\" alt=\"\" width=\"150\" height=\"150\" data-recalc-dims=\"1\" \/>Sonsoles Mart\u00edn-Santamaria, Chair of the Division of Chemistry in Life Sciences.<br \/>\nSonsoles Mart\u00edn-Santamaria leads the Computational Chemical Biology at CSIC (Spanish Research Council).<\/p>\n<p>&nbsp;<\/p>\n<p><img data-attachment-id=\"2442\" data-permalink=\"https:\/\/www.euchems.eu\/newsletters\/chemistry-in-europe-2017-2\/who-is-who\/170502-cie2017-2-peter-szalay\/\" data-orig-file=\"https:\/\/i0.wp.com\/www.euchems.eu\/newsletters\/wp-content\/uploads\/2017\/05\/170502-CiE2017-2-P\u00e9ter-Szalay-e1493736861441.png?fit=789%2C816&amp;ssl=1\" data-orig-size=\"789,816\" data-comments-opened=\"1\" data-image-meta=\"{&quot;aperture&quot;:&quot;0&quot;,&quot;credit&quot;:&quot;&quot;,&quot;camera&quot;:&quot;&quot;,&quot;caption&quot;:&quot;&quot;,&quot;created_timestamp&quot;:&quot;0&quot;,&quot;copyright&quot;:&quot;&quot;,&quot;focal_length&quot;:&quot;0&quot;,&quot;iso&quot;:&quot;0&quot;,&quot;shutter_speed&quot;:&quot;0&quot;,&quot;title&quot;:&quot;&quot;,&quot;orientation&quot;:&quot;0&quot;}\" data-image-title=\"170502 CiE2017-2 P\u00e9ter Szalay\" data-image-description=\"\" data-image-caption=\"\" data-medium-file=\"https:\/\/i0.wp.com\/www.euchems.eu\/newsletters\/wp-content\/uploads\/2017\/05\/170502-CiE2017-2-P\u00e9ter-Szalay-e1493736861441.png?fit=290%2C300&amp;ssl=1\" data-large-file=\"https:\/\/i0.wp.com\/www.euchems.eu\/newsletters\/wp-content\/uploads\/2017\/05\/170502-CiE2017-2-P\u00e9ter-Szalay-e1493736861441.png?fit=768%2C1024&amp;ssl=1\" loading=\"lazy\" class=\"alignleft wp-image-2442 size-thumbnail\" src=\"https:\/\/i0.wp.com\/www.euchems.eu\/newsletters\/wp-content\/uploads\/2017\/05\/170502-CiE2017-2-P\u00e9ter-Szalay-e1493736861441-150x150.png?resize=150%2C150&#038;ssl=1\" alt=\"\" width=\"150\" height=\"150\" srcset=\"https:\/\/i0.wp.com\/www.euchems.eu\/newsletters\/wp-content\/uploads\/2017\/05\/170502-CiE2017-2-P\u00e9ter-Szalay-e1493736861441.png?resize=150%2C150&amp;ssl=1 150w, https:\/\/i0.wp.com\/www.euchems.eu\/newsletters\/wp-content\/uploads\/2017\/05\/170502-CiE2017-2-P\u00e9ter-Szalay-e1493736861441.png?zoom=2&amp;resize=150%2C150 300w, https:\/\/i0.wp.com\/www.euchems.eu\/newsletters\/wp-content\/uploads\/2017\/05\/170502-CiE2017-2-P\u00e9ter-Szalay-e1493736861441.png?zoom=3&amp;resize=150%2C150 450w\" sizes=\"(max-width: 150px) 100vw, 150px\" data-recalc-dims=\"1\" \/>P\u00e9ter Szalay, Chair of the Division of Computational and Theoretical Chemistry.<br \/>\nP\u00e9ter Szalay is a professor at the E\u00f6tv\u00f6s Lor\u00e1nd University.[\/vc_column_text][\/vc_column][\/vc_row]<\/p>\n","protected":false},"excerpt":{"rendered":"<p>[vc_row css=&#8221;.vc_custom_1462799152464{margin-top: 0px !important;margin-right: 0px !important;margin-bottom: 40px !important;margin-left: 0px !important;border-top-width: 0px !important;border-right-width: 0px !important;border-bottom-width: 6px !important;border-left-width: 0px !important;padding-top: 0px !important;padding-right: &hellip; <\/p>\n","protected":false},"author":1,"featured_media":0,"parent":2367,"menu_order":0,"comment_status":"closed","ping_status":"closed","template":"","meta":{"jetpack_post_was_ever_published":false},"yoast_head":"<!-- This site is optimized with the Yoast SEO plugin v20.6 - https:\/\/yoast.com\/wordpress\/plugins\/seo\/ -->\n<title>Who is Who - EuChemS Newsletters<\/title>\n<meta name=\"robots\" content=\"index, follow, max-snippet:-1, max-image-preview:large, max-video-preview:-1\" \/>\n<link rel=\"canonical\" href=\"https:\/\/www.euchems.eu\/newsletters\/chemistry-in-europe-2017-2\/who-is-who\/\" \/>\n<meta property=\"og:locale\" content=\"en_US\" \/>\n<meta property=\"og:type\" content=\"article\" \/>\n<meta property=\"og:title\" content=\"Who is Who - EuChemS Newsletters\" \/>\n<meta property=\"og:description\" content=\"[vc_row css=&#8221;.vc_custom_1462799152464{margin-top: 0px !important;margin-right: 0px !important;margin-bottom: 40px !important;margin-left: 0px !important;border-top-width: 0px !important;border-right-width: 0px !important;border-bottom-width: 6px !important;border-left-width: 0px !important;padding-top: 0px !important;padding-right: &hellip;\" \/>\n<meta property=\"og:url\" content=\"https:\/\/www.euchems.eu\/newsletters\/chemistry-in-europe-2017-2\/who-is-who\/\" \/>\n<meta property=\"og:site_name\" content=\"EuChemS Newsletters\" \/>\n<meta property=\"article:modified_time\" content=\"2017-05-03T07:00:56+00:00\" \/>\n<meta property=\"og:image\" content=\"https:\/\/www.euchems.eu\/newsletters\/wp-content\/uploads\/2017\/05\/170502-CiE2017-2-Ernst-Gruber-150x150.jpg\" \/>\n<meta name=\"twitter:card\" content=\"summary_large_image\" \/>\n<meta name=\"twitter:label1\" content=\"Est. reading time\" \/>\n\t<meta name=\"twitter:data1\" content=\"1 minute\" \/>\n<script type=\"application\/ld+json\" class=\"yoast-schema-graph\">{\"@context\":\"https:\/\/schema.org\",\"@graph\":[{\"@type\":\"WebPage\",\"@id\":\"https:\/\/www.euchems.eu\/newsletters\/chemistry-in-europe-2017-2\/who-is-who\/\",\"url\":\"https:\/\/www.euchems.eu\/newsletters\/chemistry-in-europe-2017-2\/who-is-who\/\",\"name\":\"Who is Who - EuChemS Newsletters\",\"isPartOf\":{\"@id\":\"https:\/\/www.euchems.eu\/newsletters\/#website\"},\"datePublished\":\"2017-05-02T09:14:26+00:00\",\"dateModified\":\"2017-05-03T07:00:56+00:00\",\"breadcrumb\":{\"@id\":\"https:\/\/www.euchems.eu\/newsletters\/chemistry-in-europe-2017-2\/who-is-who\/#breadcrumb\"},\"inLanguage\":\"en-US\",\"potentialAction\":[{\"@type\":\"ReadAction\",\"target\":[\"https:\/\/www.euchems.eu\/newsletters\/chemistry-in-europe-2017-2\/who-is-who\/\"]}]},{\"@type\":\"BreadcrumbList\",\"@id\":\"https:\/\/www.euchems.eu\/newsletters\/chemistry-in-europe-2017-2\/who-is-who\/#breadcrumb\",\"itemListElement\":[{\"@type\":\"ListItem\",\"position\":1,\"name\":\"Home\",\"item\":\"https:\/\/www.euchems.eu\/newsletters\/\"},{\"@type\":\"ListItem\",\"position\":2,\"name\":\"Chemistry in Europe \u2022 2017-2\",\"item\":\"https:\/\/www.euchems.eu\/newsletters\/chemistry-in-europe-2017-2\/\"},{\"@type\":\"ListItem\",\"position\":3,\"name\":\"Who is Who\"}]},{\"@type\":\"WebSite\",\"@id\":\"https:\/\/www.euchems.eu\/newsletters\/#website\",\"url\":\"https:\/\/www.euchems.eu\/newsletters\/\",\"name\":\"EuChemS Newsletters\",\"description\":\"\",\"potentialAction\":[{\"@type\":\"SearchAction\",\"target\":{\"@type\":\"EntryPoint\",\"urlTemplate\":\"https:\/\/www.euchems.eu\/newsletters\/?s={search_term_string}\"},\"query-input\":\"required name=search_term_string\"}],\"inLanguage\":\"en-US\"}]}<\/script>\n<!-- \/ Yoast SEO plugin. -->","yoast_head_json":{"title":"Who is Who - EuChemS Newsletters","robots":{"index":"index","follow":"follow","max-snippet":"max-snippet:-1","max-image-preview":"max-image-preview:large","max-video-preview":"max-video-preview:-1"},"canonical":"https:\/\/www.euchems.eu\/newsletters\/chemistry-in-europe-2017-2\/who-is-who\/","og_locale":"en_US","og_type":"article","og_title":"Who is Who - EuChemS Newsletters","og_description":"[vc_row css=&#8221;.vc_custom_1462799152464{margin-top: 0px !important;margin-right: 0px !important;margin-bottom: 40px !important;margin-left: 0px !important;border-top-width: 0px !important;border-right-width: 0px !important;border-bottom-width: 6px !important;border-left-width: 0px !important;padding-top: 0px !important;padding-right: &hellip;","og_url":"https:\/\/www.euchems.eu\/newsletters\/chemistry-in-europe-2017-2\/who-is-who\/","og_site_name":"EuChemS Newsletters","article_modified_time":"2017-05-03T07:00:56+00:00","og_image":[{"url":"https:\/\/www.euchems.eu\/newsletters\/wp-content\/uploads\/2017\/05\/170502-CiE2017-2-Ernst-Gruber-150x150.jpg"}],"twitter_card":"summary_large_image","twitter_misc":{"Est. reading time":"1 minute"},"schema":{"@context":"https:\/\/schema.org","@graph":[{"@type":"WebPage","@id":"https:\/\/www.euchems.eu\/newsletters\/chemistry-in-europe-2017-2\/who-is-who\/","url":"https:\/\/www.euchems.eu\/newsletters\/chemistry-in-europe-2017-2\/who-is-who\/","name":"Who is Who - EuChemS Newsletters","isPartOf":{"@id":"https:\/\/www.euchems.eu\/newsletters\/#website"},"datePublished":"2017-05-02T09:14:26+00:00","dateModified":"2017-05-03T07:00:56+00:00","breadcrumb":{"@id":"https:\/\/www.euchems.eu\/newsletters\/chemistry-in-europe-2017-2\/who-is-who\/#breadcrumb"},"inLanguage":"en-US","potentialAction":[{"@type":"ReadAction","target":["https:\/\/www.euchems.eu\/newsletters\/chemistry-in-europe-2017-2\/who-is-who\/"]}]},{"@type":"BreadcrumbList","@id":"https:\/\/www.euchems.eu\/newsletters\/chemistry-in-europe-2017-2\/who-is-who\/#breadcrumb","itemListElement":[{"@type":"ListItem","position":1,"name":"Home","item":"https:\/\/www.euchems.eu\/newsletters\/"},{"@type":"ListItem","position":2,"name":"Chemistry in Europe \u2022 2017-2","item":"https:\/\/www.euchems.eu\/newsletters\/chemistry-in-europe-2017-2\/"},{"@type":"ListItem","position":3,"name":"Who is Who"}]},{"@type":"WebSite","@id":"https:\/\/www.euchems.eu\/newsletters\/#website","url":"https:\/\/www.euchems.eu\/newsletters\/","name":"EuChemS Newsletters","description":"","potentialAction":[{"@type":"SearchAction","target":{"@type":"EntryPoint","urlTemplate":"https:\/\/www.euchems.eu\/newsletters\/?s={search_term_string}"},"query-input":"required name=search_term_string"}],"inLanguage":"en-US"}]}},"jetpack_shortlink":"https:\/\/wp.me\/P7iPLy-CH","jetpack_sharing_enabled":true,"_links":{"self":[{"href":"https:\/\/www.euchems.eu\/newsletters\/wp-json\/wp\/v2\/pages\/2399"}],"collection":[{"href":"https:\/\/www.euchems.eu\/newsletters\/wp-json\/wp\/v2\/pages"}],"about":[{"href":"https:\/\/www.euchems.eu\/newsletters\/wp-json\/wp\/v2\/types\/page"}],"author":[{"embeddable":true,"href":"https:\/\/www.euchems.eu\/newsletters\/wp-json\/wp\/v2\/users\/1"}],"replies":[{"embeddable":true,"href":"https:\/\/www.euchems.eu\/newsletters\/wp-json\/wp\/v2\/comments?post=2399"}],"version-history":[{"count":16,"href":"https:\/\/www.euchems.eu\/newsletters\/wp-json\/wp\/v2\/pages\/2399\/revisions"}],"predecessor-version":[{"id":2472,"href":"https:\/\/www.euchems.eu\/newsletters\/wp-json\/wp\/v2\/pages\/2399\/revisions\/2472"}],"up":[{"embeddable":true,"href":"https:\/\/www.euchems.eu\/newsletters\/wp-json\/wp\/v2\/pages\/2367"}],"wp:attachment":[{"href":"https:\/\/www.euchems.eu\/newsletters\/wp-json\/wp\/v2\/media?parent=2399"}],"curies":[{"name":"wp","href":"https:\/\/api.w.org\/{rel}","templated":true}]}}