{"id":17651,"date":"2022-11-30T15:01:31","date_gmt":"2022-11-30T14:01:31","guid":{"rendered":"https:\/\/www.euchems.eu\/newsletters\/?page_id=17651"},"modified":"2022-12-02T12:05:12","modified_gmt":"2022-12-02T11:05:12","slug":"members-perspectives","status":"publish","type":"page","link":"https:\/\/www.euchems.eu\/newsletters\/chemistry-in-europe-2022-4\/members-perspectives\/","title":{"rendered":"Members\u00b4 Perspectives"},"content":{"rendered":"<p>[vc_row css=&#8221;.vc_custom_1462799152464{margin-top: 0px !important;margin-right: 0px !important;margin-bottom: 40px !important;margin-left: 0px !important;border-top-width: 0px !important;border-right-width: 0px !important;border-bottom-width: 6px !important;border-left-width: 0px !important;padding-top: 0px !important;padding-right: 0px !important;padding-bottom: 10px !important;padding-left: 0px !important;border-left-color: #003399 !important;border-left-style: solid !important;border-right-color: #003399 !important;border-right-style: solid !important;border-top-color: #003399 !important;border-top-style: solid !important;border-bottom-color: #003399 !important;border-bottom-style: solid !important;}&#8221;][vc_column el_class=&#8221;kw-menu-topics&#8221; css=&#8221;.vc_custom_1462791631311{margin-top: 0px !important;margin-right: 0px !important;margin-bottom: 0px !important;margin-left: 0px !important;}&#8221;][vc_column_text]<\/p>\n<ul>\n<li><a href=\"http:\/\/www.euchems.eu\/newsletters\/chemistry-in-europe-2022-4\/\">2022-4<\/a><\/li>\n<li><a href=\"https:\/\/www.euchems.eu\/newsletters\/chemistry-in-europe-2022-4\/policy\/\">Policy<\/a><\/li>\n<li><a href=\"https:\/\/www.euchems.eu\/newsletters\/chemistry-in-europe-2022-4\/research\/\">Research<\/a><\/li>\n<li><a href=\"https:\/\/www.euchems.eu\/newsletters\/chemistry-in-europe-2022-4\/members-perspectives\/\">Members\u00b4 Perspectives<\/a><\/li>\n<li><a href=\"https:\/\/www.euchems.eu\/newsletters\/chemistry-in-europe-2022-4\/meet\/\">Meet&#8230;<\/a><\/li>\n<li><a href=\"https:\/\/www.euchems.eu\/newsletters\/chemistry-in-europe-2022-4\/networks\/\">Networks<\/a><\/li>\n<li><a href=\"https:\/\/www.euchems.eu\/newsletters\/chemistry-in-europe-2022-4\/chemistry-talks\/\">Chemistry Talks<\/a><\/li>\n<li><a href=\"https:\/\/www.euchems.eu\/newsletters\/chemistry-in-europe-2022-4\/calendar\/\">Calendar<\/a><\/li>\n<li><a href=\"https:\/\/www.euchems.eu\/newsletters\/chemistry-in-europe-2022-4\/colophon\/\">Colophon<\/a><\/li>\n<\/ul>\n<p>[\/vc_column_text][\/vc_column][\/vc_row][vc_row][vc_column][mnky_heading title=&#8221;Members Perspectives&#8221; color=&#8221;#457ae6&#8243; line_color=&#8221;#e2e2e2&#8243; line_part_color=&#8221;#457ae6&#8243;][\/vc_column][\/vc_row][vc_row css=&#8221;.vc_custom_1462798912371{margin-bottom: 40px !important;}&#8221;][vc_column][vc_column_text]<\/p>\n<h1><strong>EuChemS: a personal experience<\/strong><\/h1>\n<p align=\"justify\"><img data-attachment-id=\"17687\" data-permalink=\"https:\/\/www.euchems.eu\/newsletters\/chemistry-in-europe-2022-4\/members-perspectives\/picture-5-5\/\" data-orig-file=\"https:\/\/i0.wp.com\/www.euchems.eu\/newsletters\/wp-content\/uploads\/2022\/11\/Picture-5.png?fit=424%2C280&amp;ssl=1\" data-orig-size=\"424,280\" data-comments-opened=\"0\" data-image-meta=\"{&quot;aperture&quot;:&quot;0&quot;,&quot;credit&quot;:&quot;&quot;,&quot;camera&quot;:&quot;&quot;,&quot;caption&quot;:&quot;&quot;,&quot;created_timestamp&quot;:&quot;0&quot;,&quot;copyright&quot;:&quot;&quot;,&quot;focal_length&quot;:&quot;0&quot;,&quot;iso&quot;:&quot;0&quot;,&quot;shutter_speed&quot;:&quot;0&quot;,&quot;title&quot;:&quot;&quot;,&quot;orientation&quot;:&quot;0&quot;}\" data-image-title=\"Picture 5\" data-image-description=\"\" data-image-caption=\"\" data-medium-file=\"https:\/\/i0.wp.com\/www.euchems.eu\/newsletters\/wp-content\/uploads\/2022\/11\/Picture-5.png?fit=300%2C198&amp;ssl=1\" data-large-file=\"https:\/\/i0.wp.com\/www.euchems.eu\/newsletters\/wp-content\/uploads\/2022\/11\/Picture-5.png?fit=424%2C280&amp;ssl=1\" loading=\"lazy\" class=\"size-medium wp-image-17687 alignleft\" src=\"https:\/\/i0.wp.com\/www.euchems.eu\/newsletters\/wp-content\/uploads\/2022\/11\/Picture-5.png?resize=300%2C198\" alt=\"\" width=\"300\" height=\"198\" srcset=\"https:\/\/i0.wp.com\/www.euchems.eu\/newsletters\/wp-content\/uploads\/2022\/11\/Picture-5.png?resize=300%2C198&amp;ssl=1 300w, https:\/\/i0.wp.com\/www.euchems.eu\/newsletters\/wp-content\/uploads\/2022\/11\/Picture-5.png?w=424&amp;ssl=1 424w\" sizes=\"(max-width: 300px) 100vw, 300px\" data-recalc-dims=\"1\" \/>Presiding EuChemS has been a great honour and pleasure. It has given me the chance to \u00a0participate in many scientific meetings, events with the general public, sessions at the European Parliament, and other, different activities, and\u00a0most importantly, it has allowed me to encounter so many wonderful people.<br \/>\nDuring my time at the forefront of the EuChemS Executive Board, many important events took place. 2018 started\u00a0 with a change in our name: the same\u00a0 acronym, EuChemS, now means European Chemical Society, then came the successful Liverpool Congress, in 2019 the International Year of the Periodic Table, with our well known iconic and thought provoking periodic table, which definitely helped to make EuChemS\u00a0known worldwide; the\u00a0 congress entitled \u201cSetting the Table: Women and the Periodic Table\u201d and the first edition of the Historical Landmark Awards. 2020, strongly marked by the pandemic, was also the year of our 50<sup>th<\/sup> anniversary, commemorated with a successful online celebration, and by publishing different publications to recall our history from our day as FECS (Federation of European Chemical Societies) to EuChemS.<\/p>\n<p align=\"justify\">These are just some highlights of the\u00a0 many achievements of EuChemS, which would have never been possible without the dedication of so many enthusiastic people in different capacities to whom I owe much gratitude.<\/p>\n<p align=\"justify\">First, I want to thank Presidents David Cole Hamilton and Floris Rutjes, for their generous advice, and collaboration, and Luis Oro for introducing me to EuChemS.<\/p>\n<p align=\"justify\">I am also extremely grateful for the counsel and support of my Executive Boards, under all circumstances. I cannot name all, but I would like to mention Robert Parker, Wofram Koch \u00a0and Antonio M. Rodr\u00edguez Garc\u00eda from EYCN. And my heartfelt thanks goes to Eckart R\u00fchl, the Treasurer for his committed and disinterested dedication to the financial matters.<\/p>\n<p align=\"justify\">The core of EuChemS \u00a0are its Professional Networks, &#8211; both divisions and working parties &#8211; so I am very thankful to all of them. I\u2019d like to specifically mention EYCN, our network of dedicated early career\u00a0 researchers who are the future and guarantee of our organization.<\/p>\n<p align=\"justify\">EuChems is a society of societies, so our Member Societies are the reason for its existence. I would like to express my gratitude to them not only for their financial support, but also for their sense of belonging \u00a0and pride in participating in this joint venture. My acknowledgement to the Spanish Royal Society of Chemistry (RSEQ) \u00a0for having always supported me.<\/p>\n<p align=\"justify\">Finally, let me recognize the dedication and commitment of our secretariat in Brussels, to our policy and communication officers, always selected, trained and coordinated by our Secretary General Nineta\u00a0 Hrastelj, with whom it has been a pleasure to work with and to learn so much about EuChemS.<\/p>\n<p align=\"justify\">Having been a part of EuChemS all these years has been a most rewarding experience, but above all it has allowed me to meet so many extraordinary people, so let me thank each and every one of you for accompanying me in this adventure. All together we can look back with pride and ahead with great expectations.<\/p>\n<p style=\"text-align: right;\"><em>Pilar Goya<br \/>\n<\/em><em>EuChemS Past President<\/em><\/p>\n<p>[\/vc_column_text][vc_empty_space][vc_column_text]<\/p>\n<h1><strong>2<sup>nd <\/sup>STEM-<\/strong><strong>Continuous Professional Development<\/strong><strong> Summer School<\/strong><\/h1>\n<p align=\"justify\"><img data-attachment-id=\"17672\" data-permalink=\"https:\/\/www.euchems.eu\/newsletters\/chemistry-in-europe-2022-4\/members-perspectives\/picture-4-4\/\" data-orig-file=\"https:\/\/i0.wp.com\/www.euchems.eu\/newsletters\/wp-content\/uploads\/2022\/11\/Picture-4.jpg?fit=850%2C638&amp;ssl=1\" data-orig-size=\"850,638\" data-comments-opened=\"0\" data-image-meta=\"{&quot;aperture&quot;:&quot;0&quot;,&quot;credit&quot;:&quot;&quot;,&quot;camera&quot;:&quot;&quot;,&quot;caption&quot;:&quot;&quot;,&quot;created_timestamp&quot;:&quot;0&quot;,&quot;copyright&quot;:&quot;&quot;,&quot;focal_length&quot;:&quot;0&quot;,&quot;iso&quot;:&quot;0&quot;,&quot;shutter_speed&quot;:&quot;0&quot;,&quot;title&quot;:&quot;&quot;,&quot;orientation&quot;:&quot;0&quot;}\" data-image-title=\"Picture 4\" data-image-description=\"\" data-image-caption=\"\" data-medium-file=\"https:\/\/i0.wp.com\/www.euchems.eu\/newsletters\/wp-content\/uploads\/2022\/11\/Picture-4.jpg?fit=300%2C225&amp;ssl=1\" data-large-file=\"https:\/\/i0.wp.com\/www.euchems.eu\/newsletters\/wp-content\/uploads\/2022\/11\/Picture-4.jpg?fit=850%2C638&amp;ssl=1\" loading=\"lazy\" class=\"alignleft wp-image-17672\" src=\"https:\/\/i0.wp.com\/www.euchems.eu\/newsletters\/wp-content\/uploads\/2022\/11\/Picture-4.jpg?resize=351%2C264\" alt=\"\" width=\"351\" height=\"264\" srcset=\"https:\/\/i0.wp.com\/www.euchems.eu\/newsletters\/wp-content\/uploads\/2022\/11\/Picture-4.jpg?resize=300%2C225&amp;ssl=1 300w, https:\/\/i0.wp.com\/www.euchems.eu\/newsletters\/wp-content\/uploads\/2022\/11\/Picture-4.jpg?resize=768%2C576&amp;ssl=1 768w, https:\/\/i0.wp.com\/www.euchems.eu\/newsletters\/wp-content\/uploads\/2022\/11\/Picture-4.jpg?w=850&amp;ssl=1 850w\" sizes=\"(max-width: 351px) 100vw, 351px\" data-recalc-dims=\"1\" \/>The 2nd STEM-CPD Summer School was held at the University of Naples Federico II (Naples, Italy) on 2-7 October 2022. This activity took place as part of the ongoing 3-year project <a href=\"https:\/\/ectn.eu\/work-groups\/stem-cpd\/\" target=\"_blank\" rel=\"noopener\">STEM Continuous Professional Development at European universities<\/a>, funded by the EU under the KA2 \u2013 Cooperation for innovation and the exchange of good practices and KA203 \u2013 Strategic Partnerships for higher education action of the Erasmus+ programme of the European Union. The European Chemical Thematic Network form part of the project consortium alongside the Universities of Amsterdam, Oulu, Naples Federico II, Ljubljana and Jagiellonian University in Krakow. The aim of this project is to promote discipline-oriented Continuous Professional Development among STEM lecturers (<a href=\"http:\/\/services.chm.unipg.it\/ojs\/index.php\/virtlcomm\/article\/view\/253\" target=\"_blank\" rel=\"noopener\">Road Map<\/a>). The activities of this project integrate technological, pedagogical, and content knowledge (TPACK) in teaching and developing technology-based approaches.<\/p>\n<p align=\"justify\">The Summer School is a fundamental part of the project where the problem of a lack of subject specific training in teaching in STEM disciplines for University Lecturers is addressed and solutions are put forward.<\/p>\n<p align=\"justify\">The objective of the Summer School is to prepare the participants, namely, European University lecturers, in three dimensions: teaching competences, attitudes and using different types of CPD activities. Successful participants are named as CPD Ambassadors and bestowed upon the task of spreading the gospel of Continuous Professional Development in teaching STEM disciplines by the philosophy of <em>educating the educator<\/em> in their home institutions.<\/p>\n<p align=\"justify\">At the beginning of October, we celebrated the 2<sup>nd<\/sup> STEM-CPD Summer School in the vibrant city of Naples (Italy). There were 15 participants from 10 different institutions and with 7 countries being represented. Instructors from the Project consortium were joined by external experts in research in didactics of STEM discipli<img data-attachment-id=\"17673\" data-permalink=\"https:\/\/www.euchems.eu\/newsletters\/chemistry-in-europe-2022-4\/members-perspectives\/untitled-design11-2\/\" data-orig-file=\"https:\/\/i0.wp.com\/www.euchems.eu\/newsletters\/wp-content\/uploads\/2022\/11\/Untitled-design11.png?fit=900%2C563&amp;ssl=1\" data-orig-size=\"900,563\" data-comments-opened=\"0\" data-image-meta=\"{&quot;aperture&quot;:&quot;0&quot;,&quot;credit&quot;:&quot;&quot;,&quot;camera&quot;:&quot;&quot;,&quot;caption&quot;:&quot;&quot;,&quot;created_timestamp&quot;:&quot;0&quot;,&quot;copyright&quot;:&quot;&quot;,&quot;focal_length&quot;:&quot;0&quot;,&quot;iso&quot;:&quot;0&quot;,&quot;shutter_speed&quot;:&quot;0&quot;,&quot;title&quot;:&quot;&quot;,&quot;orientation&quot;:&quot;0&quot;}\" data-image-title=\"Untitled design(11)\" data-image-description=\"\" data-image-caption=\"\" data-medium-file=\"https:\/\/i0.wp.com\/www.euchems.eu\/newsletters\/wp-content\/uploads\/2022\/11\/Untitled-design11.png?fit=300%2C188&amp;ssl=1\" data-large-file=\"https:\/\/i0.wp.com\/www.euchems.eu\/newsletters\/wp-content\/uploads\/2022\/11\/Untitled-design11.png?fit=900%2C563&amp;ssl=1\" loading=\"lazy\" class=\"alignright wp-image-17673\" src=\"https:\/\/i0.wp.com\/www.euchems.eu\/newsletters\/wp-content\/uploads\/2022\/11\/Untitled-design11.png?resize=405%2C254\" alt=\"\" width=\"405\" height=\"254\" srcset=\"https:\/\/i0.wp.com\/www.euchems.eu\/newsletters\/wp-content\/uploads\/2022\/11\/Untitled-design11.png?resize=300%2C188&amp;ssl=1 300w, https:\/\/i0.wp.com\/www.euchems.eu\/newsletters\/wp-content\/uploads\/2022\/11\/Untitled-design11.png?resize=768%2C480&amp;ssl=1 768w, https:\/\/i0.wp.com\/www.euchems.eu\/newsletters\/wp-content\/uploads\/2022\/11\/Untitled-design11.png?w=900&amp;ssl=1 900w\" sizes=\"(max-width: 405px) 100vw, 405px\" data-recalc-dims=\"1\" \/>nes.<\/p>\n<p align=\"justify\">The summer school covered different topics and several intended learning outcomes, all tailored to the specific needs of the participants. In this edition we started by defining the most important \u201cChallenges in teaching and learning in HE\u201d (by Nata\u0161a Brouwer) and faced topics such as \u201cConstructivism and Inquiry-Based STEM Education\u201d (by Iwona Maciejowska), \u201cHow to design user cases and scenarios\u201d (by Matti Niemela), and \u201cHow to design a micro-MOOC?\u201d (by \u010crtomir Podlipnik and Bartosz Trzewik). An important part of the Summer School was dedicated to several hands-on sessions in which each participant had to develop their own user case, by identifying problems or challenges in teaching STEM disciplines in their home institution and putting forward possible solutions to be developed as CPD activities.<\/p>\n<p align=\"justify\">If you would like to know more about our project and STEM-CPD and even enrol in our 3<sup>rd<\/sup> Summer School in 2023, please visit our <a href=\"https:\/\/ectn.eu\/work-groups\/stem-cpd\/)\" target=\"_blank\" rel=\"noopener\">webpage<\/a> and also join us at our meetings in <a href=\"https:\/\/ectn2023.org\/\" target=\"_blank\" rel=\"noopener\">Amsterdam<\/a> \u00a0(2023 European Chemistry Thematic Network Annual Meeting on 13-15 April) and <a href=\"https:\/\/ectn.eu\/work-groups\/stem-cpd-final-conference\/\">Ljubljana<\/a> (2023 Final conference STEM-CPD@EUni Project on 2 June).<\/p>\n<p style=\"text-align: right;\"><em>Sanjiv Prashar<br \/>\n<\/em><em>President of the European Chemistry Thematic Network<br \/>\n<\/em><em>Vincenzo Russo, Oreste Tarallo<br \/>\n<\/em><em>University of Naples Federico II, Naples, Italy<\/em><\/p>\n<p>[\/vc_column_text][\/vc_column][\/vc_row][vc_row][vc_column][\/vc_column][\/vc_row][vc_row][vc_column][\/vc_column][\/vc_row]<\/p>\n","protected":false},"excerpt":{"rendered":"<p>[vc_row css=&#8221;.vc_custom_1462799152464{margin-top: 0px !important;margin-right: 0px !important;margin-bottom: 40px !important;margin-left: 0px !important;border-top-width: 0px !important;border-right-width: 0px !important;border-bottom-width: 6px !important;border-left-width: 0px !important;padding-top: 0px !important;padding-right: &hellip; <\/p>\n","protected":false},"author":101,"featured_media":0,"parent":17649,"menu_order":0,"comment_status":"closed","ping_status":"closed","template":"","meta":{"jetpack_post_was_ever_published":false},"yoast_head":"<!-- This site is optimized with the Yoast SEO plugin v20.6 - https:\/\/yoast.com\/wordpress\/plugins\/seo\/ -->\n<title>Members\u00b4 Perspectives - EuChemS Newsletters<\/title>\n<meta name=\"robots\" content=\"index, follow, max-snippet:-1, max-image-preview:large, max-video-preview:-1\" \/>\n<link rel=\"canonical\" href=\"https:\/\/www.euchems.eu\/newsletters\/chemistry-in-europe-2022-4\/members-perspectives\/\" \/>\n<meta property=\"og:locale\" content=\"en_US\" \/>\n<meta property=\"og:type\" content=\"article\" \/>\n<meta property=\"og:title\" content=\"Members\u00b4 Perspectives - EuChemS Newsletters\" \/>\n<meta property=\"og:description\" content=\"[vc_row css=&#8221;.vc_custom_1462799152464{margin-top: 0px !important;margin-right: 0px !important;margin-bottom: 40px !important;margin-left: 0px !important;border-top-width: 0px !important;border-right-width: 0px !important;border-bottom-width: 6px !important;border-left-width: 0px !important;padding-top: 0px !important;padding-right: &hellip;\" \/>\n<meta property=\"og:url\" content=\"https:\/\/www.euchems.eu\/newsletters\/chemistry-in-europe-2022-4\/members-perspectives\/\" \/>\n<meta property=\"og:site_name\" content=\"EuChemS Newsletters\" \/>\n<meta property=\"article:modified_time\" content=\"2022-12-02T11:05:12+00:00\" \/>\n<meta property=\"og:image\" content=\"http:\/\/www.euchems.eu\/newsletters\/wp-content\/uploads\/2022\/11\/Picture-5-300x198.png\" \/>\n<meta name=\"twitter:card\" content=\"summary_large_image\" \/>\n<meta name=\"twitter:label1\" content=\"Est. reading time\" \/>\n\t<meta name=\"twitter:data1\" content=\"6 minutes\" \/>\n<script type=\"application\/ld+json\" class=\"yoast-schema-graph\">{\"@context\":\"https:\/\/schema.org\",\"@graph\":[{\"@type\":\"WebPage\",\"@id\":\"https:\/\/www.euchems.eu\/newsletters\/chemistry-in-europe-2022-4\/members-perspectives\/\",\"url\":\"https:\/\/www.euchems.eu\/newsletters\/chemistry-in-europe-2022-4\/members-perspectives\/\",\"name\":\"Members\u00b4 Perspectives - EuChemS Newsletters\",\"isPartOf\":{\"@id\":\"https:\/\/www.euchems.eu\/newsletters\/#website\"},\"datePublished\":\"2022-11-30T14:01:31+00:00\",\"dateModified\":\"2022-12-02T11:05:12+00:00\",\"breadcrumb\":{\"@id\":\"https:\/\/www.euchems.eu\/newsletters\/chemistry-in-europe-2022-4\/members-perspectives\/#breadcrumb\"},\"inLanguage\":\"en-US\",\"potentialAction\":[{\"@type\":\"ReadAction\",\"target\":[\"https:\/\/www.euchems.eu\/newsletters\/chemistry-in-europe-2022-4\/members-perspectives\/\"]}]},{\"@type\":\"BreadcrumbList\",\"@id\":\"https:\/\/www.euchems.eu\/newsletters\/chemistry-in-europe-2022-4\/members-perspectives\/#breadcrumb\",\"itemListElement\":[{\"@type\":\"ListItem\",\"position\":1,\"name\":\"Home\",\"item\":\"https:\/\/www.euchems.eu\/newsletters\/\"},{\"@type\":\"ListItem\",\"position\":2,\"name\":\"Chemistry in Europe \u2022 2022-4\",\"item\":\"https:\/\/www.euchems.eu\/newsletters\/chemistry-in-europe-2022-4\/\"},{\"@type\":\"ListItem\",\"position\":3,\"name\":\"Members\u00b4 Perspectives\"}]},{\"@type\":\"WebSite\",\"@id\":\"https:\/\/www.euchems.eu\/newsletters\/#website\",\"url\":\"https:\/\/www.euchems.eu\/newsletters\/\",\"name\":\"EuChemS Newsletters\",\"description\":\"\",\"potentialAction\":[{\"@type\":\"SearchAction\",\"target\":{\"@type\":\"EntryPoint\",\"urlTemplate\":\"https:\/\/www.euchems.eu\/newsletters\/?s={search_term_string}\"},\"query-input\":\"required name=search_term_string\"}],\"inLanguage\":\"en-US\"}]}<\/script>\n<!-- \/ Yoast SEO plugin. -->","yoast_head_json":{"title":"Members\u00b4 Perspectives - EuChemS Newsletters","robots":{"index":"index","follow":"follow","max-snippet":"max-snippet:-1","max-image-preview":"max-image-preview:large","max-video-preview":"max-video-preview:-1"},"canonical":"https:\/\/www.euchems.eu\/newsletters\/chemistry-in-europe-2022-4\/members-perspectives\/","og_locale":"en_US","og_type":"article","og_title":"Members\u00b4 Perspectives - EuChemS Newsletters","og_description":"[vc_row css=&#8221;.vc_custom_1462799152464{margin-top: 0px !important;margin-right: 0px !important;margin-bottom: 40px !important;margin-left: 0px !important;border-top-width: 0px !important;border-right-width: 0px !important;border-bottom-width: 6px !important;border-left-width: 0px !important;padding-top: 0px !important;padding-right: &hellip;","og_url":"https:\/\/www.euchems.eu\/newsletters\/chemistry-in-europe-2022-4\/members-perspectives\/","og_site_name":"EuChemS Newsletters","article_modified_time":"2022-12-02T11:05:12+00:00","og_image":[{"url":"http:\/\/www.euchems.eu\/newsletters\/wp-content\/uploads\/2022\/11\/Picture-5-300x198.png"}],"twitter_card":"summary_large_image","twitter_misc":{"Est. reading time":"6 minutes"},"schema":{"@context":"https:\/\/schema.org","@graph":[{"@type":"WebPage","@id":"https:\/\/www.euchems.eu\/newsletters\/chemistry-in-europe-2022-4\/members-perspectives\/","url":"https:\/\/www.euchems.eu\/newsletters\/chemistry-in-europe-2022-4\/members-perspectives\/","name":"Members\u00b4 Perspectives - EuChemS Newsletters","isPartOf":{"@id":"https:\/\/www.euchems.eu\/newsletters\/#website"},"datePublished":"2022-11-30T14:01:31+00:00","dateModified":"2022-12-02T11:05:12+00:00","breadcrumb":{"@id":"https:\/\/www.euchems.eu\/newsletters\/chemistry-in-europe-2022-4\/members-perspectives\/#breadcrumb"},"inLanguage":"en-US","potentialAction":[{"@type":"ReadAction","target":["https:\/\/www.euchems.eu\/newsletters\/chemistry-in-europe-2022-4\/members-perspectives\/"]}]},{"@type":"BreadcrumbList","@id":"https:\/\/www.euchems.eu\/newsletters\/chemistry-in-europe-2022-4\/members-perspectives\/#breadcrumb","itemListElement":[{"@type":"ListItem","position":1,"name":"Home","item":"https:\/\/www.euchems.eu\/newsletters\/"},{"@type":"ListItem","position":2,"name":"Chemistry in Europe \u2022 2022-4","item":"https:\/\/www.euchems.eu\/newsletters\/chemistry-in-europe-2022-4\/"},{"@type":"ListItem","position":3,"name":"Members\u00b4 Perspectives"}]},{"@type":"WebSite","@id":"https:\/\/www.euchems.eu\/newsletters\/#website","url":"https:\/\/www.euchems.eu\/newsletters\/","name":"EuChemS Newsletters","description":"","potentialAction":[{"@type":"SearchAction","target":{"@type":"EntryPoint","urlTemplate":"https:\/\/www.euchems.eu\/newsletters\/?s={search_term_string}"},"query-input":"required name=search_term_string"}],"inLanguage":"en-US"}]}},"jetpack_shortlink":"https:\/\/wp.me\/P7iPLy-4AH","jetpack_sharing_enabled":true,"_links":{"self":[{"href":"https:\/\/www.euchems.eu\/newsletters\/wp-json\/wp\/v2\/pages\/17651"}],"collection":[{"href":"https:\/\/www.euchems.eu\/newsletters\/wp-json\/wp\/v2\/pages"}],"about":[{"href":"https:\/\/www.euchems.eu\/newsletters\/wp-json\/wp\/v2\/types\/page"}],"author":[{"embeddable":true,"href":"https:\/\/www.euchems.eu\/newsletters\/wp-json\/wp\/v2\/users\/101"}],"replies":[{"embeddable":true,"href":"https:\/\/www.euchems.eu\/newsletters\/wp-json\/wp\/v2\/comments?post=17651"}],"version-history":[{"count":22,"href":"https:\/\/www.euchems.eu\/newsletters\/wp-json\/wp\/v2\/pages\/17651\/revisions"}],"predecessor-version":[{"id":17770,"href":"https:\/\/www.euchems.eu\/newsletters\/wp-json\/wp\/v2\/pages\/17651\/revisions\/17770"}],"up":[{"embeddable":true,"href":"https:\/\/www.euchems.eu\/newsletters\/wp-json\/wp\/v2\/pages\/17649"}],"wp:attachment":[{"href":"https:\/\/www.euchems.eu\/newsletters\/wp-json\/wp\/v2\/media?parent=17651"}],"curies":[{"name":"wp","href":"https:\/\/api.w.org\/{rel}","templated":true}]}}