{"id":13573,"date":"2022-03-02T09:33:17","date_gmt":"2022-03-02T08:33:17","guid":{"rendered":"https:\/\/www.euchems.eu\/newsletters\/?page_id=13573"},"modified":"2022-03-02T18:03:48","modified_gmt":"2022-03-02T17:03:48","slug":"chemistry-talks","status":"publish","type":"page","link":"https:\/\/www.euchems.eu\/newsletters\/chemistry-in-europe-2022-1\/chemistry-talks\/","title":{"rendered":"Chemistry Talks"},"content":{"rendered":"<p>[vc_row css=&#8221;.vc_custom_1462799152464{margin-top: 0px !important;margin-right: 0px !important;margin-bottom: 40px !important;margin-left: 0px !important;border-top-width: 0px !important;border-right-width: 0px !important;border-bottom-width: 6px !important;border-left-width: 0px !important;padding-top: 0px !important;padding-right: 0px !important;padding-bottom: 10px !important;padding-left: 0px !important;border-left-color: #003399 !important;border-left-style: solid !important;border-right-color: #003399 !important;border-right-style: solid !important;border-top-color: #003399 !important;border-top-style: solid !important;border-bottom-color: #003399 !important;border-bottom-style: solid !important;}&#8221;][vc_column el_class=&#8221;kw-menu-topics&#8221; css=&#8221;.vc_custom_1462791631311{margin-top: 0px !important;margin-right: 0px !important;margin-bottom: 0px !important;margin-left: 0px !important;}&#8221;][vc_column_text]<\/p>\n<ul>\n<li><a href=\"http:\/\/www.euchems.eu\/newsletters\/chemistry-in-europe-2022-1\/\">2022-1<\/a><\/li>\n<li><a href=\"https:\/\/www.euchems.eu\/newsletters\/chemistry-in-europe-2022-1\/policy\/\">Policy<\/a><\/li>\n<li><a href=\"https:\/\/www.euchems.eu\/newsletters\/chemistry-in-europe-2022-1\/research\/\">Research<\/a><\/li>\n<li><a href=\"https:\/\/www.euchems.eu\/newsletters\/chemistry-in-europe-2022-1\/members-perspectives\/\">Members\u00b4 Perspectives<\/a><\/li>\n<li><a href=\"https:\/\/www.euchems.eu\/newsletters\/chemistry-in-europe-2022-1\/meet\/\">Meet&#8230;<\/a><\/li>\n<li><a href=\"https:\/\/www.euchems.eu\/newsletters\/chemistry-in-europe-2022-1\/networks\/\">Networks<\/a><\/li>\n<li class=\"topic-current\"><a href=\"https:\/\/www.euchems.eu\/newsletters\/chemistry-in-europe-2022-1\/chemistry-talks\/\">Chemistry Talks<\/a><\/li>\n<li><a href=\"https:\/\/www.euchems.eu\/newsletters\/chemistry-in-europe-2022-1\/calendar\/\">Calendar<\/a><\/li>\n<li><a href=\"https:\/\/www.euchems.eu\/newsletters\/chemistry-in-europe-2022-1\/colophon\/\">Colophon<\/a><\/li>\n<\/ul>\n<p>[\/vc_column_text][\/vc_column][\/vc_row][vc_row][vc_column][mnky_heading title=&#8221;Chemistry Talks&#8221; color=&#8221;#457ae6&#8243; line_color=&#8221;#e2e2e2&#8243; line_part_color=&#8221;#457ae6&#8243;][\/vc_column][\/vc_row][vc_row][vc_column width=&#8221;1\/4&#8243; css=&#8221;.vc_custom_1622468507663{background-color: #b8ccf5 !important;}&#8221;][vc_empty_space][vc_column_text]<\/p>\n<h1><span style=\"color: #333399;\"><strong>President\u2019s column<\/strong><\/span><\/h1>\n<p>[\/vc_column_text][vc_empty_space][vc_column_text]<\/p>\n<h2 style=\"text-align: justify;\"><span style=\"color: #333399;\"><b>Stick to Science!<br \/>\n<\/b><\/span><\/h2>\n<p style=\"text-align: justify;\"><span data-contrast=\"aConference on the Future of Europe Une image contenant texte, personne, homme, int\u00e9rieur Description g\u00e9n\u00e9r\u00e9e automatiquementDo you know that the Conference on the Future of Europe has been launched recently? This concerns a joint initiative of the European Council, European Parliament, and European Commission to stimulate citizens to participate in shaping Europe\u2019s future (futureu.europa.eu). It is an opportunity for everyone to speak up and express what they think is important for Europe. You can directly bring in your own ideas through a digital platform and this is combined with a series of debates with panels of EU citizens on national and European levels. Nine key topics have been chosen including climate change, health, social justice, and migration. The outcome will be used by the Council, Parliament, and Commission to draft new policy that is in line with the recommendations made by the Conference.\u202f\u202f I do like the initiative, however, predefining topics can also be dangerous. Most strikingly, research and innovation, or science in general, have not been identified as priority topics by the Conference. Why not? The current pandemic, the climate crisis (the recent IPCC report has shown that the situation is more alarming than we perhaps imagined), and the waste problem \u2013 to name a few global challenges \u2013 will require significant investments in research and innovation in different scientific areas, thereby unlocking the immense potential of Europe\u2019s researchers. Their contributions are needed to realize fundamental sustainable and digital transitions and at the same time keep Europe operating at the forefront of science in the highly competitive international arena.\u202f\u202f The ERC Scientific Council, a strong promotor of high-quality research across the European Union, has already made a strong plea to scientists, funders and organisations involved in developing research policy to engage in the Conference and bring across the crucial role of research and innovation. On behalf of EuChemS, I would like to reiterate that request to all European chemists to ensure that research and innovation in chemistry and related fields will keep its crucial role in addressing the global challenges: propose ideas via the online platform, try to become involved in organising events or citizens panels and do emphasise the relevance of science. It is of the highest importance that Europe continues to recognise and stimulate the value of science, and the role of chemists and chemistry research in particular. By spring 2022, the Conference is expected to report on the conclusions, and I am confident that thanks to your contributions, research and innovation will remain an integral part of the future European agenda.\u202f Floris Rutjes\u202f EuChemS President\u202f uto\"><img data-attachment-id=\"10728\" data-permalink=\"https:\/\/www.euchems.eu\/newsletters\/chemistry-in-europe-2021-3\/chemistry-talks\/210813-column\/\" data-orig-file=\"https:\/\/i0.wp.com\/www.euchems.eu\/newsletters\/wp-content\/uploads\/2016\/03\/210813-Column.jpg?fit=540%2C363&amp;ssl=1\" data-orig-size=\"540,363\" data-comments-opened=\"0\" data-image-meta=\"{&quot;aperture&quot;:&quot;0&quot;,&quot;credit&quot;:&quot;&quot;,&quot;camera&quot;:&quot;&quot;,&quot;caption&quot;:&quot;&quot;,&quot;created_timestamp&quot;:&quot;0&quot;,&quot;copyright&quot;:&quot;&quot;,&quot;focal_length&quot;:&quot;0&quot;,&quot;iso&quot;:&quot;0&quot;,&quot;shutter_speed&quot;:&quot;0&quot;,&quot;title&quot;:&quot;&quot;,&quot;orientation&quot;:&quot;0&quot;}\" data-image-title=\"210813 Column\" data-image-description=\"\" data-image-caption=\"\" data-medium-file=\"https:\/\/i0.wp.com\/www.euchems.eu\/newsletters\/wp-content\/uploads\/2016\/03\/210813-Column.jpg?fit=300%2C202&amp;ssl=1\" data-large-file=\"https:\/\/i0.wp.com\/www.euchems.eu\/newsletters\/wp-content\/uploads\/2016\/03\/210813-Column.jpg?fit=540%2C363&amp;ssl=1\" loading=\"lazy\" class=\"aligncenter size-medium wp-image-10728\" src=\"https:\/\/i0.wp.com\/www.euchems.eu\/newsletters\/wp-content\/uploads\/2016\/03\/210813-Column.jpg?resize=300%2C202\" alt=\"\" width=\"300\" height=\"202\" srcset=\"https:\/\/i0.wp.com\/www.euchems.eu\/newsletters\/wp-content\/uploads\/2016\/03\/210813-Column.jpg?resize=300%2C202&amp;ssl=1 300w, https:\/\/i0.wp.com\/www.euchems.eu\/newsletters\/wp-content\/uploads\/2016\/03\/210813-Column.jpg?w=540&amp;ssl=1 540w\" sizes=\"(max-width: 300px) 100vw, 300px\" data-recalc-dims=\"1\" \/><\/span><\/p>\n<p style=\"text-align: justify;\">As I am writing this column, the 5th United Nations Environment Assembly (UNEA-5) is taking place in Nairobi (Kenya). One of the items on the agenda is to make important steps forward to a new and independent science-policy interface to address waste and pollution at a global level. In other words, to establish an IPCC-type platform, supported by governments, industries, and chemical science organisations around the world, to install effective global science-based advice mechanisms to mitigate the damaging effects of waste and pollution. I recently took part in the Burlington Consensus, a panel discussion organised by the Royal Society of Chemistry (RSC), which was aimed at raising awareness and promoting this initiative. Furthermore, EuChemS agreed to have its logo added to the declaration statement that is on the table at UNEA-5, thereby expressing its support for creating such an intergovernmental panel. I sincerely hope that this lobby will be successful, and I am looking forward to seeing how EuChemS can keep playing a supporting role in future activities.<\/p>\n<p style=\"text-align: justify;\">Stick to Science (<a href=\"https:\/\/stick-to-science.eu\/\" target=\"_blank\" rel=\"noopener\">stick-to-science.eu<\/a>), another initiative that was recently launched, is a campaign to promote an inclusive European research community. It calls for an open collaboration between researchers from all over Europe without barriers. It is in particular aimed at including Switzerland and the UK in Horizon Europe programmes, which is now being held up by political motifs that are not related to science. This is damaging the progression of science and innovation in Europe, which is vital for maintaining a competitive science position in the world, and an important pillar for the European knowledge economy. As EuChemS aims to be an inclusive society, with both of these countries being important actors in EuChemS activities, we genuinely support this initiative and signed up as an organization on the webpage. But this may not be enough; therefore, have a look at the website yourself, and if you are in favour of an inclusive European research community, that includes our Swiss and UK colleagues, please do sign up to also personally support Stick to Science.<\/p>\n<p style=\"text-align: right;\"><em>Floris Rutjes<\/em><em>\u00a0<\/em><br \/>\n<em>EuChemS President<\/em><em>\u00a0<\/em><\/p>\n<p>[\/vc_column_text][vc_empty_space][\/vc_column][vc_column width=&#8221;3\/4&#8243;][vc_column_text]<\/p>\n<h1 style=\"text-align: justify;\"><strong><span style=\"color: #000080;\"><span style=\"color: #333399;\">&#8216;Many basic aspects of chemistry come together in glycochemistry&#8217;<\/span><\/span><\/strong><\/h1>\n<p style=\"text-align: justify;\">Winning two prizes in one month is not a given for every scientist, especially not this early in a career. But you have to push glycochemist Marthe Walvoort pretty hard to make her say &#8216;I am proud&#8217;. She particularly emphasises the importance of a stimulating environment for success.<\/p>\n<p style=\"text-align: justify;\">Besides her efforts in the areas of outreach, inclusivity, diversity, and helping early-stage researchers, Adjunct Professor of Chemical Glycobiology Marthe Walvoort (38) is steadily building a career based on sugars: on the one hand, the role of glycans in bacteria and, on the other, the sugar molecules in breast milk. In December, she received both the Early Career Award from the KNAW and the Athena Award from NWO. According to the KNAW, the former is intended for &#8216;researchers in the Netherlands who are at the start of their career and have innovative, original research ideas&#8217;. The second goes exclusively to female scientists and has an explicit role model aspect.<\/p>\n<p style=\"text-align: justify;\">The jury&#8217;s last statement is difficult to dispute: during our conversation in her office at the Stratingh Institute on the campus of the University of Groningen, Walvoort shows a good smile with an infectious enthusiasm. And a hint of imposter syndrome. Laughing: &#8216;Yes, that&#8217;s right, I can totally relate to that! Even though it doesn&#8217;t make any sense. Of course I am proud. I think I am. But I have set myself goals and we are far from achieving them. I am confident that we will get there. But at what point can you really be proud of your achievements? &#8216;<\/p>\n<p style=\"text-align: justify;\"><strong><em><img data-attachment-id=\"13711\" data-permalink=\"https:\/\/www.euchems.eu\/newsletters\/chemistry-in-europe-2022-1\/chemistry-talks\/hv_marthe-walvoort-06-scaled\/\" data-orig-file=\"https:\/\/i0.wp.com\/www.euchems.eu\/newsletters\/wp-content\/uploads\/2022\/03\/HV_Marthe-Walvoort-06-scaled-1.jpg?fit=2560%2C1632&amp;ssl=1\" data-orig-size=\"2560,1632\" data-comments-opened=\"0\" data-image-meta=\"{&quot;aperture&quot;:&quot;0&quot;,&quot;credit&quot;:&quot;&quot;,&quot;camera&quot;:&quot;&quot;,&quot;caption&quot;:&quot;&quot;,&quot;created_timestamp&quot;:&quot;0&quot;,&quot;copyright&quot;:&quot;&quot;,&quot;focal_length&quot;:&quot;0&quot;,&quot;iso&quot;:&quot;0&quot;,&quot;shutter_speed&quot;:&quot;0&quot;,&quot;title&quot;:&quot;&quot;,&quot;orientation&quot;:&quot;0&quot;}\" data-image-title=\"HV_Marthe-Walvoort-06-scaled\" data-image-description=\"\" data-image-caption=\"\" data-medium-file=\"https:\/\/i0.wp.com\/www.euchems.eu\/newsletters\/wp-content\/uploads\/2022\/03\/HV_Marthe-Walvoort-06-scaled-1.jpg?fit=300%2C191&amp;ssl=1\" data-large-file=\"https:\/\/i0.wp.com\/www.euchems.eu\/newsletters\/wp-content\/uploads\/2022\/03\/HV_Marthe-Walvoort-06-scaled-1.jpg?fit=940%2C599&amp;ssl=1\" loading=\"lazy\" class=\"aligncenter wp-image-13711 size-large\" src=\"https:\/\/i0.wp.com\/www.euchems.eu\/newsletters\/wp-content\/uploads\/2022\/03\/HV_Marthe-Walvoort-06-scaled-1.jpg?resize=940%2C599\" alt=\"\" width=\"940\" height=\"599\" srcset=\"https:\/\/i0.wp.com\/www.euchems.eu\/newsletters\/wp-content\/uploads\/2022\/03\/HV_Marthe-Walvoort-06-scaled-1.jpg?resize=1024%2C653&amp;ssl=1 1024w, https:\/\/i0.wp.com\/www.euchems.eu\/newsletters\/wp-content\/uploads\/2022\/03\/HV_Marthe-Walvoort-06-scaled-1.jpg?resize=300%2C191&amp;ssl=1 300w, https:\/\/i0.wp.com\/www.euchems.eu\/newsletters\/wp-content\/uploads\/2022\/03\/HV_Marthe-Walvoort-06-scaled-1.jpg?resize=768%2C490&amp;ssl=1 768w, https:\/\/i0.wp.com\/www.euchems.eu\/newsletters\/wp-content\/uploads\/2022\/03\/HV_Marthe-Walvoort-06-scaled-1.jpg?resize=1536%2C979&amp;ssl=1 1536w, https:\/\/i0.wp.com\/www.euchems.eu\/newsletters\/wp-content\/uploads\/2022\/03\/HV_Marthe-Walvoort-06-scaled-1.jpg?resize=2048%2C1306&amp;ssl=1 2048w, https:\/\/i0.wp.com\/www.euchems.eu\/newsletters\/wp-content\/uploads\/2022\/03\/HV_Marthe-Walvoort-06-scaled-1.jpg?w=1880 1880w\" sizes=\"(max-width: 940px) 100vw, 940px\" data-recalc-dims=\"1\" \/><\/em><\/strong><\/p>\n<p style=\"text-align: justify;\"><strong><em>So when would you describe yourself as &#8216;successful&#8217;?<\/em><\/strong><strong><em><br \/>\n<\/em><\/strong>&#8216;The first thing that came to mind was &#8216;if my students are doing well&#8217;. She points to a picture on the wall. &#8216;Those are my first two PhD students; they have only just finished. They both have a good job now and the fact that I prepared them for it, that is what I consider to be success. The research itself is also important, of course, but these are rarely major triumphs and mostly small steps. But perhaps I should celebrate those more often. After all, I also celebrate my children&#8217;s first steps.&#8217;<\/p>\n<p style=\"text-align: justify;\">Read the entire interview here: <a href=\"https:\/\/c2winternational.nl\/c2w-2022-issue-1\/many-basic-aspects-of-chemistry-come-together-in-glycochemistry\/\" target=\"_blank\" rel=\"noopener\">c2winternational.nl\/c2w-2022-issue-1\/many-basic-aspects-of-chemistry-come-together-in-glycochemistry\/<\/a><\/p>\n<p>[\/vc_column_text][\/vc_column][\/vc_row][vc_row][vc_column][vc_empty_space][\/vc_column][\/vc_row]<\/p>\n","protected":false},"excerpt":{"rendered":"<p>[vc_row css=&#8221;.vc_custom_1462799152464{margin-top: 0px !important;margin-right: 0px !important;margin-bottom: 40px !important;margin-left: 0px !important;border-top-width: 0px !important;border-right-width: 0px !important;border-bottom-width: 6px !important;border-left-width: 0px !important;padding-top: 0px !important;padding-right: &hellip; <\/p>\n","protected":false},"author":1,"featured_media":0,"parent":13557,"menu_order":0,"comment_status":"closed","ping_status":"closed","template":"","meta":{"jetpack_post_was_ever_published":false},"yoast_head":"<!-- This site is optimized with the Yoast SEO plugin v20.6 - https:\/\/yoast.com\/wordpress\/plugins\/seo\/ -->\n<title>Chemistry Talks - EuChemS Newsletters<\/title>\n<meta name=\"robots\" content=\"index, follow, max-snippet:-1, max-image-preview:large, max-video-preview:-1\" \/>\n<link rel=\"canonical\" href=\"https:\/\/www.euchems.eu\/newsletters\/chemistry-in-europe-2022-1\/chemistry-talks\/\" \/>\n<meta property=\"og:locale\" content=\"en_US\" \/>\n<meta property=\"og:type\" content=\"article\" \/>\n<meta property=\"og:title\" content=\"Chemistry Talks - EuChemS Newsletters\" \/>\n<meta property=\"og:description\" content=\"[vc_row css=&#8221;.vc_custom_1462799152464{margin-top: 0px !important;margin-right: 0px !important;margin-bottom: 40px !important;margin-left: 0px !important;border-top-width: 0px !important;border-right-width: 0px !important;border-bottom-width: 6px !important;border-left-width: 0px !important;padding-top: 0px !important;padding-right: &hellip;\" \/>\n<meta property=\"og:url\" content=\"https:\/\/www.euchems.eu\/newsletters\/chemistry-in-europe-2022-1\/chemistry-talks\/\" \/>\n<meta property=\"og:site_name\" content=\"EuChemS Newsletters\" \/>\n<meta property=\"article:modified_time\" content=\"2022-03-02T17:03:48+00:00\" \/>\n<meta property=\"og:image\" content=\"http:\/\/www.euchems.eu\/newsletters\/wp-content\/uploads\/2016\/03\/210813-Column-300x202.jpg\" \/>\n<meta name=\"twitter:card\" content=\"summary_large_image\" \/>\n<meta name=\"twitter:label1\" content=\"Est. reading time\" \/>\n\t<meta name=\"twitter:data1\" content=\"4 minutes\" \/>\n<script type=\"application\/ld+json\" class=\"yoast-schema-graph\">{\"@context\":\"https:\/\/schema.org\",\"@graph\":[{\"@type\":\"WebPage\",\"@id\":\"https:\/\/www.euchems.eu\/newsletters\/chemistry-in-europe-2022-1\/chemistry-talks\/\",\"url\":\"https:\/\/www.euchems.eu\/newsletters\/chemistry-in-europe-2022-1\/chemistry-talks\/\",\"name\":\"Chemistry Talks - EuChemS Newsletters\",\"isPartOf\":{\"@id\":\"https:\/\/www.euchems.eu\/newsletters\/#website\"},\"datePublished\":\"2022-03-02T08:33:17+00:00\",\"dateModified\":\"2022-03-02T17:03:48+00:00\",\"breadcrumb\":{\"@id\":\"https:\/\/www.euchems.eu\/newsletters\/chemistry-in-europe-2022-1\/chemistry-talks\/#breadcrumb\"},\"inLanguage\":\"en-US\",\"potentialAction\":[{\"@type\":\"ReadAction\",\"target\":[\"https:\/\/www.euchems.eu\/newsletters\/chemistry-in-europe-2022-1\/chemistry-talks\/\"]}]},{\"@type\":\"BreadcrumbList\",\"@id\":\"https:\/\/www.euchems.eu\/newsletters\/chemistry-in-europe-2022-1\/chemistry-talks\/#breadcrumb\",\"itemListElement\":[{\"@type\":\"ListItem\",\"position\":1,\"name\":\"Home\",\"item\":\"https:\/\/www.euchems.eu\/newsletters\/\"},{\"@type\":\"ListItem\",\"position\":2,\"name\":\"Chemistry in Europe \u2022 2022-1\",\"item\":\"https:\/\/www.euchems.eu\/newsletters\/chemistry-in-europe-2022-1\/\"},{\"@type\":\"ListItem\",\"position\":3,\"name\":\"Chemistry Talks\"}]},{\"@type\":\"WebSite\",\"@id\":\"https:\/\/www.euchems.eu\/newsletters\/#website\",\"url\":\"https:\/\/www.euchems.eu\/newsletters\/\",\"name\":\"EuChemS Newsletters\",\"description\":\"\",\"potentialAction\":[{\"@type\":\"SearchAction\",\"target\":{\"@type\":\"EntryPoint\",\"urlTemplate\":\"https:\/\/www.euchems.eu\/newsletters\/?s={search_term_string}\"},\"query-input\":\"required name=search_term_string\"}],\"inLanguage\":\"en-US\"}]}<\/script>\n<!-- \/ Yoast SEO plugin. -->","yoast_head_json":{"title":"Chemistry Talks - EuChemS Newsletters","robots":{"index":"index","follow":"follow","max-snippet":"max-snippet:-1","max-image-preview":"max-image-preview:large","max-video-preview":"max-video-preview:-1"},"canonical":"https:\/\/www.euchems.eu\/newsletters\/chemistry-in-europe-2022-1\/chemistry-talks\/","og_locale":"en_US","og_type":"article","og_title":"Chemistry Talks - EuChemS Newsletters","og_description":"[vc_row css=&#8221;.vc_custom_1462799152464{margin-top: 0px !important;margin-right: 0px !important;margin-bottom: 40px !important;margin-left: 0px !important;border-top-width: 0px !important;border-right-width: 0px !important;border-bottom-width: 6px !important;border-left-width: 0px !important;padding-top: 0px !important;padding-right: &hellip;","og_url":"https:\/\/www.euchems.eu\/newsletters\/chemistry-in-europe-2022-1\/chemistry-talks\/","og_site_name":"EuChemS Newsletters","article_modified_time":"2022-03-02T17:03:48+00:00","og_image":[{"url":"http:\/\/www.euchems.eu\/newsletters\/wp-content\/uploads\/2016\/03\/210813-Column-300x202.jpg"}],"twitter_card":"summary_large_image","twitter_misc":{"Est. reading time":"4 minutes"},"schema":{"@context":"https:\/\/schema.org","@graph":[{"@type":"WebPage","@id":"https:\/\/www.euchems.eu\/newsletters\/chemistry-in-europe-2022-1\/chemistry-talks\/","url":"https:\/\/www.euchems.eu\/newsletters\/chemistry-in-europe-2022-1\/chemistry-talks\/","name":"Chemistry Talks - EuChemS Newsletters","isPartOf":{"@id":"https:\/\/www.euchems.eu\/newsletters\/#website"},"datePublished":"2022-03-02T08:33:17+00:00","dateModified":"2022-03-02T17:03:48+00:00","breadcrumb":{"@id":"https:\/\/www.euchems.eu\/newsletters\/chemistry-in-europe-2022-1\/chemistry-talks\/#breadcrumb"},"inLanguage":"en-US","potentialAction":[{"@type":"ReadAction","target":["https:\/\/www.euchems.eu\/newsletters\/chemistry-in-europe-2022-1\/chemistry-talks\/"]}]},{"@type":"BreadcrumbList","@id":"https:\/\/www.euchems.eu\/newsletters\/chemistry-in-europe-2022-1\/chemistry-talks\/#breadcrumb","itemListElement":[{"@type":"ListItem","position":1,"name":"Home","item":"https:\/\/www.euchems.eu\/newsletters\/"},{"@type":"ListItem","position":2,"name":"Chemistry in Europe \u2022 2022-1","item":"https:\/\/www.euchems.eu\/newsletters\/chemistry-in-europe-2022-1\/"},{"@type":"ListItem","position":3,"name":"Chemistry Talks"}]},{"@type":"WebSite","@id":"https:\/\/www.euchems.eu\/newsletters\/#website","url":"https:\/\/www.euchems.eu\/newsletters\/","name":"EuChemS Newsletters","description":"","potentialAction":[{"@type":"SearchAction","target":{"@type":"EntryPoint","urlTemplate":"https:\/\/www.euchems.eu\/newsletters\/?s={search_term_string}"},"query-input":"required name=search_term_string"}],"inLanguage":"en-US"}]}},"jetpack_shortlink":"https:\/\/wp.me\/P7iPLy-3wV","jetpack_sharing_enabled":true,"_links":{"self":[{"href":"https:\/\/www.euchems.eu\/newsletters\/wp-json\/wp\/v2\/pages\/13573"}],"collection":[{"href":"https:\/\/www.euchems.eu\/newsletters\/wp-json\/wp\/v2\/pages"}],"about":[{"href":"https:\/\/www.euchems.eu\/newsletters\/wp-json\/wp\/v2\/types\/page"}],"author":[{"embeddable":true,"href":"https:\/\/www.euchems.eu\/newsletters\/wp-json\/wp\/v2\/users\/1"}],"replies":[{"embeddable":true,"href":"https:\/\/www.euchems.eu\/newsletters\/wp-json\/wp\/v2\/comments?post=13573"}],"version-history":[{"count":9,"href":"https:\/\/www.euchems.eu\/newsletters\/wp-json\/wp\/v2\/pages\/13573\/revisions"}],"predecessor-version":[{"id":13714,"href":"https:\/\/www.euchems.eu\/newsletters\/wp-json\/wp\/v2\/pages\/13573\/revisions\/13714"}],"up":[{"embeddable":true,"href":"https:\/\/www.euchems.eu\/newsletters\/wp-json\/wp\/v2\/pages\/13557"}],"wp:attachment":[{"href":"https:\/\/www.euchems.eu\/newsletters\/wp-json\/wp\/v2\/media?parent=13573"}],"curies":[{"name":"wp","href":"https:\/\/api.w.org\/{rel}","templated":true}]}}