{"id":12187,"date":"2021-12-02T11:47:40","date_gmt":"2021-12-02T10:47:40","guid":{"rendered":"https:\/\/www.euchems.eu\/newsletters\/?page_id=12187"},"modified":"2021-12-03T11:39:40","modified_gmt":"2021-12-03T10:39:40","slug":"members-perspectives","status":"publish","type":"page","link":"https:\/\/www.euchems.eu\/newsletters\/chemistry-in-europe-2021-4\/members-perspectives\/","title":{"rendered":"Members\u00b4 Perspectives"},"content":{"rendered":"<p>[vc_row css=&#8221;.vc_custom_1462799152464{margin-top: 0px !important;margin-right: 0px !important;margin-bottom: 40px !important;margin-left: 0px !important;border-top-width: 0px !important;border-right-width: 0px !important;border-bottom-width: 6px !important;border-left-width: 0px !important;padding-top: 0px !important;padding-right: 0px !important;padding-bottom: 10px !important;padding-left: 0px !important;border-left-color: #003399 !important;border-left-style: solid !important;border-right-color: #003399 !important;border-right-style: solid !important;border-top-color: #003399 !important;border-top-style: solid !important;border-bottom-color: #003399 !important;border-bottom-style: solid !important;}&#8221;][vc_column el_class=&#8221;kw-menu-topics&#8221; css=&#8221;.vc_custom_1462791631311{margin-top: 0px !important;margin-right: 0px !important;margin-bottom: 0px !important;margin-left: 0px !important;}&#8221;][vc_column_text]<\/p>\n<ul>\n<li><a href=\"http:\/\/www.euchems.eu\/newsletters\/chemistry-in-europe-2021-4\/\">2021-4<\/a><\/li>\n<li><a href=\"https:\/\/www.euchems.eu\/newsletters\/chemistry-in-europe-2021-4\/policy\/\">Policy<\/a><\/li>\n<li><a href=\"https:\/\/www.euchems.eu\/newsletters\/chemistry-in-europe-2021-4\/research\/\">Research<\/a><\/li>\n<li class=\"topic-current\"><a href=\"https:\/\/www.euchems.eu\/newsletters\/chemistry-in-europe-2021-4\/members-perspectives\/\">Members\u00b4 Perspectives<\/a><\/li>\n<li><a href=\"https:\/\/www.euchems.eu\/newsletters\/chemistry-in-europe-2021-4\/meet\/\">Meet&#8230;<\/a><\/li>\n<li><a href=\"https:\/\/www.euchems.eu\/newsletters\/chemistry-in-europe-2021-4\/networks\/\">Networks<\/a><\/li>\n<li><a href=\"https:\/\/www.euchems.eu\/newsletters\/chemistry-in-europe-2021-4\/chemistry-talks\/\">Chemistry Talks<\/a><\/li>\n<li><a href=\"https:\/\/www.euchems.eu\/newsletters\/chemistry-in-europe-2021-4\/calendar\/\">Calendar<\/a><\/li>\n<li><a href=\"https:\/\/www.euchems.eu\/newsletters\/chemistry-in-europe-2021-4\/colophon\/\">Colophon<\/a><\/li>\n<\/ul>\n<p>[\/vc_column_text][\/vc_column][\/vc_row][vc_row][vc_column][mnky_heading title=&#8221;Members Perspectives&#8221; color=&#8221;#457ae6&#8243; line_color=&#8221;#e2e2e2&#8243; line_part_color=&#8221;#457ae6&#8243;][\/vc_column][\/vc_row][vc_row css=&#8221;.vc_custom_1462798912371{margin-bottom: 40px !important;}&#8221;][vc_column][vc_column_text]<\/p>\n<h1><span style=\"color: #333399;\"><b>2021 brief news from the Hungarian Chemical Society<br \/>\n<\/b><\/span><\/h1>\n<p style=\"text-align: justify;\">Joining this year&#8217;s call of the IUPAC Global Women&#8217;s Breakfast on 9 February 2021, the Hungarian Chemical Society (HCS) organised an online lecture session entitled &#8220;<i>Digital vs Traditional Education<\/i>&#8220;. After the opening held by Livia Sarkadi (President of HCS), the speakers summarized the major lessons of digital education, mainly in the field of chemistry, during the COVID lockdown. \u00c9va Mag\u00f3cs (Director of Ferenc R\u00e1k\u00f3czi Grammar School, Budapest) told that they were not unprepared for the fact that education had moved to a virtual environment in March 2020, as their school with full internet access has long used the online platform as a communication interface and all their teachers and students already had some experience with digital teaching and learning. As the main benefits, she mentioned the methodological development, the versatility and diversity of learning, the improvement of teacher-student cooperation, and even the visualisation of dangerous chemical experiments in the form of videos. However, there were difficulties in drawing reaction equations, chemical structures and isomers, and also involving some students in class work. Edit Sz\u00e9kely (Deputy Dean of Education, Faculty of Chemical Technology and Biotechnology, Budapest University of Technology and Economics) highlighted that they did not use any digital methodologies in higher education earlier, so they were unexpectedly affected by the transition they had to prepare for during the 1-week early spring break. The main problem was that not all subjects had teaching materials suitable for online education, and this meant for professors a significant increase in the time spent on preparation for lectures. Laboratory exercises that required manual skills, as well as research works were the main losers of online education. Assessing students&#8217; knowledge and ensuring independent work was also a challenge. From a teacher\u2019s perspective, the issue of \u201ctalking to the monitor\u201d, the lack of student feedback, impersonality, and isolation were also very characteristic, although the benefits of digital teaching will continue to be exploited in the future.<\/p>\n<p style=\"text-align: justify;\">In addition to education, the pandemic unfortunately also affected HCS&#8217;s personnel. Due to the tragic death of Istv\u00e1n P\u00e1link\u00f3, the new Secretary General of HCS, L\u00e1szl\u00f3 Tam\u00e1s Mika (Head of Department of Chemical and Environmental Process Engineering, FCTB BUTE) was elected at the beginning of September.<i><\/i><\/p>\n<p style=\"text-align: right;\"><i><span data-contrast=\"auto\">\u00c9va Frank<br \/>\n<\/span><\/i><i><span data-contrast=\"auto\"> Correspondent f<\/span><\/i><i><span data-contrast=\"auto\">rom the Hungarian Chemical Society<\/span><\/i><\/p>\n<p style=\"text-align: right;\"><i><span data-contrast=\"auto\">\u00a0<\/span><\/i><\/p>\n<p>[\/vc_column_text][\/vc_column][\/vc_row][vc_row][vc_column][vc_empty_space][\/vc_column][\/vc_row][vc_row][vc_column][\/vc_column][\/vc_row]<\/p>\n","protected":false},"excerpt":{"rendered":"<p>[vc_row css=&#8221;.vc_custom_1462799152464{margin-top: 0px !important;margin-right: 0px !important;margin-bottom: 40px !important;margin-left: 0px !important;border-top-width: 0px !important;border-right-width: 0px !important;border-bottom-width: 6px !important;border-left-width: 0px !important;padding-top: 0px !important;padding-right: &hellip; <\/p>\n","protected":false},"author":1,"featured_media":0,"parent":12184,"menu_order":0,"comment_status":"closed","ping_status":"closed","template":"","meta":{"jetpack_post_was_ever_published":false},"yoast_head":"<!-- This site is optimized with the Yoast SEO plugin v20.6 - https:\/\/yoast.com\/wordpress\/plugins\/seo\/ -->\n<title>Members\u00b4 Perspectives - EuChemS Newsletters<\/title>\n<meta name=\"robots\" content=\"index, follow, max-snippet:-1, max-image-preview:large, max-video-preview:-1\" \/>\n<link rel=\"canonical\" href=\"https:\/\/www.euchems.eu\/newsletters\/chemistry-in-europe-2021-4\/members-perspectives\/\" \/>\n<meta property=\"og:locale\" content=\"en_US\" \/>\n<meta property=\"og:type\" content=\"article\" \/>\n<meta property=\"og:title\" content=\"Members\u00b4 Perspectives - EuChemS Newsletters\" \/>\n<meta property=\"og:description\" content=\"[vc_row css=&#8221;.vc_custom_1462799152464{margin-top: 0px !important;margin-right: 0px !important;margin-bottom: 40px !important;margin-left: 0px !important;border-top-width: 0px !important;border-right-width: 0px !important;border-bottom-width: 6px !important;border-left-width: 0px !important;padding-top: 0px !important;padding-right: &hellip;\" \/>\n<meta property=\"og:url\" content=\"https:\/\/www.euchems.eu\/newsletters\/chemistry-in-europe-2021-4\/members-perspectives\/\" \/>\n<meta property=\"og:site_name\" content=\"EuChemS Newsletters\" \/>\n<meta property=\"article:modified_time\" content=\"2021-12-03T10:39:40+00:00\" \/>\n<meta name=\"twitter:card\" content=\"summary_large_image\" \/>\n<meta name=\"twitter:label1\" content=\"Est. reading time\" \/>\n\t<meta name=\"twitter:data1\" content=\"4 minutes\" \/>\n<script type=\"application\/ld+json\" class=\"yoast-schema-graph\">{\"@context\":\"https:\/\/schema.org\",\"@graph\":[{\"@type\":\"WebPage\",\"@id\":\"https:\/\/www.euchems.eu\/newsletters\/chemistry-in-europe-2021-4\/members-perspectives\/\",\"url\":\"https:\/\/www.euchems.eu\/newsletters\/chemistry-in-europe-2021-4\/members-perspectives\/\",\"name\":\"Members\u00b4 Perspectives - EuChemS Newsletters\",\"isPartOf\":{\"@id\":\"https:\/\/www.euchems.eu\/newsletters\/#website\"},\"datePublished\":\"2021-12-02T10:47:40+00:00\",\"dateModified\":\"2021-12-03T10:39:40+00:00\",\"breadcrumb\":{\"@id\":\"https:\/\/www.euchems.eu\/newsletters\/chemistry-in-europe-2021-4\/members-perspectives\/#breadcrumb\"},\"inLanguage\":\"en-US\",\"potentialAction\":[{\"@type\":\"ReadAction\",\"target\":[\"https:\/\/www.euchems.eu\/newsletters\/chemistry-in-europe-2021-4\/members-perspectives\/\"]}]},{\"@type\":\"BreadcrumbList\",\"@id\":\"https:\/\/www.euchems.eu\/newsletters\/chemistry-in-europe-2021-4\/members-perspectives\/#breadcrumb\",\"itemListElement\":[{\"@type\":\"ListItem\",\"position\":1,\"name\":\"Home\",\"item\":\"https:\/\/www.euchems.eu\/newsletters\/\"},{\"@type\":\"ListItem\",\"position\":2,\"name\":\"Chemistry in Europe \u2022 2021-4\",\"item\":\"https:\/\/www.euchems.eu\/newsletters\/chemistry-in-europe-2021-4\/\"},{\"@type\":\"ListItem\",\"position\":3,\"name\":\"Members\u00b4 Perspectives\"}]},{\"@type\":\"WebSite\",\"@id\":\"https:\/\/www.euchems.eu\/newsletters\/#website\",\"url\":\"https:\/\/www.euchems.eu\/newsletters\/\",\"name\":\"EuChemS Newsletters\",\"description\":\"\",\"potentialAction\":[{\"@type\":\"SearchAction\",\"target\":{\"@type\":\"EntryPoint\",\"urlTemplate\":\"https:\/\/www.euchems.eu\/newsletters\/?s={search_term_string}\"},\"query-input\":\"required name=search_term_string\"}],\"inLanguage\":\"en-US\"}]}<\/script>\n<!-- \/ Yoast SEO plugin. -->","yoast_head_json":{"title":"Members\u00b4 Perspectives - EuChemS Newsletters","robots":{"index":"index","follow":"follow","max-snippet":"max-snippet:-1","max-image-preview":"max-image-preview:large","max-video-preview":"max-video-preview:-1"},"canonical":"https:\/\/www.euchems.eu\/newsletters\/chemistry-in-europe-2021-4\/members-perspectives\/","og_locale":"en_US","og_type":"article","og_title":"Members\u00b4 Perspectives - EuChemS Newsletters","og_description":"[vc_row css=&#8221;.vc_custom_1462799152464{margin-top: 0px !important;margin-right: 0px !important;margin-bottom: 40px !important;margin-left: 0px !important;border-top-width: 0px !important;border-right-width: 0px !important;border-bottom-width: 6px !important;border-left-width: 0px !important;padding-top: 0px !important;padding-right: &hellip;","og_url":"https:\/\/www.euchems.eu\/newsletters\/chemistry-in-europe-2021-4\/members-perspectives\/","og_site_name":"EuChemS Newsletters","article_modified_time":"2021-12-03T10:39:40+00:00","twitter_card":"summary_large_image","twitter_misc":{"Est. reading time":"4 minutes"},"schema":{"@context":"https:\/\/schema.org","@graph":[{"@type":"WebPage","@id":"https:\/\/www.euchems.eu\/newsletters\/chemistry-in-europe-2021-4\/members-perspectives\/","url":"https:\/\/www.euchems.eu\/newsletters\/chemistry-in-europe-2021-4\/members-perspectives\/","name":"Members\u00b4 Perspectives - EuChemS Newsletters","isPartOf":{"@id":"https:\/\/www.euchems.eu\/newsletters\/#website"},"datePublished":"2021-12-02T10:47:40+00:00","dateModified":"2021-12-03T10:39:40+00:00","breadcrumb":{"@id":"https:\/\/www.euchems.eu\/newsletters\/chemistry-in-europe-2021-4\/members-perspectives\/#breadcrumb"},"inLanguage":"en-US","potentialAction":[{"@type":"ReadAction","target":["https:\/\/www.euchems.eu\/newsletters\/chemistry-in-europe-2021-4\/members-perspectives\/"]}]},{"@type":"BreadcrumbList","@id":"https:\/\/www.euchems.eu\/newsletters\/chemistry-in-europe-2021-4\/members-perspectives\/#breadcrumb","itemListElement":[{"@type":"ListItem","position":1,"name":"Home","item":"https:\/\/www.euchems.eu\/newsletters\/"},{"@type":"ListItem","position":2,"name":"Chemistry in Europe \u2022 2021-4","item":"https:\/\/www.euchems.eu\/newsletters\/chemistry-in-europe-2021-4\/"},{"@type":"ListItem","position":3,"name":"Members\u00b4 Perspectives"}]},{"@type":"WebSite","@id":"https:\/\/www.euchems.eu\/newsletters\/#website","url":"https:\/\/www.euchems.eu\/newsletters\/","name":"EuChemS Newsletters","description":"","potentialAction":[{"@type":"SearchAction","target":{"@type":"EntryPoint","urlTemplate":"https:\/\/www.euchems.eu\/newsletters\/?s={search_term_string}"},"query-input":"required name=search_term_string"}],"inLanguage":"en-US"}]}},"jetpack_shortlink":"https:\/\/wp.me\/P7iPLy-3az","jetpack_sharing_enabled":true,"_links":{"self":[{"href":"https:\/\/www.euchems.eu\/newsletters\/wp-json\/wp\/v2\/pages\/12187"}],"collection":[{"href":"https:\/\/www.euchems.eu\/newsletters\/wp-json\/wp\/v2\/pages"}],"about":[{"href":"https:\/\/www.euchems.eu\/newsletters\/wp-json\/wp\/v2\/types\/page"}],"author":[{"embeddable":true,"href":"https:\/\/www.euchems.eu\/newsletters\/wp-json\/wp\/v2\/users\/1"}],"replies":[{"embeddable":true,"href":"https:\/\/www.euchems.eu\/newsletters\/wp-json\/wp\/v2\/comments?post=12187"}],"version-history":[{"count":12,"href":"https:\/\/www.euchems.eu\/newsletters\/wp-json\/wp\/v2\/pages\/12187\/revisions"}],"predecessor-version":[{"id":12341,"href":"https:\/\/www.euchems.eu\/newsletters\/wp-json\/wp\/v2\/pages\/12187\/revisions\/12341"}],"up":[{"embeddable":true,"href":"https:\/\/www.euchems.eu\/newsletters\/wp-json\/wp\/v2\/pages\/12184"}],"wp:attachment":[{"href":"https:\/\/www.euchems.eu\/newsletters\/wp-json\/wp\/v2\/media?parent=12187"}],"curies":[{"name":"wp","href":"https:\/\/api.w.org\/{rel}","templated":true}]}}